{"id":9596,"date":"2024-05-27T17:28:21","date_gmt":"2024-05-27T15:28:21","guid":{"rendered":"https:\/\/circularsecondhand.org\/abrigo-acolchado-burberry\/"},"modified":"2024-05-27T17:31:48","modified_gmt":"2024-05-27T15:31:48","slug":"abrigo-acolchado-burberry","status":"publish","type":"product","link":"https:\/\/www.circularsecondhand.org\/es\/abrigo-acolchado-burberry\/","title":{"rendered":"Abrigo acolchado Burberry"},"content":{"rendered":"","protected":false},"excerpt":{"rendered":"<p>Esta elegante chaqueta crema de Burberry es el complemento perfecto para cualquier outfit. Con un dise\u00f1o cl\u00e1sico y atemporal, este abrigo acolchado es ideal para lucir con estilo en cualquier ocasi\u00f3n. Atr\u00e9vete a destacar con esta prenda de alta calidad que sin duda te har\u00e1 lucir sofisticado ya la moda.<\/p>\n","protected":false},"featured_media":9403,"comment_status":"closed","ping_status":"open","template":"","meta":{"_kad_blocks_custom_css":"","_kad_blocks_head_custom_js":"","_kad_blocks_body_custom_js":"","_kad_blocks_footer_custom_js":"","_kad_post_transparent":"","_kad_post_title":"","_kad_post_layout":"","_kad_post_sidebar_id":"","_kad_post_content_style":"","_kad_post_vertical_padding":"","_kad_post_feature":"","_kad_post_feature_position":"","_kad_post_header":false,"_kad_post_footer":false,"_kad_post_classname":""},"product_brand":[],"product_cat":[381],"product_tag":[129,584],"product_brands":[434],"class_list":{"0":"post-9596","1":"product","2":"type-product","3":"status-publish","4":"has-post-thumbnail","6":"product_cat-abrigos-tallaje-femenino","7":"product_tag-basicos","8":"product_tag-otono-invierno","9":"product_brands-burberry-es","11":"first","12":"outofstock","13":"sold-individually","14":"taxable","15":"shipping-taxable","16":"purchasable","17":"product-type-simple","18":"entry","19":"content-bg","20":"loop-entry"},"taxonomy_info":{"product_cat":[{"value":381,"label":"Abrigos"}],"product_tag":[{"value":129,"label":"B\u00e1sicos"},{"value":584,"label":"Oto\u00f1o\/Invierno"}],"product_brands":[{"value":434,"label":"Burberry"}]},"featured_image_src_large":["https:\/\/www.circularsecondhand.org\/wp-content\/uploads\/2024\/05\/531-768x1024.jpg",768,1024,true],"author_info":[],"comment_info":0,"_links":{"self":[{"href":"https:\/\/www.circularsecondhand.org\/es\/wp-json\/wp\/v2\/product\/9596","targetHints":{"allow":["GET"]}}],"collection":[{"href":"https:\/\/www.circularsecondhand.org\/es\/wp-json\/wp\/v2\/product"}],"about":[{"href":"https:\/\/www.circularsecondhand.org\/es\/wp-json\/wp\/v2\/types\/product"}],"replies":[{"embeddable":true,"href":"https:\/\/www.circularsecondhand.org\/es\/wp-json\/wp\/v2\/comments?post=9596"}],"wp:featuredmedia":[{"embeddable":true,"href":"https:\/\/www.circularsecondhand.org\/es\/wp-json\/wp\/v2\/media\/9403"}],"wp:attachment":[{"href":"https:\/\/www.circularsecondhand.org\/es\/wp-json\/wp\/v2\/media?parent=9596"}],"wp:term":[{"taxonomy":"product_brand","embeddable":true,"href":"https:\/\/www.circularsecondhand.org\/es\/wp-json\/wp\/v2\/product_brand?post=9596"},{"taxonomy":"product_cat","embeddable":true,"href":"https:\/\/www.circularsecondhand.org\/es\/wp-json\/wp\/v2\/product_cat?post=9596"},{"taxonomy":"product_tag","embeddable":true,"href":"https:\/\/www.circularsecondhand.org\/es\/wp-json\/wp\/v2\/product_tag?post=9596"},{"taxonomy":"product_brands","embeddable":true,"href":"https:\/\/www.circularsecondhand.org\/es\/wp-json\/wp\/v2\/product_brands?post=9596"}],"curies":[{"name":"wp","href":"https:\/\/api.w.org\/{rel}","templated":true}]}}