{"id":9579,"date":"2025-06-02T17:29:04","date_gmt":"2025-06-02T15:29:04","guid":{"rendered":"https:\/\/circularsecondhand.org\/camisa-geometrica-kzr\/"},"modified":"2024-12-12T10:03:27","modified_gmt":"2024-12-12T09:03:27","slug":"camisa-geometrica-kzr","status":"publish","type":"product","link":"https:\/\/www.circularsecondhand.org\/es\/camisa-geometrica-kzr\/","title":{"rendered":"Camisa geom\u00e9trica KZR"},"content":{"rendered":"","protected":false},"excerpt":{"rendered":"<p>\u00a1Destaca con estilo con nuestra camisa geom\u00e9trica KZR! Esta pieza \u00fanica presenta una combinaci\u00f3n de formas geom\u00e9tricas que te har\u00e1n lucir moderno y sofisticado. Confeccionada con materiales de alta calidad, esta camisa es c\u00f3moda y duradera, perfecta para cualquier ocasi\u00f3n. Ya sea que lo uses para una reuni\u00f3n de negocios o para una salida casual, esta camisa seguramente llamar\u00e1 la atenci\u00f3n y te har\u00e1 destacar entre la multitud. \u00a1Atr\u00e9vete a lucir a la moda con nuestra camisa geom\u00e9trica KZR!<\/p>\n","protected":false},"featured_media":15291,"comment_status":"closed","ping_status":"closed","template":"","meta":{"_kad_blocks_custom_css":"","_kad_blocks_head_custom_js":"","_kad_blocks_body_custom_js":"","_kad_blocks_footer_custom_js":"","_kad_post_transparent":"","_kad_post_title":"","_kad_post_layout":"","_kad_post_sidebar_id":"","_kad_post_content_style":"","_kad_post_vertical_padding":"","_kad_post_feature":"","_kad_post_feature_position":"","_kad_post_header":false,"_kad_post_footer":false,"_kad_post_classname":""},"product_brand":[],"product_cat":[378],"product_tag":[582,130],"product_brands":[752],"class_list":{"0":"post-9579","1":"product","2":"type-product","3":"status-publish","4":"has-post-thumbnail","6":"product_cat-camisas-tallaje-masculino","7":"product_tag-primavera-verano","8":"product_tag-streetwear-es","9":"product_brands-kzr-es","11":"first","12":"instock","13":"sold-individually","14":"taxable","15":"shipping-taxable","16":"purchasable","17":"product-type-simple","18":"entry","19":"content-bg","20":"loop-entry"},"taxonomy_info":{"product_cat":[{"value":378,"label":"Camisas"}],"product_tag":[{"value":582,"label":"Primavera\/Verano"},{"value":130,"label":"Streetwear"}],"product_brands":[{"value":752,"label":"KZR"}]},"featured_image_src_large":["https:\/\/www.circularsecondhand.org\/wp-content\/uploads\/2024\/05\/542-1-768x1024.jpg",768,1024,true],"author_info":[],"comment_info":0,"_links":{"self":[{"href":"https:\/\/www.circularsecondhand.org\/es\/wp-json\/wp\/v2\/product\/9579","targetHints":{"allow":["GET"]}}],"collection":[{"href":"https:\/\/www.circularsecondhand.org\/es\/wp-json\/wp\/v2\/product"}],"about":[{"href":"https:\/\/www.circularsecondhand.org\/es\/wp-json\/wp\/v2\/types\/product"}],"replies":[{"embeddable":true,"href":"https:\/\/www.circularsecondhand.org\/es\/wp-json\/wp\/v2\/comments?post=9579"}],"wp:featuredmedia":[{"embeddable":true,"href":"https:\/\/www.circularsecondhand.org\/es\/wp-json\/wp\/v2\/media\/15291"}],"wp:attachment":[{"href":"https:\/\/www.circularsecondhand.org\/es\/wp-json\/wp\/v2\/media?parent=9579"}],"wp:term":[{"taxonomy":"product_brand","embeddable":true,"href":"https:\/\/www.circularsecondhand.org\/es\/wp-json\/wp\/v2\/product_brand?post=9579"},{"taxonomy":"product_cat","embeddable":true,"href":"https:\/\/www.circularsecondhand.org\/es\/wp-json\/wp\/v2\/product_cat?post=9579"},{"taxonomy":"product_tag","embeddable":true,"href":"https:\/\/www.circularsecondhand.org\/es\/wp-json\/wp\/v2\/product_tag?post=9579"},{"taxonomy":"product_brands","embeddable":true,"href":"https:\/\/www.circularsecondhand.org\/es\/wp-json\/wp\/v2\/product_brands?post=9579"}],"curies":[{"name":"wp","href":"https:\/\/api.w.org\/{rel}","templated":true}]}}