{"id":9576,"date":"2024-05-27T17:28:21","date_gmt":"2024-05-27T15:28:21","guid":{"rendered":"https:\/\/circularsecondhand.org\/polo-verde-claro-lacoste\/"},"modified":"2026-02-24T02:20:34","modified_gmt":"2026-02-24T01:20:34","slug":"polo-verde-claro-lacoste","status":"publish","type":"product","link":"https:\/\/www.circularsecondhand.org\/es\/polo-verde-claro-lacoste\/","title":{"rendered":"Polo verde claro Lacoste"},"content":{"rendered":"","protected":false},"excerpt":{"rendered":"<p>\u00a1Destaca con estilo con este polo verde claro de Lacoste! Perfecto para cualquier ocasi\u00f3n, este polo de alta calidad es una prenda imprescindible en tu armario. El color verde le da un toque fresco y moderno, mientras que su dise\u00f1o cl\u00e1sico le hace vers\u00e1til y f\u00e1cil de combinar. \u00a1Hazte con el tuyo hoy y marca la diferencia!<\/p>\n","protected":false},"featured_media":9328,"comment_status":"closed","ping_status":"open","template":"","meta":{"_kad_blocks_custom_css":"","_kad_blocks_head_custom_js":"","_kad_blocks_body_custom_js":"","_kad_blocks_footer_custom_js":"","_kad_post_transparent":"","_kad_post_title":"","_kad_post_layout":"","_kad_post_sidebar_id":"","_kad_post_content_style":"","_kad_post_vertical_padding":"","_kad_post_feature":"","_kad_post_feature_position":"","_kad_post_header":false,"_kad_post_footer":false,"_kad_post_classname":""},"product_brand":[],"product_cat":[361],"product_tag":[129,582],"product_brands":[489],"class_list":{"0":"post-9576","1":"product","2":"type-product","3":"status-publish","4":"has-post-thumbnail","6":"product_cat-camisetas-tallaje-masculino","7":"product_tag-basicos","8":"product_tag-primavera-verano","9":"product_brands-lacoste-es","11":"first","12":"outofstock","13":"sold-individually","14":"taxable","15":"shipping-taxable","16":"purchasable","17":"product-type-simple","18":"entry","19":"content-bg","20":"loop-entry"},"taxonomy_info":{"product_cat":[{"value":361,"label":"Camisetas"}],"product_tag":[{"value":129,"label":"B\u00e1sicos"},{"value":582,"label":"Primavera\/Verano"}],"product_brands":[{"value":489,"label":"Lacoste"}]},"featured_image_src_large":["https:\/\/www.circularsecondhand.org\/wp-content\/uploads\/2024\/05\/516-768x1024.jpg",768,1024,true],"author_info":[],"comment_info":0,"_links":{"self":[{"href":"https:\/\/www.circularsecondhand.org\/es\/wp-json\/wp\/v2\/product\/9576","targetHints":{"allow":["GET"]}}],"collection":[{"href":"https:\/\/www.circularsecondhand.org\/es\/wp-json\/wp\/v2\/product"}],"about":[{"href":"https:\/\/www.circularsecondhand.org\/es\/wp-json\/wp\/v2\/types\/product"}],"replies":[{"embeddable":true,"href":"https:\/\/www.circularsecondhand.org\/es\/wp-json\/wp\/v2\/comments?post=9576"}],"wp:featuredmedia":[{"embeddable":true,"href":"https:\/\/www.circularsecondhand.org\/es\/wp-json\/wp\/v2\/media\/9328"}],"wp:attachment":[{"href":"https:\/\/www.circularsecondhand.org\/es\/wp-json\/wp\/v2\/media?parent=9576"}],"wp:term":[{"taxonomy":"product_brand","embeddable":true,"href":"https:\/\/www.circularsecondhand.org\/es\/wp-json\/wp\/v2\/product_brand?post=9576"},{"taxonomy":"product_cat","embeddable":true,"href":"https:\/\/www.circularsecondhand.org\/es\/wp-json\/wp\/v2\/product_cat?post=9576"},{"taxonomy":"product_tag","embeddable":true,"href":"https:\/\/www.circularsecondhand.org\/es\/wp-json\/wp\/v2\/product_tag?post=9576"},{"taxonomy":"product_brands","embeddable":true,"href":"https:\/\/www.circularsecondhand.org\/es\/wp-json\/wp\/v2\/product_brands?post=9576"}],"curies":[{"name":"wp","href":"https:\/\/api.w.org\/{rel}","templated":true}]}}