{"id":9551,"date":"2024-05-27T17:29:45","date_gmt":"2024-05-27T15:29:45","guid":{"rendered":"https:\/\/circularsecondhand.org\/pantalon-de-pana-pedro-del-hierro\/"},"modified":"2025-02-20T10:36:28","modified_gmt":"2025-02-20T09:36:28","slug":"pantalon-de-pana-pedro-del-hierro","status":"publish","type":"product","link":"https:\/\/www.circularsecondhand.org\/es\/pantalon-de-pana-pedro-del-hierro\/","title":{"rendered":"Pantal\u00f3n de pana Pedro del Hierro"},"content":{"rendered":"","protected":false},"excerpt":{"rendered":"<p>\u00a1Descubre los elegantes pantalones de pana Pedro del Hierro! Estos pantalones marrones son la elecci\u00f3n perfecta para lucir sofisticado ya la moda. Confeccionados con la m\u00e1s alta calidad, este pantal\u00f3n te brindar\u00e1 comodidad y estilo durante todo el d\u00eda. Comb\u00ednalos con una camisa blanca o una chaqueta de cuero para un look impecable. \u00a1No pierdas la oportunidad de a\u00f1adir estos pantalones de pana a tu guardarropa!<\/p>\n","protected":false},"featured_media":13423,"comment_status":"closed","ping_status":"closed","template":"","meta":{"_kad_blocks_custom_css":"","_kad_blocks_head_custom_js":"","_kad_blocks_body_custom_js":"","_kad_blocks_footer_custom_js":"","_kad_post_transparent":"","_kad_post_title":"","_kad_post_layout":"","_kad_post_sidebar_id":"","_kad_post_content_style":"","_kad_post_vertical_padding":"","_kad_post_feature":"","_kad_post_feature_position":"","_kad_post_header":false,"_kad_post_footer":false,"_kad_post_classname":""},"product_brand":[],"product_cat":[588],"product_tag":[152,584],"product_brands":[521],"class_list":{"0":"post-9551","1":"product","2":"type-product","3":"status-publish","4":"has-post-thumbnail","6":"product_cat-pantalones-tallaje-femenino","7":"product_tag-minimalista-es","8":"product_tag-otono-invierno","9":"product_brands-pedro-del-hierro-es","11":"first","12":"instock","13":"sold-individually","14":"taxable","15":"shipping-taxable","16":"purchasable","17":"product-type-simple","18":"entry","19":"content-bg","20":"loop-entry"},"taxonomy_info":{"product_cat":[{"value":588,"label":"Pantalones"}],"product_tag":[{"value":152,"label":"Minimalista"},{"value":584,"label":"Oto\u00f1o\/Invierno"}],"product_brands":[{"value":521,"label":"Pedro del Hierro"}]},"featured_image_src_large":["https:\/\/www.circularsecondhand.org\/wp-content\/uploads\/2024\/05\/559-1-768x1024.jpg",768,1024,true],"author_info":[],"comment_info":0,"_links":{"self":[{"href":"https:\/\/www.circularsecondhand.org\/es\/wp-json\/wp\/v2\/product\/9551","targetHints":{"allow":["GET"]}}],"collection":[{"href":"https:\/\/www.circularsecondhand.org\/es\/wp-json\/wp\/v2\/product"}],"about":[{"href":"https:\/\/www.circularsecondhand.org\/es\/wp-json\/wp\/v2\/types\/product"}],"replies":[{"embeddable":true,"href":"https:\/\/www.circularsecondhand.org\/es\/wp-json\/wp\/v2\/comments?post=9551"}],"wp:featuredmedia":[{"embeddable":true,"href":"https:\/\/www.circularsecondhand.org\/es\/wp-json\/wp\/v2\/media\/13423"}],"wp:attachment":[{"href":"https:\/\/www.circularsecondhand.org\/es\/wp-json\/wp\/v2\/media?parent=9551"}],"wp:term":[{"taxonomy":"product_brand","embeddable":true,"href":"https:\/\/www.circularsecondhand.org\/es\/wp-json\/wp\/v2\/product_brand?post=9551"},{"taxonomy":"product_cat","embeddable":true,"href":"https:\/\/www.circularsecondhand.org\/es\/wp-json\/wp\/v2\/product_cat?post=9551"},{"taxonomy":"product_tag","embeddable":true,"href":"https:\/\/www.circularsecondhand.org\/es\/wp-json\/wp\/v2\/product_tag?post=9551"},{"taxonomy":"product_brands","embeddable":true,"href":"https:\/\/www.circularsecondhand.org\/es\/wp-json\/wp\/v2\/product_brands?post=9551"}],"curies":[{"name":"wp","href":"https:\/\/api.w.org\/{rel}","templated":true}]}}