{"id":9301,"date":"2024-05-13T12:16:35","date_gmt":"2024-05-13T10:16:35","guid":{"rendered":"https:\/\/circularsecondhand.org\/polo-de-rayas-gold-men\/"},"modified":"2026-03-03T21:43:04","modified_gmt":"2026-03-03T20:43:04","slug":"polo-de-rayas-gold-men","status":"publish","type":"product","link":"https:\/\/www.circularsecondhand.org\/es\/polo-de-rayas-gold-men\/","title":{"rendered":"Polo de rayas Gold Men"},"content":{"rendered":"","protected":false},"excerpt":{"rendered":"<p>Descubre nuestro elegante polo de rayas Gold Men, perfecto para lucir un estilo fresco y moderno. Con su dise\u00f1o en tonos azules y verdes, este polo de alta calidad es ideal para cualquier ocasi\u00f3n, sea casual o m\u00e1s formal. \u00a1Hazte con el tuyo y destaca con este look \u00fanico!<\/p>\n","protected":false},"featured_media":9182,"comment_status":"closed","ping_status":"open","template":"","meta":{"_kad_blocks_custom_css":"","_kad_blocks_head_custom_js":"","_kad_blocks_body_custom_js":"","_kad_blocks_footer_custom_js":"","_kad_post_transparent":"","_kad_post_title":"","_kad_post_layout":"","_kad_post_sidebar_id":"","_kad_post_content_style":"","_kad_post_vertical_padding":"","_kad_post_feature":"","_kad_post_feature_position":"","_kad_post_header":false,"_kad_post_footer":false,"_kad_post_classname":""},"product_brand":[],"product_cat":[361],"product_tag":[582,130],"product_brands":[471],"class_list":{"0":"post-9301","1":"product","2":"type-product","3":"status-publish","4":"has-post-thumbnail","6":"product_cat-camisetas-tallaje-masculino","7":"product_tag-primavera-verano","8":"product_tag-streetwear-es","9":"product_brands-gold-men-es","11":"first","12":"outofstock","13":"sold-individually","14":"taxable","15":"shipping-taxable","16":"purchasable","17":"product-type-simple","18":"entry","19":"content-bg","20":"loop-entry"},"taxonomy_info":{"product_cat":[{"value":361,"label":"Camisetas"}],"product_tag":[{"value":582,"label":"Primavera\/Verano"},{"value":130,"label":"Streetwear"}],"product_brands":[{"value":471,"label":"Gold Men"}]},"featured_image_src_large":["https:\/\/www.circularsecondhand.org\/wp-content\/uploads\/2024\/05\/495-768x1024.jpg",768,1024,true],"author_info":[],"comment_info":0,"_links":{"self":[{"href":"https:\/\/www.circularsecondhand.org\/es\/wp-json\/wp\/v2\/product\/9301","targetHints":{"allow":["GET"]}}],"collection":[{"href":"https:\/\/www.circularsecondhand.org\/es\/wp-json\/wp\/v2\/product"}],"about":[{"href":"https:\/\/www.circularsecondhand.org\/es\/wp-json\/wp\/v2\/types\/product"}],"replies":[{"embeddable":true,"href":"https:\/\/www.circularsecondhand.org\/es\/wp-json\/wp\/v2\/comments?post=9301"}],"wp:featuredmedia":[{"embeddable":true,"href":"https:\/\/www.circularsecondhand.org\/es\/wp-json\/wp\/v2\/media\/9182"}],"wp:attachment":[{"href":"https:\/\/www.circularsecondhand.org\/es\/wp-json\/wp\/v2\/media?parent=9301"}],"wp:term":[{"taxonomy":"product_brand","embeddable":true,"href":"https:\/\/www.circularsecondhand.org\/es\/wp-json\/wp\/v2\/product_brand?post=9301"},{"taxonomy":"product_cat","embeddable":true,"href":"https:\/\/www.circularsecondhand.org\/es\/wp-json\/wp\/v2\/product_cat?post=9301"},{"taxonomy":"product_tag","embeddable":true,"href":"https:\/\/www.circularsecondhand.org\/es\/wp-json\/wp\/v2\/product_tag?post=9301"},{"taxonomy":"product_brands","embeddable":true,"href":"https:\/\/www.circularsecondhand.org\/es\/wp-json\/wp\/v2\/product_brands?post=9301"}],"curies":[{"name":"wp","href":"https:\/\/api.w.org\/{rel}","templated":true}]}}