{"id":8954,"date":"2024-05-07T12:50:21","date_gmt":"2024-05-07T10:50:21","guid":{"rendered":"https:\/\/circularsecondhand.org\/vestido-largo-bicolor\/"},"modified":"2024-12-11T16:53:29","modified_gmt":"2024-12-11T15:53:29","slug":"vestido-largo-bicolor","status":"publish","type":"product","link":"https:\/\/www.circularsecondhand.org\/es\/vestido-largo-bicolor\/","title":{"rendered":"Vestido largo bicolor"},"content":{"rendered":"","protected":false},"excerpt":{"rendered":"<p>Esta prenda pertenece a la colecci\u00f3n de ropa exclusiva de Circular Upcycling, una c\u00e1psula de ropa redise\u00f1ada gracias a la recuperaci\u00f3n de residuos textiles postconsumo para hacer tu compra mucho m\u00e1s sostenible. Estas piezas son \u00fanicas y est\u00e1n dise\u00f1adas y confeccionadas en el taller de Solidan\u00e7a, creando un puesto de trabajo de inserci\u00f3n. Viste a la moda y \u00fanete a la revoluci\u00f3n del upcycling!<\/p>\n","protected":false},"featured_media":8836,"comment_status":"closed","ping_status":"closed","template":"","meta":{"_kad_blocks_custom_css":"","_kad_blocks_head_custom_js":"","_kad_blocks_body_custom_js":"","_kad_blocks_footer_custom_js":"","_kad_post_transparent":"","_kad_post_title":"","_kad_post_layout":"","_kad_post_sidebar_id":"","_kad_post_content_style":"","_kad_post_vertical_padding":"","_kad_post_feature":"","_kad_post_feature_position":"","_kad_post_header":false,"_kad_post_footer":false,"_kad_post_classname":""},"product_brand":[],"product_cat":[680],"product_tag":[582],"product_brands":[704],"class_list":{"0":"post-8954","1":"product","2":"type-product","3":"status-publish","4":"has-post-thumbnail","6":"product_cat-ropa-upcycling","7":"product_tag-primavera-verano","8":"product_brands-circular-upcycling-es","10":"first","11":"instock","12":"sold-individually","13":"taxable","14":"shipping-taxable","15":"purchasable","16":"product-type-simple","17":"entry","18":"content-bg","19":"loop-entry"},"taxonomy_info":{"product_cat":[{"value":680,"label":"Upcycling"}],"product_tag":[{"value":582,"label":"Primavera\/Verano"}],"product_brands":[{"value":704,"label":"Circular Upcycling"}]},"featured_image_src_large":["https:\/\/www.circularsecondhand.org\/wp-content\/uploads\/2024\/05\/455-3-768x1024.jpg",768,1024,true],"author_info":[],"comment_info":0,"_links":{"self":[{"href":"https:\/\/www.circularsecondhand.org\/es\/wp-json\/wp\/v2\/product\/8954","targetHints":{"allow":["GET"]}}],"collection":[{"href":"https:\/\/www.circularsecondhand.org\/es\/wp-json\/wp\/v2\/product"}],"about":[{"href":"https:\/\/www.circularsecondhand.org\/es\/wp-json\/wp\/v2\/types\/product"}],"replies":[{"embeddable":true,"href":"https:\/\/www.circularsecondhand.org\/es\/wp-json\/wp\/v2\/comments?post=8954"}],"wp:featuredmedia":[{"embeddable":true,"href":"https:\/\/www.circularsecondhand.org\/es\/wp-json\/wp\/v2\/media\/8836"}],"wp:attachment":[{"href":"https:\/\/www.circularsecondhand.org\/es\/wp-json\/wp\/v2\/media?parent=8954"}],"wp:term":[{"taxonomy":"product_brand","embeddable":true,"href":"https:\/\/www.circularsecondhand.org\/es\/wp-json\/wp\/v2\/product_brand?post=8954"},{"taxonomy":"product_cat","embeddable":true,"href":"https:\/\/www.circularsecondhand.org\/es\/wp-json\/wp\/v2\/product_cat?post=8954"},{"taxonomy":"product_tag","embeddable":true,"href":"https:\/\/www.circularsecondhand.org\/es\/wp-json\/wp\/v2\/product_tag?post=8954"},{"taxonomy":"product_brands","embeddable":true,"href":"https:\/\/www.circularsecondhand.org\/es\/wp-json\/wp\/v2\/product_brands?post=8954"}],"curies":[{"name":"wp","href":"https:\/\/api.w.org\/{rel}","templated":true}]}}