{"id":8403,"date":"2024-05-06T17:38:07","date_gmt":"2024-05-06T15:38:07","guid":{"rendered":"https:\/\/circularsecondhand.org\/jersey-con-botones-marron\/"},"modified":"2025-01-31T10:36:26","modified_gmt":"2025-01-31T09:36:26","slug":"jersey-con-botones-marron","status":"publish","type":"product","link":"https:\/\/www.circularsecondhand.org\/es\/jersey-con-botones-marron\/","title":{"rendered":"Jersey con botones marr\u00f3n"},"content":{"rendered":"","protected":false},"excerpt":{"rendered":"<p>Este jersey con un patr\u00f3n de diamantes en la parte delantera es perfecto para mantenerte arropado ya la moda durante los d\u00edas fr\u00edos. Con su dise\u00f1o elegante y sofisticado, este jersey seguramente llamar\u00e1 la atenci\u00f3n. Adem\u00e1s cuenta con botones marrones que le dan un toque adicional de estilo. Ideal para combinar con tus jeans favoritos, este jersey ser\u00e1 una adici\u00f3n vers\u00e1til a tu guardarropa. \u00a1No te pierdas la oportunidad de lucir incre\u00edble con este jersey!<\/p>\n","protected":false},"featured_media":8335,"comment_status":"closed","ping_status":"open","template":"","meta":{"_kad_blocks_custom_css":"","_kad_blocks_head_custom_js":"","_kad_blocks_body_custom_js":"","_kad_blocks_footer_custom_js":"","_kad_post_transparent":"","_kad_post_title":"","_kad_post_layout":"","_kad_post_sidebar_id":"","_kad_post_content_style":"","_kad_post_vertical_padding":"","_kad_post_feature":"","_kad_post_feature_position":"","_kad_post_header":false,"_kad_post_footer":false,"_kad_post_classname":""},"product_brand":[],"product_cat":[363,1020],"product_tag":[152,584],"product_brands":[],"class_list":{"0":"post-8403","1":"product","2":"type-product","3":"status-publish","4":"has-post-thumbnail","6":"product_cat-jerseis-y-sudaderas-tallaje-masculino","7":"product_cat-liquidacion","8":"product_tag-minimalista-es","9":"product_tag-otono-invierno","11":"first","12":"instock","13":"sale","14":"sold-individually","15":"taxable","16":"shipping-taxable","17":"purchasable","18":"product-type-simple","19":"entry","20":"content-bg","21":"loop-entry"},"taxonomy_info":{"product_cat":[{"value":363,"label":"Jers\u00e9is y Sudaderas"},{"value":1020,"label":"Liquidaci\u00f3n"}],"product_tag":[{"value":152,"label":"Minimalista"},{"value":584,"label":"Oto\u00f1o\/Invierno"}]},"featured_image_src_large":["https:\/\/www.circularsecondhand.org\/wp-content\/uploads\/2024\/05\/483-1-768x1024.jpg",768,1024,true],"author_info":[],"comment_info":0,"_links":{"self":[{"href":"https:\/\/www.circularsecondhand.org\/es\/wp-json\/wp\/v2\/product\/8403","targetHints":{"allow":["GET"]}}],"collection":[{"href":"https:\/\/www.circularsecondhand.org\/es\/wp-json\/wp\/v2\/product"}],"about":[{"href":"https:\/\/www.circularsecondhand.org\/es\/wp-json\/wp\/v2\/types\/product"}],"replies":[{"embeddable":true,"href":"https:\/\/www.circularsecondhand.org\/es\/wp-json\/wp\/v2\/comments?post=8403"}],"wp:featuredmedia":[{"embeddable":true,"href":"https:\/\/www.circularsecondhand.org\/es\/wp-json\/wp\/v2\/media\/8335"}],"wp:attachment":[{"href":"https:\/\/www.circularsecondhand.org\/es\/wp-json\/wp\/v2\/media?parent=8403"}],"wp:term":[{"taxonomy":"product_brand","embeddable":true,"href":"https:\/\/www.circularsecondhand.org\/es\/wp-json\/wp\/v2\/product_brand?post=8403"},{"taxonomy":"product_cat","embeddable":true,"href":"https:\/\/www.circularsecondhand.org\/es\/wp-json\/wp\/v2\/product_cat?post=8403"},{"taxonomy":"product_tag","embeddable":true,"href":"https:\/\/www.circularsecondhand.org\/es\/wp-json\/wp\/v2\/product_tag?post=8403"},{"taxonomy":"product_brands","embeddable":true,"href":"https:\/\/www.circularsecondhand.org\/es\/wp-json\/wp\/v2\/product_brands?post=8403"}],"curies":[{"name":"wp","href":"https:\/\/api.w.org\/{rel}","templated":true}]}}