{"id":8147,"date":"2024-04-24T12:22:58","date_gmt":"2024-04-24T10:22:58","guid":{"rendered":"https:\/\/circularsecondhand.org\/chaleco-negro-bershka\/"},"modified":"2025-03-13T09:01:30","modified_gmt":"2025-03-13T08:01:30","slug":"chaleco-negro-bershka","status":"publish","type":"product","link":"https:\/\/www.circularsecondhand.org\/es\/chaleco-negro-bershka\/","title":{"rendered":"Chaleco negro Bershka"},"content":{"rendered":"","protected":false},"excerpt":{"rendered":"<p>Descubre el estilo que te ofrece el chaleco negro de Bershka. Esta prenda es perfecta para completar cualquier outfit y darle un toque moderno. Sea para una ocasi\u00f3n especial o para el d\u00eda a d\u00eda, este chaleco se convertir\u00e1 en un b\u00e1sico imprescindible en tu armario. Atr\u00e9vete a lucir a la moda con esta prenda \u00fanica de Bershka.<\/p>\n","protected":false},"featured_media":8088,"comment_status":"closed","ping_status":"closed","template":"","meta":{"_kad_blocks_custom_css":"","_kad_blocks_head_custom_js":"","_kad_blocks_body_custom_js":"","_kad_blocks_footer_custom_js":"","_kad_post_transparent":"","_kad_post_title":"","_kad_post_layout":"","_kad_post_sidebar_id":"","_kad_post_content_style":"","_kad_post_vertical_padding":"","_kad_post_feature":"","_kad_post_feature_position":"","_kad_post_header":false,"_kad_post_footer":false,"_kad_post_classname":""},"product_brand":[],"product_cat":[389,1020],"product_tag":[584,130],"product_brands":[677],"class_list":{"0":"post-8147","1":"product","2":"type-product","3":"status-publish","4":"has-post-thumbnail","6":"product_cat-cazadoras-y-chaquetas-tallaje-masculino","7":"product_cat-liquidacion","8":"product_tag-otono-invierno","9":"product_tag-streetwear-es","10":"product_brands-bershka-es","12":"first","13":"outofstock","14":"sale","15":"sold-individually","16":"taxable","17":"shipping-taxable","18":"purchasable","19":"product-type-simple","20":"entry","21":"content-bg","22":"loop-entry"},"taxonomy_info":{"product_cat":[{"value":389,"label":"Cazadoras y Chaquetas"},{"value":1020,"label":"Liquidaci\u00f3n"}],"product_tag":[{"value":584,"label":"Oto\u00f1o\/Invierno"},{"value":130,"label":"Streetwear"}],"product_brands":[{"value":677,"label":"Bershka"}]},"featured_image_src_large":["https:\/\/www.circularsecondhand.org\/wp-content\/uploads\/2024\/04\/362-768x1024.jpg",768,1024,true],"author_info":[],"comment_info":0,"_links":{"self":[{"href":"https:\/\/www.circularsecondhand.org\/es\/wp-json\/wp\/v2\/product\/8147","targetHints":{"allow":["GET"]}}],"collection":[{"href":"https:\/\/www.circularsecondhand.org\/es\/wp-json\/wp\/v2\/product"}],"about":[{"href":"https:\/\/www.circularsecondhand.org\/es\/wp-json\/wp\/v2\/types\/product"}],"replies":[{"embeddable":true,"href":"https:\/\/www.circularsecondhand.org\/es\/wp-json\/wp\/v2\/comments?post=8147"}],"wp:featuredmedia":[{"embeddable":true,"href":"https:\/\/www.circularsecondhand.org\/es\/wp-json\/wp\/v2\/media\/8088"}],"wp:attachment":[{"href":"https:\/\/www.circularsecondhand.org\/es\/wp-json\/wp\/v2\/media?parent=8147"}],"wp:term":[{"taxonomy":"product_brand","embeddable":true,"href":"https:\/\/www.circularsecondhand.org\/es\/wp-json\/wp\/v2\/product_brand?post=8147"},{"taxonomy":"product_cat","embeddable":true,"href":"https:\/\/www.circularsecondhand.org\/es\/wp-json\/wp\/v2\/product_cat?post=8147"},{"taxonomy":"product_tag","embeddable":true,"href":"https:\/\/www.circularsecondhand.org\/es\/wp-json\/wp\/v2\/product_tag?post=8147"},{"taxonomy":"product_brands","embeddable":true,"href":"https:\/\/www.circularsecondhand.org\/es\/wp-json\/wp\/v2\/product_brands?post=8147"}],"curies":[{"name":"wp","href":"https:\/\/api.w.org\/{rel}","templated":true}]}}