{"id":8141,"date":"2024-04-24T12:22:58","date_gmt":"2024-04-24T10:22:58","guid":{"rendered":"https:\/\/circularsecondhand.org\/camisa-de-cuadros-ralph-lauren\/"},"modified":"2025-01-31T10:36:23","modified_gmt":"2025-01-31T09:36:23","slug":"camisa-de-cuadros-ralph-lauren","status":"publish","type":"product","link":"https:\/\/www.circularsecondhand.org\/es\/camisa-de-cuadros-ralph-lauren\/","title":{"rendered":"Camisa de cuadros Ralph Lauren"},"content":{"rendered":"","protected":false},"excerpt":{"rendered":"<p>\u00a1Destaca con estilo con esta camisa de cuadros Ralph Lauren! Con un dise\u00f1o en tonos morados y un elegante bordado en el pecho, esta camisa es perfecta para lucir sofisticado y la moda. Fabricada con materiales de alta calidad, te brindar\u00e1 comodidad y durabilidad. Sea para una ocasi\u00f3n casual o formal, esa camisa ser\u00e1 tu mejor aliada para lucir impecable. \u00a1No esperes m\u00e1s y a\u00f1ade esta camisa a tu guardarropa!<\/p>\n","protected":false},"featured_media":8053,"comment_status":"closed","ping_status":"closed","template":"","meta":{"_kad_blocks_custom_css":"","_kad_blocks_head_custom_js":"","_kad_blocks_body_custom_js":"","_kad_blocks_footer_custom_js":"","_kad_post_transparent":"","_kad_post_title":"","_kad_post_layout":"","_kad_post_sidebar_id":"","_kad_post_content_style":"","_kad_post_vertical_padding":"","_kad_post_feature":"","_kad_post_feature_position":"","_kad_post_header":false,"_kad_post_footer":false,"_kad_post_classname":""},"product_brand":[],"product_cat":[378,1020],"product_tag":[129,584],"product_brands":[530],"class_list":{"0":"post-8141","1":"product","2":"type-product","3":"status-publish","4":"has-post-thumbnail","6":"product_cat-camisas-tallaje-masculino","7":"product_cat-liquidacion","8":"product_tag-basicos","9":"product_tag-otono-invierno","10":"product_brands-ralph-lauren-es","12":"first","13":"outofstock","14":"sale","15":"sold-individually","16":"taxable","17":"shipping-taxable","18":"purchasable","19":"product-type-simple","20":"entry","21":"content-bg","22":"loop-entry"},"taxonomy_info":{"product_cat":[{"value":378,"label":"Camisas"},{"value":1020,"label":"Liquidaci\u00f3n"}],"product_tag":[{"value":129,"label":"B\u00e1sicos"},{"value":584,"label":"Oto\u00f1o\/Invierno"}],"product_brands":[{"value":530,"label":"Ralph Lauren"}]},"featured_image_src_large":["https:\/\/www.circularsecondhand.org\/wp-content\/uploads\/2024\/04\/355-768x1024.jpg",768,1024,true],"author_info":[],"comment_info":0,"_links":{"self":[{"href":"https:\/\/www.circularsecondhand.org\/es\/wp-json\/wp\/v2\/product\/8141","targetHints":{"allow":["GET"]}}],"collection":[{"href":"https:\/\/www.circularsecondhand.org\/es\/wp-json\/wp\/v2\/product"}],"about":[{"href":"https:\/\/www.circularsecondhand.org\/es\/wp-json\/wp\/v2\/types\/product"}],"replies":[{"embeddable":true,"href":"https:\/\/www.circularsecondhand.org\/es\/wp-json\/wp\/v2\/comments?post=8141"}],"wp:featuredmedia":[{"embeddable":true,"href":"https:\/\/www.circularsecondhand.org\/es\/wp-json\/wp\/v2\/media\/8053"}],"wp:attachment":[{"href":"https:\/\/www.circularsecondhand.org\/es\/wp-json\/wp\/v2\/media?parent=8141"}],"wp:term":[{"taxonomy":"product_brand","embeddable":true,"href":"https:\/\/www.circularsecondhand.org\/es\/wp-json\/wp\/v2\/product_brand?post=8141"},{"taxonomy":"product_cat","embeddable":true,"href":"https:\/\/www.circularsecondhand.org\/es\/wp-json\/wp\/v2\/product_cat?post=8141"},{"taxonomy":"product_tag","embeddable":true,"href":"https:\/\/www.circularsecondhand.org\/es\/wp-json\/wp\/v2\/product_tag?post=8141"},{"taxonomy":"product_brands","embeddable":true,"href":"https:\/\/www.circularsecondhand.org\/es\/wp-json\/wp\/v2\/product_brands?post=8141"}],"curies":[{"name":"wp","href":"https:\/\/api.w.org\/{rel}","templated":true}]}}