{"id":7832,"date":"2024-04-16T11:37:21","date_gmt":"2024-04-16T09:37:21","guid":{"rendered":"https:\/\/circularsecondhand.org\/camiseta-estampada-marron\/"},"modified":"2025-01-31T10:36:20","modified_gmt":"2025-01-31T09:36:20","slug":"camiseta-estampada-marron","status":"publish","type":"product","link":"https:\/\/www.circularsecondhand.org\/es\/camiseta-estampada-marron\/","title":{"rendered":"Camiseta estampada marr\u00f3n"},"content":{"rendered":"","protected":false},"excerpt":{"rendered":"<p>Esta camiseta estampada marr\u00f3n combina a la perfecci\u00f3n tonos blancos y marrones en un dise\u00f1o elegante y moderno. Ideal para lucir con estilo y comodidad en cualquier ocasi\u00f3n, esta prenda es un imprescindible en tu armario. \u00a1Hazte con ella y destaca!<\/p>\n","protected":false},"featured_media":7691,"comment_status":"closed","ping_status":"open","template":"","meta":{"_kad_blocks_custom_css":"","_kad_blocks_head_custom_js":"","_kad_blocks_body_custom_js":"","_kad_blocks_footer_custom_js":"","_kad_post_transparent":"","_kad_post_title":"","_kad_post_layout":"","_kad_post_sidebar_id":"","_kad_post_content_style":"","_kad_post_vertical_padding":"","_kad_post_feature":"","_kad_post_feature_position":"","_kad_post_header":false,"_kad_post_footer":false,"_kad_post_classname":""},"product_brand":[],"product_cat":[383,1020],"product_tag":[582,131],"product_brands":[],"class_list":{"0":"post-7832","1":"product","2":"type-product","3":"status-publish","4":"has-post-thumbnail","6":"product_cat-camisetas-tallaje-femenino","7":"product_cat-liquidacion","8":"product_tag-primavera-verano","9":"product_tag-vintage-es","11":"first","12":"instock","13":"sale","14":"sold-individually","15":"taxable","16":"shipping-taxable","17":"purchasable","18":"product-type-simple","19":"entry","20":"content-bg","21":"loop-entry"},"taxonomy_info":{"product_cat":[{"value":383,"label":"Camisetas"},{"value":1020,"label":"Liquidaci\u00f3n"}],"product_tag":[{"value":582,"label":"Primavera\/Verano"},{"value":131,"label":"Vintage"}]},"featured_image_src_large":["https:\/\/www.circularsecondhand.org\/wp-content\/uploads\/2024\/04\/324-768x1024.jpg",768,1024,true],"author_info":[],"comment_info":0,"_links":{"self":[{"href":"https:\/\/www.circularsecondhand.org\/es\/wp-json\/wp\/v2\/product\/7832","targetHints":{"allow":["GET"]}}],"collection":[{"href":"https:\/\/www.circularsecondhand.org\/es\/wp-json\/wp\/v2\/product"}],"about":[{"href":"https:\/\/www.circularsecondhand.org\/es\/wp-json\/wp\/v2\/types\/product"}],"replies":[{"embeddable":true,"href":"https:\/\/www.circularsecondhand.org\/es\/wp-json\/wp\/v2\/comments?post=7832"}],"wp:featuredmedia":[{"embeddable":true,"href":"https:\/\/www.circularsecondhand.org\/es\/wp-json\/wp\/v2\/media\/7691"}],"wp:attachment":[{"href":"https:\/\/www.circularsecondhand.org\/es\/wp-json\/wp\/v2\/media?parent=7832"}],"wp:term":[{"taxonomy":"product_brand","embeddable":true,"href":"https:\/\/www.circularsecondhand.org\/es\/wp-json\/wp\/v2\/product_brand?post=7832"},{"taxonomy":"product_cat","embeddable":true,"href":"https:\/\/www.circularsecondhand.org\/es\/wp-json\/wp\/v2\/product_cat?post=7832"},{"taxonomy":"product_tag","embeddable":true,"href":"https:\/\/www.circularsecondhand.org\/es\/wp-json\/wp\/v2\/product_tag?post=7832"},{"taxonomy":"product_brands","embeddable":true,"href":"https:\/\/www.circularsecondhand.org\/es\/wp-json\/wp\/v2\/product_brands?post=7832"}],"curies":[{"name":"wp","href":"https:\/\/api.w.org\/{rel}","templated":true}]}}