{"id":7830,"date":"2025-02-12T11:38:04","date_gmt":"2025-02-12T10:38:04","guid":{"rendered":"https:\/\/circularsecondhand.org\/chaqueta-vaquera-wrangler\/"},"modified":"2025-02-20T10:36:48","modified_gmt":"2025-02-20T09:36:48","slug":"chaqueta-vaquera-wrangler","status":"publish","type":"product","link":"https:\/\/www.circularsecondhand.org\/es\/chaqueta-vaquera-wrangler\/","title":{"rendered":"Chaqueta vaquera Wrangler"},"content":{"rendered":"","protected":false},"excerpt":{"rendered":"<p>Descubre la resistencia y estilo cl\u00e1sico de la chaqueta vaquera Wrangler. Confeccionada con materiales de alta calidad, esta prenda ic\u00f3nica es perfecta para cualquier ocasi\u00f3n. Ya sea para un paseo por el campo o una salida casual, la chaqueta vaquera Wrangler te brindar\u00e1 comodidad y un toque de autenticidad western que nunca pasa de moda. Atr\u00e9vete a lucir un look atemporal con esta prenda imprescindible en tu armario.<\/p>\n","protected":false},"featured_media":13385,"comment_status":"closed","ping_status":"closed","template":"","meta":{"_kad_blocks_custom_css":"","_kad_blocks_head_custom_js":"","_kad_blocks_body_custom_js":"","_kad_blocks_footer_custom_js":"","_kad_post_transparent":"","_kad_post_title":"","_kad_post_layout":"","_kad_post_sidebar_id":"","_kad_post_content_style":"","_kad_post_vertical_padding":"","_kad_post_feature":"","_kad_post_feature_position":"","_kad_post_header":false,"_kad_post_footer":false,"_kad_post_classname":""},"product_brand":[],"product_cat":[371,389],"product_tag":[584,131],"product_brands":[639],"class_list":{"0":"post-7830","1":"product","2":"type-product","3":"status-publish","4":"has-post-thumbnail","6":"product_cat-cazadoras-y-chaquetas-tallaje-femenino","7":"product_cat-cazadoras-y-chaquetas-tallaje-masculino","8":"product_tag-otono-invierno","9":"product_tag-vintage-es","10":"product_brands-wrangler-es","12":"first","13":"outofstock","14":"sold-individually","15":"taxable","16":"shipping-taxable","17":"purchasable","18":"product-type-simple","19":"entry","20":"content-bg","21":"loop-entry"},"taxonomy_info":{"product_cat":[{"value":371,"label":"Cazadoras y Chaquetas"},{"value":389,"label":"Cazadoras y Chaquetas"}],"product_tag":[{"value":584,"label":"Oto\u00f1o\/Invierno"},{"value":131,"label":"Vintage"}],"product_brands":[{"value":639,"label":"Wrangler"}]},"featured_image_src_large":["https:\/\/www.circularsecondhand.org\/wp-content\/uploads\/2024\/04\/339-1-768x1024.jpg",768,1024,true],"author_info":[],"comment_info":0,"_links":{"self":[{"href":"https:\/\/www.circularsecondhand.org\/es\/wp-json\/wp\/v2\/product\/7830","targetHints":{"allow":["GET"]}}],"collection":[{"href":"https:\/\/www.circularsecondhand.org\/es\/wp-json\/wp\/v2\/product"}],"about":[{"href":"https:\/\/www.circularsecondhand.org\/es\/wp-json\/wp\/v2\/types\/product"}],"replies":[{"embeddable":true,"href":"https:\/\/www.circularsecondhand.org\/es\/wp-json\/wp\/v2\/comments?post=7830"}],"wp:featuredmedia":[{"embeddable":true,"href":"https:\/\/www.circularsecondhand.org\/es\/wp-json\/wp\/v2\/media\/13385"}],"wp:attachment":[{"href":"https:\/\/www.circularsecondhand.org\/es\/wp-json\/wp\/v2\/media?parent=7830"}],"wp:term":[{"taxonomy":"product_brand","embeddable":true,"href":"https:\/\/www.circularsecondhand.org\/es\/wp-json\/wp\/v2\/product_brand?post=7830"},{"taxonomy":"product_cat","embeddable":true,"href":"https:\/\/www.circularsecondhand.org\/es\/wp-json\/wp\/v2\/product_cat?post=7830"},{"taxonomy":"product_tag","embeddable":true,"href":"https:\/\/www.circularsecondhand.org\/es\/wp-json\/wp\/v2\/product_tag?post=7830"},{"taxonomy":"product_brands","embeddable":true,"href":"https:\/\/www.circularsecondhand.org\/es\/wp-json\/wp\/v2\/product_brands?post=7830"}],"curies":[{"name":"wp","href":"https:\/\/api.w.org\/{rel}","templated":true}]}}