{"id":7825,"date":"2024-04-16T11:38:04","date_gmt":"2024-04-16T09:38:04","guid":{"rendered":"https:\/\/circularsecondhand.org\/cazadora-azul-burberry\/"},"modified":"2024-04-16T11:44:29","modified_gmt":"2024-04-16T09:44:29","slug":"cazadora-azul-burberry","status":"publish","type":"product","link":"https:\/\/www.circularsecondhand.org\/es\/cazadora-azul-burberry\/","title":{"rendered":"Cazadora azul Burberry"},"content":{"rendered":"","protected":false},"excerpt":{"rendered":"<p>La cazadora azul Burberry es una prenda de alta calidad y estilo elegante. Fabricada con los mejores materiales, esta chaqueta es perfecta para lucir un sofisticado look ya la moda. Su dise\u00f1o cl\u00e1sico y atemporal la convierte en una prenda imprescindible en cualquier colecci\u00f3n. Con detalles cuidadosamente elaborados y un perfecto ajuste, esta cazadora te mantendr\u00e1 abrigado y c\u00f3modo durante los d\u00edas m\u00e1s fr\u00edos. Comb\u00ednala con tus prendas favoritas para crear outfits \u00fanicos y llenos de estilo.<\/p>\n","protected":false},"featured_media":7776,"comment_status":"closed","ping_status":"open","template":"","meta":{"_kad_blocks_custom_css":"","_kad_blocks_head_custom_js":"","_kad_blocks_body_custom_js":"","_kad_blocks_footer_custom_js":"","_kad_post_transparent":"","_kad_post_title":"","_kad_post_layout":"","_kad_post_sidebar_id":"","_kad_post_content_style":"","_kad_post_vertical_padding":"","_kad_post_feature":"","_kad_post_feature_position":"","_kad_post_header":false,"_kad_post_footer":false,"_kad_post_classname":""},"product_brand":[],"product_cat":[389],"product_tag":[129,584],"product_brands":[434],"class_list":{"0":"post-7825","1":"product","2":"type-product","3":"status-publish","4":"has-post-thumbnail","6":"product_cat-cazadoras-y-chaquetas-tallaje-masculino","7":"product_tag-basicos","8":"product_tag-otono-invierno","9":"product_brands-burberry-es","11":"first","12":"outofstock","13":"sold-individually","14":"taxable","15":"shipping-taxable","16":"purchasable","17":"product-type-simple","18":"entry","19":"content-bg","20":"loop-entry"},"taxonomy_info":{"product_cat":[{"value":389,"label":"Cazadoras y Chaquetas"}],"product_tag":[{"value":129,"label":"B\u00e1sicos"},{"value":584,"label":"Oto\u00f1o\/Invierno"}],"product_brands":[{"value":434,"label":"Burberry"}]},"featured_image_src_large":["https:\/\/www.circularsecondhand.org\/wp-content\/uploads\/2024\/04\/341-768x1024.jpg",768,1024,true],"author_info":[],"comment_info":0,"_links":{"self":[{"href":"https:\/\/www.circularsecondhand.org\/es\/wp-json\/wp\/v2\/product\/7825","targetHints":{"allow":["GET"]}}],"collection":[{"href":"https:\/\/www.circularsecondhand.org\/es\/wp-json\/wp\/v2\/product"}],"about":[{"href":"https:\/\/www.circularsecondhand.org\/es\/wp-json\/wp\/v2\/types\/product"}],"replies":[{"embeddable":true,"href":"https:\/\/www.circularsecondhand.org\/es\/wp-json\/wp\/v2\/comments?post=7825"}],"wp:featuredmedia":[{"embeddable":true,"href":"https:\/\/www.circularsecondhand.org\/es\/wp-json\/wp\/v2\/media\/7776"}],"wp:attachment":[{"href":"https:\/\/www.circularsecondhand.org\/es\/wp-json\/wp\/v2\/media?parent=7825"}],"wp:term":[{"taxonomy":"product_brand","embeddable":true,"href":"https:\/\/www.circularsecondhand.org\/es\/wp-json\/wp\/v2\/product_brand?post=7825"},{"taxonomy":"product_cat","embeddable":true,"href":"https:\/\/www.circularsecondhand.org\/es\/wp-json\/wp\/v2\/product_cat?post=7825"},{"taxonomy":"product_tag","embeddable":true,"href":"https:\/\/www.circularsecondhand.org\/es\/wp-json\/wp\/v2\/product_tag?post=7825"},{"taxonomy":"product_brands","embeddable":true,"href":"https:\/\/www.circularsecondhand.org\/es\/wp-json\/wp\/v2\/product_brands?post=7825"}],"curies":[{"name":"wp","href":"https:\/\/api.w.org\/{rel}","templated":true}]}}