{"id":7464,"date":"2024-03-27T08:55:08","date_gmt":"2024-03-27T07:55:08","guid":{"rendered":"https:\/\/circularsecondhand.org\/falda-de-cuero-laura-clemente\/"},"modified":"2025-01-21T20:25:56","modified_gmt":"2025-01-21T19:25:56","slug":"falda-de-cuero-laura-clemente","status":"publish","type":"product","link":"https:\/\/www.circularsecondhand.org\/es\/falda-de-cuero-laura-clemente\/","title":{"rendered":"Falda de cuero Laura Clemente"},"content":{"rendered":"","protected":false},"excerpt":{"rendered":"<p>Esta falda corta de cuero negro es una prenda elegante y vers\u00e1til que no puede faltar en tu fondo de armario. Te brinda un aspecto sofisticado y moderno. Perfecta para ocasiones especiales o para lucir un look casual pero chic, esa falda es una opci\u00f3n imprescindible para cualquier fashionista. Comb\u00ednala con una blusa elegante o una camiseta b\u00e1sica y a\u00f1ade tus accesorios favoritos para completar tu estilo \u00fanico.<\/p>\n","protected":false},"featured_media":5930,"comment_status":"closed","ping_status":"closed","template":"","meta":{"_kad_blocks_custom_css":"","_kad_blocks_head_custom_js":"","_kad_blocks_body_custom_js":"","_kad_blocks_footer_custom_js":"","_kad_post_transparent":"","_kad_post_title":"","_kad_post_layout":"","_kad_post_sidebar_id":"","_kad_post_content_style":"","_kad_post_vertical_padding":"","_kad_post_feature":"","_kad_post_feature_position":"","_kad_post_header":false,"_kad_post_footer":false,"_kad_post_classname":""},"product_brand":[],"product_cat":[382],"product_tag":[584,131],"product_brands":[490],"class_list":{"0":"post-7464","1":"product","2":"type-product","3":"status-publish","4":"has-post-thumbnail","6":"product_cat-faldas-tallaje-femenino","7":"product_tag-otono-invierno","8":"product_tag-vintage-es","9":"product_brands-laura-clement-es","11":"first","12":"outofstock","13":"sold-individually","14":"taxable","15":"shipping-taxable","16":"purchasable","17":"product-type-simple","18":"entry","19":"content-bg","20":"loop-entry"},"taxonomy_info":{"product_cat":[{"value":382,"label":"Faldas"}],"product_tag":[{"value":584,"label":"Oto\u00f1o\/Invierno"},{"value":131,"label":"Vintage"}],"product_brands":[{"value":490,"label":"Laura Clement"}]},"featured_image_src_large":["https:\/\/www.circularsecondhand.org\/wp-content\/uploads\/2024\/03\/39-1-768x1024.jpg",768,1024,true],"author_info":[],"comment_info":0,"_links":{"self":[{"href":"https:\/\/www.circularsecondhand.org\/es\/wp-json\/wp\/v2\/product\/7464","targetHints":{"allow":["GET"]}}],"collection":[{"href":"https:\/\/www.circularsecondhand.org\/es\/wp-json\/wp\/v2\/product"}],"about":[{"href":"https:\/\/www.circularsecondhand.org\/es\/wp-json\/wp\/v2\/types\/product"}],"replies":[{"embeddable":true,"href":"https:\/\/www.circularsecondhand.org\/es\/wp-json\/wp\/v2\/comments?post=7464"}],"wp:featuredmedia":[{"embeddable":true,"href":"https:\/\/www.circularsecondhand.org\/es\/wp-json\/wp\/v2\/media\/5930"}],"wp:attachment":[{"href":"https:\/\/www.circularsecondhand.org\/es\/wp-json\/wp\/v2\/media?parent=7464"}],"wp:term":[{"taxonomy":"product_brand","embeddable":true,"href":"https:\/\/www.circularsecondhand.org\/es\/wp-json\/wp\/v2\/product_brand?post=7464"},{"taxonomy":"product_cat","embeddable":true,"href":"https:\/\/www.circularsecondhand.org\/es\/wp-json\/wp\/v2\/product_cat?post=7464"},{"taxonomy":"product_tag","embeddable":true,"href":"https:\/\/www.circularsecondhand.org\/es\/wp-json\/wp\/v2\/product_tag?post=7464"},{"taxonomy":"product_brands","embeddable":true,"href":"https:\/\/www.circularsecondhand.org\/es\/wp-json\/wp\/v2\/product_brands?post=7464"}],"curies":[{"name":"wp","href":"https:\/\/api.w.org\/{rel}","templated":true}]}}