{"id":7457,"date":"2024-03-27T08:55:08","date_gmt":"2024-03-27T07:55:08","guid":{"rendered":"https:\/\/circularsecondhand.org\/chaqueta-de-punto-satto-sons\/"},"modified":"2025-03-14T10:33:41","modified_gmt":"2025-03-14T09:33:41","slug":"chaqueta-de-punto-satto-sons","status":"publish","type":"product","link":"https:\/\/www.circularsecondhand.org\/es\/chaqueta-de-punto-satto-sons\/","title":{"rendered":"Chaqueta de punto Satto &amp; Sons"},"content":{"rendered":"","protected":false},"excerpt":{"rendered":"<p>Esta chaqueta de punto de Satto &amp; Sons es perfecta para mantenerte abrigado ya la moda. Con un cierre de cremallera en la parte delantera, podr\u00e1s ajustarla seg\u00fan tus necesidades y lucir un estilo moderno. El suave tejido de punto te mantendr\u00e1 c\u00f3modo durante todo el d\u00eda, mientras que el elegante dise\u00f1o te har\u00e1 destacar en cualquier ocasi\u00f3n. \u00a1No te pierdas la oportunidad de a\u00f1adir esta chaqueta a tu armario!<\/p>\n","protected":false},"featured_media":5845,"comment_status":"closed","ping_status":"closed","template":"","meta":{"_kad_blocks_custom_css":"","_kad_blocks_head_custom_js":"","_kad_blocks_body_custom_js":"","_kad_blocks_footer_custom_js":"","_kad_post_transparent":"default","_kad_post_title":"","_kad_post_layout":"default","_kad_post_sidebar_id":"","_kad_post_content_style":"default","_kad_post_vertical_padding":"default","_kad_post_feature":"","_kad_post_feature_position":"","_kad_post_header":false,"_kad_post_footer":false,"_kad_post_classname":""},"product_brand":[],"product_cat":[363],"product_tag":[152,584],"product_brands":[533],"class_list":{"0":"post-7457","1":"product","2":"type-product","3":"status-publish","4":"has-post-thumbnail","6":"product_cat-jerseis-y-sudaderas-tallaje-masculino","7":"product_tag-minimalista-es","8":"product_tag-otono-invierno","9":"product_brands-satto-sons-es","11":"first","12":"outofstock","13":"sold-individually","14":"taxable","15":"shipping-taxable","16":"purchasable","17":"product-type-simple","18":"entry","19":"content-bg","20":"loop-entry"},"taxonomy_info":{"product_cat":[{"value":363,"label":"Jers\u00e9is y Sudaderas"}],"product_tag":[{"value":152,"label":"Minimalista"},{"value":584,"label":"Oto\u00f1o\/Invierno"}],"product_brands":[{"value":533,"label":"Satto &amp; Sons"}]},"featured_image_src_large":["https:\/\/www.circularsecondhand.org\/wp-content\/uploads\/2024\/03\/22-1-768x1024.jpg",768,1024,true],"author_info":[],"comment_info":0,"_links":{"self":[{"href":"https:\/\/www.circularsecondhand.org\/es\/wp-json\/wp\/v2\/product\/7457","targetHints":{"allow":["GET"]}}],"collection":[{"href":"https:\/\/www.circularsecondhand.org\/es\/wp-json\/wp\/v2\/product"}],"about":[{"href":"https:\/\/www.circularsecondhand.org\/es\/wp-json\/wp\/v2\/types\/product"}],"replies":[{"embeddable":true,"href":"https:\/\/www.circularsecondhand.org\/es\/wp-json\/wp\/v2\/comments?post=7457"}],"wp:featuredmedia":[{"embeddable":true,"href":"https:\/\/www.circularsecondhand.org\/es\/wp-json\/wp\/v2\/media\/5845"}],"wp:attachment":[{"href":"https:\/\/www.circularsecondhand.org\/es\/wp-json\/wp\/v2\/media?parent=7457"}],"wp:term":[{"taxonomy":"product_brand","embeddable":true,"href":"https:\/\/www.circularsecondhand.org\/es\/wp-json\/wp\/v2\/product_brand?post=7457"},{"taxonomy":"product_cat","embeddable":true,"href":"https:\/\/www.circularsecondhand.org\/es\/wp-json\/wp\/v2\/product_cat?post=7457"},{"taxonomy":"product_tag","embeddable":true,"href":"https:\/\/www.circularsecondhand.org\/es\/wp-json\/wp\/v2\/product_tag?post=7457"},{"taxonomy":"product_brands","embeddable":true,"href":"https:\/\/www.circularsecondhand.org\/es\/wp-json\/wp\/v2\/product_brands?post=7457"}],"curies":[{"name":"wp","href":"https:\/\/api.w.org\/{rel}","templated":true}]}}