{"id":7455,"date":"2024-03-27T08:54:28","date_gmt":"2024-03-27T07:54:28","guid":{"rendered":"https:\/\/circularsecondhand.org\/chaqueta-vintage-deportiva\/"},"modified":"2024-12-11T16:58:53","modified_gmt":"2024-12-11T15:58:53","slug":"chaqueta-vintage-deportiva","status":"publish","type":"product","link":"https:\/\/www.circularsecondhand.org\/es\/chaqueta-vintage-deportiva\/","title":{"rendered":"Chaqueta vintage deportiva"},"content":{"rendered":"","protected":false},"excerpt":{"rendered":"<p>Este abrigo verde y beige es perfecto para a\u00f1adir estilo a tu armario. Confeccionado con materiales de alta calidad, es c\u00f3modo y duradero. Su dise\u00f1o moderno y elegante lo convierte en una prenda vers\u00e1til para ocasiones casuales y formales. Combina f\u00e1cilmente con diferentes colores y estilos, permiti\u00e9ndote crear varios looks. Sea para salir con amigos o para una reuni\u00f3n de negocios, te mantendr\u00e1 abrigado ya la moda.<\/p>\n","protected":false},"featured_media":5740,"comment_status":"closed","ping_status":"closed","template":"","meta":{"_kad_blocks_custom_css":"","_kad_blocks_head_custom_js":"","_kad_blocks_body_custom_js":"","_kad_blocks_footer_custom_js":"","_kad_post_transparent":"","_kad_post_title":"","_kad_post_layout":"","_kad_post_sidebar_id":"","_kad_post_content_style":"","_kad_post_vertical_padding":"","_kad_post_feature":"","_kad_post_feature_position":"","_kad_post_header":false,"_kad_post_footer":false,"_kad_post_classname":""},"product_brand":[],"product_cat":[357],"product_tag":[584,130],"product_brands":[],"class_list":{"0":"post-7455","1":"product","2":"type-product","3":"status-publish","4":"has-post-thumbnail","6":"product_cat-abrigos-tallaje-masculino","7":"product_tag-otono-invierno","8":"product_tag-streetwear-es","10":"first","11":"outofstock","12":"sold-individually","13":"taxable","14":"shipping-taxable","15":"purchasable","16":"product-type-simple","17":"entry","18":"content-bg","19":"loop-entry"},"taxonomy_info":{"product_cat":[{"value":357,"label":"Abrigos"}],"product_tag":[{"value":584,"label":"Oto\u00f1o\/Invierno"},{"value":130,"label":"Streetwear"}]},"featured_image_src_large":["https:\/\/www.circularsecondhand.org\/wp-content\/uploads\/2024\/03\/1-1-768x1024.jpg",768,1024,true],"author_info":[],"comment_info":0,"_links":{"self":[{"href":"https:\/\/www.circularsecondhand.org\/es\/wp-json\/wp\/v2\/product\/7455","targetHints":{"allow":["GET"]}}],"collection":[{"href":"https:\/\/www.circularsecondhand.org\/es\/wp-json\/wp\/v2\/product"}],"about":[{"href":"https:\/\/www.circularsecondhand.org\/es\/wp-json\/wp\/v2\/types\/product"}],"replies":[{"embeddable":true,"href":"https:\/\/www.circularsecondhand.org\/es\/wp-json\/wp\/v2\/comments?post=7455"}],"wp:featuredmedia":[{"embeddable":true,"href":"https:\/\/www.circularsecondhand.org\/es\/wp-json\/wp\/v2\/media\/5740"}],"wp:attachment":[{"href":"https:\/\/www.circularsecondhand.org\/es\/wp-json\/wp\/v2\/media?parent=7455"}],"wp:term":[{"taxonomy":"product_brand","embeddable":true,"href":"https:\/\/www.circularsecondhand.org\/es\/wp-json\/wp\/v2\/product_brand?post=7455"},{"taxonomy":"product_cat","embeddable":true,"href":"https:\/\/www.circularsecondhand.org\/es\/wp-json\/wp\/v2\/product_cat?post=7455"},{"taxonomy":"product_tag","embeddable":true,"href":"https:\/\/www.circularsecondhand.org\/es\/wp-json\/wp\/v2\/product_tag?post=7455"},{"taxonomy":"product_brands","embeddable":true,"href":"https:\/\/www.circularsecondhand.org\/es\/wp-json\/wp\/v2\/product_brands?post=7455"}],"curies":[{"name":"wp","href":"https:\/\/api.w.org\/{rel}","templated":true}]}}