{"id":7454,"date":"2024-03-27T08:55:08","date_gmt":"2024-03-27T07:55:08","guid":{"rendered":"https:\/\/circularsecondhand.org\/camisa-estampado-floral-2\/"},"modified":"2025-04-09T08:59:06","modified_gmt":"2025-04-09T06:59:06","slug":"camisa-estampado-floral-2","status":"publish","type":"product","link":"https:\/\/www.circularsecondhand.org\/es\/camisa-estampado-floral-2\/","title":{"rendered":"Camisa estampado floral"},"content":{"rendered":"","protected":false},"excerpt":{"rendered":"<p>Esta camisa estampada floral es perfecta para a\u00f1adir un toque de color y estilo a tu armario. Con su combinaci\u00f3n de tonos marrones y rosados, esta camisa es ideal para cualquier ocasi\u00f3n. Hecha de materiales de alta calidad, esta camisa es c\u00f3moda y duradera. Sea para una reuni\u00f3n casual o una salida nocturna, esta camisa te har\u00e1 lucir elegante y de moda. \u00a1No te pierdas la oportunidad de tener esta pieza en tu armario!<\/p>\n","protected":false},"featured_media":5865,"comment_status":"closed","ping_status":"closed","template":"","meta":{"_kad_blocks_custom_css":"","_kad_blocks_head_custom_js":"","_kad_blocks_body_custom_js":"","_kad_blocks_footer_custom_js":"","_kad_post_transparent":"","_kad_post_title":"","_kad_post_layout":"","_kad_post_sidebar_id":"","_kad_post_content_style":"","_kad_post_vertical_padding":"","_kad_post_feature":"","_kad_post_feature_position":"","_kad_post_header":false,"_kad_post_footer":false,"_kad_post_classname":""},"product_brand":[],"product_cat":[362,1020],"product_tag":[582,131],"product_brands":[],"class_list":{"0":"post-7454","1":"product","2":"type-product","3":"status-publish","4":"has-post-thumbnail","6":"product_cat-camisas-tallaje-femenino","7":"product_cat-liquidacion","8":"product_tag-primavera-verano","9":"product_tag-vintage-es","11":"first","12":"outofstock","13":"sale","14":"sold-individually","15":"taxable","16":"shipping-taxable","17":"purchasable","18":"product-type-simple","19":"entry","20":"content-bg","21":"loop-entry"},"taxonomy_info":{"product_cat":[{"value":362,"label":"Camisas"},{"value":1020,"label":"Liquidaci\u00f3n"}],"product_tag":[{"value":582,"label":"Primavera\/Verano"},{"value":131,"label":"Vintage"}]},"featured_image_src_large":["https:\/\/www.circularsecondhand.org\/wp-content\/uploads\/2024\/03\/26-1-768x1024.jpg",768,1024,true],"author_info":[],"comment_info":0,"_links":{"self":[{"href":"https:\/\/www.circularsecondhand.org\/es\/wp-json\/wp\/v2\/product\/7454","targetHints":{"allow":["GET"]}}],"collection":[{"href":"https:\/\/www.circularsecondhand.org\/es\/wp-json\/wp\/v2\/product"}],"about":[{"href":"https:\/\/www.circularsecondhand.org\/es\/wp-json\/wp\/v2\/types\/product"}],"replies":[{"embeddable":true,"href":"https:\/\/www.circularsecondhand.org\/es\/wp-json\/wp\/v2\/comments?post=7454"}],"wp:featuredmedia":[{"embeddable":true,"href":"https:\/\/www.circularsecondhand.org\/es\/wp-json\/wp\/v2\/media\/5865"}],"wp:attachment":[{"href":"https:\/\/www.circularsecondhand.org\/es\/wp-json\/wp\/v2\/media?parent=7454"}],"wp:term":[{"taxonomy":"product_brand","embeddable":true,"href":"https:\/\/www.circularsecondhand.org\/es\/wp-json\/wp\/v2\/product_brand?post=7454"},{"taxonomy":"product_cat","embeddable":true,"href":"https:\/\/www.circularsecondhand.org\/es\/wp-json\/wp\/v2\/product_cat?post=7454"},{"taxonomy":"product_tag","embeddable":true,"href":"https:\/\/www.circularsecondhand.org\/es\/wp-json\/wp\/v2\/product_tag?post=7454"},{"taxonomy":"product_brands","embeddable":true,"href":"https:\/\/www.circularsecondhand.org\/es\/wp-json\/wp\/v2\/product_brands?post=7454"}],"curies":[{"name":"wp","href":"https:\/\/api.w.org\/{rel}","templated":true}]}}