{"id":7453,"date":"2025-03-22T08:55:08","date_gmt":"2025-03-22T07:55:08","guid":{"rendered":"https:\/\/circularsecondhand.org\/vestido-verde-bayberry\/"},"modified":"2025-04-09T08:59:13","modified_gmt":"2025-04-09T06:59:13","slug":"vestido-verde-bayberry","status":"publish","type":"product","link":"https:\/\/www.circularsecondhand.org\/es\/vestido-verde-bayberry\/","title":{"rendered":"Vestido verde Bayberry"},"content":{"rendered":"","protected":false},"excerpt":{"rendered":"<p>Este vestido verde y rojo a cuadros es ideal para darle un toque de estilo a tu armario. Est\u00e1 hecho con tela de alta calidad y tiene un patr\u00f3n a cuadros en tonos verdes y rojos que le da un aspecto moderno y atractivo. Tiene la axila descosida y el tejido est\u00e1 gastado por el uso como se ve en las fotograf\u00edas<\/p>\n","protected":false},"featured_media":14102,"comment_status":"closed","ping_status":"closed","template":"","meta":{"_kad_blocks_custom_css":"","_kad_blocks_head_custom_js":"","_kad_blocks_body_custom_js":"","_kad_blocks_footer_custom_js":"","_kad_post_transparent":"default","_kad_post_title":"","_kad_post_layout":"default","_kad_post_sidebar_id":"","_kad_post_content_style":"default","_kad_post_vertical_padding":"default","_kad_post_feature":"","_kad_post_feature_position":"","_kad_post_header":false,"_kad_post_footer":false,"_kad_post_classname":""},"product_brand":[],"product_cat":[380],"product_tag":[582,131],"product_brands":[426],"class_list":{"0":"post-7453","1":"product","2":"type-product","3":"status-publish","4":"has-post-thumbnail","6":"product_cat-vestidos-tallaje-femenino","7":"product_tag-primavera-verano","8":"product_tag-vintage-es","9":"product_brands-bayberry-es","11":"first","12":"instock","13":"sold-individually","14":"taxable","15":"shipping-taxable","16":"purchasable","17":"product-type-simple","18":"entry","19":"content-bg","20":"loop-entry"},"taxonomy_info":{"product_cat":[{"value":380,"label":"Vestidos"}],"product_tag":[{"value":582,"label":"Primavera\/Verano"},{"value":131,"label":"Vintage"}],"product_brands":[{"value":426,"label":"Bayberry"}]},"featured_image_src_large":["https:\/\/www.circularsecondhand.org\/wp-content\/uploads\/2024\/03\/21-6-768x1024.jpg",768,1024,true],"author_info":[],"comment_info":0,"_links":{"self":[{"href":"https:\/\/www.circularsecondhand.org\/es\/wp-json\/wp\/v2\/product\/7453","targetHints":{"allow":["GET"]}}],"collection":[{"href":"https:\/\/www.circularsecondhand.org\/es\/wp-json\/wp\/v2\/product"}],"about":[{"href":"https:\/\/www.circularsecondhand.org\/es\/wp-json\/wp\/v2\/types\/product"}],"replies":[{"embeddable":true,"href":"https:\/\/www.circularsecondhand.org\/es\/wp-json\/wp\/v2\/comments?post=7453"}],"wp:featuredmedia":[{"embeddable":true,"href":"https:\/\/www.circularsecondhand.org\/es\/wp-json\/wp\/v2\/media\/14102"}],"wp:attachment":[{"href":"https:\/\/www.circularsecondhand.org\/es\/wp-json\/wp\/v2\/media?parent=7453"}],"wp:term":[{"taxonomy":"product_brand","embeddable":true,"href":"https:\/\/www.circularsecondhand.org\/es\/wp-json\/wp\/v2\/product_brand?post=7453"},{"taxonomy":"product_cat","embeddable":true,"href":"https:\/\/www.circularsecondhand.org\/es\/wp-json\/wp\/v2\/product_cat?post=7453"},{"taxonomy":"product_tag","embeddable":true,"href":"https:\/\/www.circularsecondhand.org\/es\/wp-json\/wp\/v2\/product_tag?post=7453"},{"taxonomy":"product_brands","embeddable":true,"href":"https:\/\/www.circularsecondhand.org\/es\/wp-json\/wp\/v2\/product_brands?post=7453"}],"curies":[{"name":"wp","href":"https:\/\/api.w.org\/{rel}","templated":true}]}}