{"id":7449,"date":"2024-03-27T08:55:46","date_gmt":"2024-03-27T07:55:46","guid":{"rendered":"https:\/\/circularsecondhand.org\/cazadora-tejana-maiz\/"},"modified":"2025-01-31T10:38:59","modified_gmt":"2025-01-31T09:38:59","slug":"cazadora-tejana-maiz","status":"publish","type":"product","link":"https:\/\/www.circularsecondhand.org\/es\/cazadora-tejana-maiz\/","title":{"rendered":"Cazadora tejana Ma\u00edz"},"content":{"rendered":"","protected":false},"excerpt":{"rendered":"<p>La cazadora tejana Ma\u00edz es perfecta para a\u00f1adir un toque de estilo y personalidad a cualquier conjunto. Hecha con materiales denim, esta chaqueta es duradera y c\u00f3moda de llevar. Para un look casual o para un evento m\u00e1s formal, esta cazadora tejana en color azul es una elecci\u00f3n vers\u00e1til y moderna.<\/p>\n","protected":false},"featured_media":6010,"comment_status":"closed","ping_status":"open","template":"","meta":{"_kad_blocks_custom_css":"","_kad_blocks_head_custom_js":"","_kad_blocks_body_custom_js":"","_kad_blocks_footer_custom_js":"","_kad_post_transparent":"","_kad_post_title":"","_kad_post_layout":"","_kad_post_sidebar_id":"","_kad_post_content_style":"","_kad_post_vertical_padding":"","_kad_post_feature":"","_kad_post_feature_position":"","_kad_post_header":false,"_kad_post_footer":false,"_kad_post_classname":""},"product_brand":[],"product_cat":[371,1020],"product_tag":[152,584],"product_brands":[505],"class_list":{"0":"post-7449","1":"product","2":"type-product","3":"status-publish","4":"has-post-thumbnail","6":"product_cat-cazadoras-y-chaquetas-tallaje-femenino","7":"product_cat-liquidacion","8":"product_tag-minimalista-es","9":"product_tag-otono-invierno","10":"product_brands-maiz-es","12":"first","13":"instock","14":"sale","15":"sold-individually","16":"taxable","17":"shipping-taxable","18":"purchasable","19":"product-type-simple","20":"entry","21":"content-bg","22":"loop-entry"},"taxonomy_info":{"product_cat":[{"value":371,"label":"Cazadoras y Chaquetas"},{"value":1020,"label":"Liquidaci\u00f3n"}],"product_tag":[{"value":152,"label":"Minimalista"},{"value":584,"label":"Oto\u00f1o\/Invierno"}],"product_brands":[{"value":505,"label":"Ma\u00edz"}]},"featured_image_src_large":["https:\/\/www.circularsecondhand.org\/wp-content\/uploads\/2024\/03\/55-1-768x1024.jpg",768,1024,true],"author_info":[],"comment_info":0,"_links":{"self":[{"href":"https:\/\/www.circularsecondhand.org\/es\/wp-json\/wp\/v2\/product\/7449","targetHints":{"allow":["GET"]}}],"collection":[{"href":"https:\/\/www.circularsecondhand.org\/es\/wp-json\/wp\/v2\/product"}],"about":[{"href":"https:\/\/www.circularsecondhand.org\/es\/wp-json\/wp\/v2\/types\/product"}],"replies":[{"embeddable":true,"href":"https:\/\/www.circularsecondhand.org\/es\/wp-json\/wp\/v2\/comments?post=7449"}],"wp:featuredmedia":[{"embeddable":true,"href":"https:\/\/www.circularsecondhand.org\/es\/wp-json\/wp\/v2\/media\/6010"}],"wp:attachment":[{"href":"https:\/\/www.circularsecondhand.org\/es\/wp-json\/wp\/v2\/media?parent=7449"}],"wp:term":[{"taxonomy":"product_brand","embeddable":true,"href":"https:\/\/www.circularsecondhand.org\/es\/wp-json\/wp\/v2\/product_brand?post=7449"},{"taxonomy":"product_cat","embeddable":true,"href":"https:\/\/www.circularsecondhand.org\/es\/wp-json\/wp\/v2\/product_cat?post=7449"},{"taxonomy":"product_tag","embeddable":true,"href":"https:\/\/www.circularsecondhand.org\/es\/wp-json\/wp\/v2\/product_tag?post=7449"},{"taxonomy":"product_brands","embeddable":true,"href":"https:\/\/www.circularsecondhand.org\/es\/wp-json\/wp\/v2\/product_brands?post=7449"}],"curies":[{"name":"wp","href":"https:\/\/api.w.org\/{rel}","templated":true}]}}