{"id":7438,"date":"2024-03-27T11:55:08","date_gmt":"2024-03-27T10:55:08","guid":{"rendered":"https:\/\/circularsecondhand.org\/abrigo-impermeable-sportique\/"},"modified":"2025-01-31T10:36:08","modified_gmt":"2025-01-31T09:36:08","slug":"abrigo-impermeable-sportique","status":"publish","type":"product","link":"https:\/\/www.circularsecondhand.org\/es\/abrigo-impermeable-sportique\/","title":{"rendered":"Abrigo impermeable SportiQue"},"content":{"rendered":"","protected":false},"excerpt":{"rendered":"<p>El abrigo impermeable SportiQue es perfecto para mantenerte seco y protegido en cualquier clima. Con su dise\u00f1o resistente al agua, no tendr\u00e1s que preocuparte por mojarte bajo la lluvia o la nieve. Adem\u00e1s, su estilo deportivo te har\u00e1 lucir genial mientras te mantienes c\u00f3modo. Ya sea que est\u00e9s practicando deportes al aire libre o simplemente dando un paseo, este abrigo es una opci\u00f3n ideal para mantenerte seco ya la moda.<\/p>\n","protected":false},"featured_media":5900,"comment_status":"closed","ping_status":"closed","template":"","meta":{"_kad_blocks_custom_css":"","_kad_blocks_head_custom_js":"","_kad_blocks_body_custom_js":"","_kad_blocks_footer_custom_js":"","_kad_post_transparent":"","_kad_post_title":"","_kad_post_layout":"","_kad_post_sidebar_id":"","_kad_post_content_style":"","_kad_post_vertical_padding":"","_kad_post_feature":"","_kad_post_feature_position":"","_kad_post_header":false,"_kad_post_footer":false,"_kad_post_classname":""},"product_brand":[],"product_cat":[381,1020],"product_tag":[152,582],"product_brands":[413],"class_list":{"0":"post-7438","1":"product","2":"type-product","3":"status-publish","4":"has-post-thumbnail","6":"product_cat-abrigos-tallaje-femenino","7":"product_cat-liquidacion","8":"product_tag-minimalista-es","9":"product_tag-primavera-verano","10":"product_brands-sportique-es","12":"first","13":"instock","14":"sale","15":"sold-individually","16":"taxable","17":"shipping-taxable","18":"purchasable","19":"product-type-simple","20":"entry","21":"content-bg","22":"loop-entry"},"taxonomy_info":{"product_cat":[{"value":381,"label":"Abrigos"},{"value":1020,"label":"Liquidaci\u00f3n"}],"product_tag":[{"value":152,"label":"Minimalista"},{"value":582,"label":"Primavera\/Verano"}],"product_brands":[{"value":413,"label":"SportiQue"}]},"featured_image_src_large":["https:\/\/www.circularsecondhand.org\/wp-content\/uploads\/2024\/03\/33-1-768x1024.jpg",768,1024,true],"author_info":[],"comment_info":0,"_links":{"self":[{"href":"https:\/\/www.circularsecondhand.org\/es\/wp-json\/wp\/v2\/product\/7438","targetHints":{"allow":["GET"]}}],"collection":[{"href":"https:\/\/www.circularsecondhand.org\/es\/wp-json\/wp\/v2\/product"}],"about":[{"href":"https:\/\/www.circularsecondhand.org\/es\/wp-json\/wp\/v2\/types\/product"}],"replies":[{"embeddable":true,"href":"https:\/\/www.circularsecondhand.org\/es\/wp-json\/wp\/v2\/comments?post=7438"}],"wp:featuredmedia":[{"embeddable":true,"href":"https:\/\/www.circularsecondhand.org\/es\/wp-json\/wp\/v2\/media\/5900"}],"wp:attachment":[{"href":"https:\/\/www.circularsecondhand.org\/es\/wp-json\/wp\/v2\/media?parent=7438"}],"wp:term":[{"taxonomy":"product_brand","embeddable":true,"href":"https:\/\/www.circularsecondhand.org\/es\/wp-json\/wp\/v2\/product_brand?post=7438"},{"taxonomy":"product_cat","embeddable":true,"href":"https:\/\/www.circularsecondhand.org\/es\/wp-json\/wp\/v2\/product_cat?post=7438"},{"taxonomy":"product_tag","embeddable":true,"href":"https:\/\/www.circularsecondhand.org\/es\/wp-json\/wp\/v2\/product_tag?post=7438"},{"taxonomy":"product_brands","embeddable":true,"href":"https:\/\/www.circularsecondhand.org\/es\/wp-json\/wp\/v2\/product_brands?post=7438"}],"curies":[{"name":"wp","href":"https:\/\/api.w.org\/{rel}","templated":true}]}}