{"id":7427,"date":"2024-03-27T08:55:08","date_gmt":"2024-03-27T07:55:08","guid":{"rendered":"https:\/\/circularsecondhand.org\/chaleco-abotonado-verde\/"},"modified":"2025-01-31T10:38:50","modified_gmt":"2025-01-31T09:38:50","slug":"chaleco-abotonado-verde","status":"publish","type":"product","link":"https:\/\/www.circularsecondhand.org\/es\/chaleco-abotonado-verde\/","title":{"rendered":"Chaleco abotonado verde"},"content":{"rendered":"","protected":false},"excerpt":{"rendered":"<p>Este chaleco abotonado verde es una prenda vers\u00e1til y elegante para tu colecci\u00f3n. Es perfecta para a\u00f1adirle un toque de estilo a cualquier conjunto y su dise\u00f1o cl\u00e1sico y su color verde vivo la convierten en una opci\u00f3n ideal para cualquier ocasi\u00f3n. Ya sea que la combines con una camisa formal o con una camiseta casual, este chaleco te mantendr\u00e1 c\u00f3modo ya la moda. \u00a1No esperes m\u00e1s y a\u00f1ade este chaleco abotonado verde a tu colecci\u00f3n de piezas imprescindibles!<\/p>\n","protected":false},"featured_media":5890,"comment_status":"closed","ping_status":"open","template":"","meta":{"_kad_blocks_custom_css":"","_kad_blocks_head_custom_js":"","_kad_blocks_body_custom_js":"","_kad_blocks_footer_custom_js":"","_kad_post_transparent":"","_kad_post_title":"","_kad_post_layout":"","_kad_post_sidebar_id":"","_kad_post_content_style":"","_kad_post_vertical_padding":"","_kad_post_feature":"","_kad_post_feature_position":"","_kad_post_header":false,"_kad_post_footer":false,"_kad_post_classname":""},"product_brand":[],"product_cat":[358,1020],"product_tag":[152,584],"product_brands":[],"class_list":{"0":"post-7427","1":"product","2":"type-product","3":"status-publish","4":"has-post-thumbnail","6":"product_cat-jerseis-y-sudaderas-tallaje-femenino","7":"product_cat-liquidacion","8":"product_tag-minimalista-es","9":"product_tag-otono-invierno","11":"first","12":"instock","13":"sale","14":"sold-individually","15":"taxable","16":"shipping-taxable","17":"purchasable","18":"product-type-simple","19":"entry","20":"content-bg","21":"loop-entry"},"taxonomy_info":{"product_cat":[{"value":358,"label":"Jers\u00e9is y Sudaderas"},{"value":1020,"label":"Liquidaci\u00f3n"}],"product_tag":[{"value":152,"label":"Minimalista"},{"value":584,"label":"Oto\u00f1o\/Invierno"}]},"featured_image_src_large":["https:\/\/www.circularsecondhand.org\/wp-content\/uploads\/2024\/03\/31-1-768x1024.jpg",768,1024,true],"author_info":[],"comment_info":0,"_links":{"self":[{"href":"https:\/\/www.circularsecondhand.org\/es\/wp-json\/wp\/v2\/product\/7427","targetHints":{"allow":["GET"]}}],"collection":[{"href":"https:\/\/www.circularsecondhand.org\/es\/wp-json\/wp\/v2\/product"}],"about":[{"href":"https:\/\/www.circularsecondhand.org\/es\/wp-json\/wp\/v2\/types\/product"}],"replies":[{"embeddable":true,"href":"https:\/\/www.circularsecondhand.org\/es\/wp-json\/wp\/v2\/comments?post=7427"}],"wp:featuredmedia":[{"embeddable":true,"href":"https:\/\/www.circularsecondhand.org\/es\/wp-json\/wp\/v2\/media\/5890"}],"wp:attachment":[{"href":"https:\/\/www.circularsecondhand.org\/es\/wp-json\/wp\/v2\/media?parent=7427"}],"wp:term":[{"taxonomy":"product_brand","embeddable":true,"href":"https:\/\/www.circularsecondhand.org\/es\/wp-json\/wp\/v2\/product_brand?post=7427"},{"taxonomy":"product_cat","embeddable":true,"href":"https:\/\/www.circularsecondhand.org\/es\/wp-json\/wp\/v2\/product_cat?post=7427"},{"taxonomy":"product_tag","embeddable":true,"href":"https:\/\/www.circularsecondhand.org\/es\/wp-json\/wp\/v2\/product_tag?post=7427"},{"taxonomy":"product_brands","embeddable":true,"href":"https:\/\/www.circularsecondhand.org\/es\/wp-json\/wp\/v2\/product_brands?post=7427"}],"curies":[{"name":"wp","href":"https:\/\/api.w.org\/{rel}","templated":true}]}}