{"id":7426,"date":"2024-03-27T08:55:46","date_gmt":"2024-03-27T07:55:46","guid":{"rendered":"https:\/\/circularsecondhand.org\/jersey-con-cuello-pico-sala\/"},"modified":"2024-12-11T16:59:27","modified_gmt":"2024-12-11T15:59:27","slug":"jersey-con-cuello-pico-sala","status":"publish","type":"product","link":"https:\/\/www.circularsecondhand.org\/es\/jersey-con-cuello-pico-sala\/","title":{"rendered":"Jersey con cuello pico Sala"},"content":{"rendered":"","protected":false},"excerpt":{"rendered":"<p>Este jersey de punto Sala es perfecto para los d\u00edas fr\u00edos de invierno. Su cuello de pico le da un toque elegante y sofisticado a tu look. Est\u00e1 confeccionado con materiales de alta calidad que te mantendr\u00e1n arropado y c\u00f3modo durante todo el d\u00eda. Es vers\u00e1til y f\u00e1cil de combinar con cualquier outfit. A\u00f1ade estilo y calidez a tu armario con este jersey de cuello de pico Sala.<\/p>\n","protected":false},"featured_media":6015,"comment_status":"closed","ping_status":"open","template":"","meta":{"_kad_blocks_custom_css":"","_kad_blocks_head_custom_js":"","_kad_blocks_body_custom_js":"","_kad_blocks_footer_custom_js":"","_kad_post_transparent":"","_kad_post_title":"","_kad_post_layout":"","_kad_post_sidebar_id":"","_kad_post_content_style":"","_kad_post_vertical_padding":"","_kad_post_feature":"","_kad_post_feature_position":"","_kad_post_header":false,"_kad_post_footer":false,"_kad_post_classname":""},"product_brand":[],"product_cat":[363],"product_tag":[128,584],"product_brands":[532],"class_list":{"0":"post-7426","1":"product","2":"type-product","3":"status-publish","4":"has-post-thumbnail","6":"product_cat-jerseis-y-sudaderas-tallaje-masculino","7":"product_tag-boho-es","8":"product_tag-otono-invierno","9":"product_brands-sala-es","11":"first","12":"outofstock","13":"sold-individually","14":"taxable","15":"shipping-taxable","16":"purchasable","17":"product-type-simple","18":"entry","19":"content-bg","20":"loop-entry"},"taxonomy_info":{"product_cat":[{"value":363,"label":"Jers\u00e9is y Sudaderas"}],"product_tag":[{"value":128,"label":"Boho"},{"value":584,"label":"Oto\u00f1o\/Invierno"}],"product_brands":[{"value":532,"label":"Sala"}]},"featured_image_src_large":["https:\/\/www.circularsecondhand.org\/wp-content\/uploads\/2024\/03\/56-1-768x1024.jpg",768,1024,true],"author_info":[],"comment_info":0,"_links":{"self":[{"href":"https:\/\/www.circularsecondhand.org\/es\/wp-json\/wp\/v2\/product\/7426","targetHints":{"allow":["GET"]}}],"collection":[{"href":"https:\/\/www.circularsecondhand.org\/es\/wp-json\/wp\/v2\/product"}],"about":[{"href":"https:\/\/www.circularsecondhand.org\/es\/wp-json\/wp\/v2\/types\/product"}],"replies":[{"embeddable":true,"href":"https:\/\/www.circularsecondhand.org\/es\/wp-json\/wp\/v2\/comments?post=7426"}],"wp:featuredmedia":[{"embeddable":true,"href":"https:\/\/www.circularsecondhand.org\/es\/wp-json\/wp\/v2\/media\/6015"}],"wp:attachment":[{"href":"https:\/\/www.circularsecondhand.org\/es\/wp-json\/wp\/v2\/media?parent=7426"}],"wp:term":[{"taxonomy":"product_brand","embeddable":true,"href":"https:\/\/www.circularsecondhand.org\/es\/wp-json\/wp\/v2\/product_brand?post=7426"},{"taxonomy":"product_cat","embeddable":true,"href":"https:\/\/www.circularsecondhand.org\/es\/wp-json\/wp\/v2\/product_cat?post=7426"},{"taxonomy":"product_tag","embeddable":true,"href":"https:\/\/www.circularsecondhand.org\/es\/wp-json\/wp\/v2\/product_tag?post=7426"},{"taxonomy":"product_brands","embeddable":true,"href":"https:\/\/www.circularsecondhand.org\/es\/wp-json\/wp\/v2\/product_brands?post=7426"}],"curies":[{"name":"wp","href":"https:\/\/api.w.org\/{rel}","templated":true}]}}