{"id":7416,"date":"2024-03-27T08:56:56","date_gmt":"2024-03-27T07:56:56","guid":{"rendered":"https:\/\/circularsecondhand.org\/chaleco-beige-gloria\/"},"modified":"2025-01-31T10:34:22","modified_gmt":"2025-01-31T09:34:22","slug":"chaleco-beige-gloria","status":"publish","type":"product","link":"https:\/\/www.circularsecondhand.org\/es\/chaleco-beige-gloria\/","title":{"rendered":"Chaleco beige Gloria"},"content":{"rendered":"","protected":false},"excerpt":{"rendered":"<p>El chaleco beige Gloria es una prenda elegante y vers\u00e1til. Su color beige neutro es perfecto para combinar con distintos estilos y colores. Para una ocasi\u00f3n formal o casual, el chaleco beige Gloria te har\u00e1 lucir sofisticado ya la moda. A\u00f1ade este imprescindible b\u00e1sico a tu colecci\u00f3n y destaca con estilo.<\/p>\n","protected":false},"featured_media":6145,"comment_status":"closed","ping_status":"open","template":"","meta":{"_kad_blocks_custom_css":"","_kad_blocks_head_custom_js":"","_kad_blocks_body_custom_js":"","_kad_blocks_footer_custom_js":"","_kad_post_transparent":"","_kad_post_title":"","_kad_post_layout":"","_kad_post_sidebar_id":"","_kad_post_content_style":"","_kad_post_vertical_padding":"","_kad_post_feature":"","_kad_post_feature_position":"","_kad_post_header":false,"_kad_post_footer":false,"_kad_post_classname":""},"product_brand":[],"product_cat":[358,1020],"product_tag":[152,584],"product_brands":[470],"class_list":{"0":"post-7416","1":"product","2":"type-product","3":"status-publish","4":"has-post-thumbnail","6":"product_cat-jerseis-y-sudaderas-tallaje-femenino","7":"product_cat-liquidacion","8":"product_tag-minimalista-es","9":"product_tag-otono-invierno","10":"product_brands-gloria-es","12":"first","13":"instock","14":"sale","15":"sold-individually","16":"taxable","17":"shipping-taxable","18":"purchasable","19":"product-type-simple","20":"entry","21":"content-bg","22":"loop-entry"},"taxonomy_info":{"product_cat":[{"value":358,"label":"Jers\u00e9is y Sudaderas"},{"value":1020,"label":"Liquidaci\u00f3n"}],"product_tag":[{"value":152,"label":"Minimalista"},{"value":584,"label":"Oto\u00f1o\/Invierno"}],"product_brands":[{"value":470,"label":"Gloria"}]},"featured_image_src_large":["https:\/\/www.circularsecondhand.org\/wp-content\/uploads\/2024\/03\/82-1-768x1024.jpg",768,1024,true],"author_info":[],"comment_info":0,"_links":{"self":[{"href":"https:\/\/www.circularsecondhand.org\/es\/wp-json\/wp\/v2\/product\/7416","targetHints":{"allow":["GET"]}}],"collection":[{"href":"https:\/\/www.circularsecondhand.org\/es\/wp-json\/wp\/v2\/product"}],"about":[{"href":"https:\/\/www.circularsecondhand.org\/es\/wp-json\/wp\/v2\/types\/product"}],"replies":[{"embeddable":true,"href":"https:\/\/www.circularsecondhand.org\/es\/wp-json\/wp\/v2\/comments?post=7416"}],"wp:featuredmedia":[{"embeddable":true,"href":"https:\/\/www.circularsecondhand.org\/es\/wp-json\/wp\/v2\/media\/6145"}],"wp:attachment":[{"href":"https:\/\/www.circularsecondhand.org\/es\/wp-json\/wp\/v2\/media?parent=7416"}],"wp:term":[{"taxonomy":"product_brand","embeddable":true,"href":"https:\/\/www.circularsecondhand.org\/es\/wp-json\/wp\/v2\/product_brand?post=7416"},{"taxonomy":"product_cat","embeddable":true,"href":"https:\/\/www.circularsecondhand.org\/es\/wp-json\/wp\/v2\/product_cat?post=7416"},{"taxonomy":"product_tag","embeddable":true,"href":"https:\/\/www.circularsecondhand.org\/es\/wp-json\/wp\/v2\/product_tag?post=7416"},{"taxonomy":"product_brands","embeddable":true,"href":"https:\/\/www.circularsecondhand.org\/es\/wp-json\/wp\/v2\/product_brands?post=7416"}],"curies":[{"name":"wp","href":"https:\/\/api.w.org\/{rel}","templated":true}]}}