{"id":7413,"date":"2024-03-27T08:56:21","date_gmt":"2024-03-27T07:56:21","guid":{"rendered":"https:\/\/circularsecondhand.org\/jersey-de-rombos-cropped\/"},"modified":"2025-01-31T10:39:08","modified_gmt":"2025-01-31T09:39:08","slug":"jersey-de-rombos-cropped","status":"publish","type":"product","link":"https:\/\/www.circularsecondhand.org\/es\/jersey-de-rombos-cropped\/","title":{"rendered":"Jersey de rombos cropped"},"content":{"rendered":"","protected":false},"excerpt":{"rendered":"<p>Este jersey de rombos cropped es la prenda perfecta para a\u00f1adir un toque de estilo a tu armario. Con su dise\u00f1o de rombos en colores intensos, este jersey es moderno y llamativo. Su fit cropped le hace ideal para combinarlo con faldas o pantalones de cintura alta, creando un look elegante ya la moda.<\/p>\n","protected":false},"featured_media":6095,"comment_status":"closed","ping_status":"open","template":"","meta":{"_kad_blocks_custom_css":"","_kad_blocks_head_custom_js":"","_kad_blocks_body_custom_js":"","_kad_blocks_footer_custom_js":"","_kad_post_transparent":"","_kad_post_title":"","_kad_post_layout":"","_kad_post_sidebar_id":"","_kad_post_content_style":"","_kad_post_vertical_padding":"","_kad_post_feature":"","_kad_post_feature_position":"","_kad_post_header":false,"_kad_post_footer":false,"_kad_post_classname":""},"product_brand":[],"product_cat":[358,1020],"product_tag":[584,131],"product_brands":[],"class_list":{"0":"post-7413","1":"product","2":"type-product","3":"status-publish","4":"has-post-thumbnail","6":"product_cat-jerseis-y-sudaderas-tallaje-femenino","7":"product_cat-liquidacion","8":"product_tag-otono-invierno","9":"product_tag-vintage-es","11":"first","12":"outofstock","13":"sale","14":"sold-individually","15":"taxable","16":"shipping-taxable","17":"purchasable","18":"product-type-simple","19":"entry","20":"content-bg","21":"loop-entry"},"taxonomy_info":{"product_cat":[{"value":358,"label":"Jers\u00e9is y Sudaderas"},{"value":1020,"label":"Liquidaci\u00f3n"}],"product_tag":[{"value":584,"label":"Oto\u00f1o\/Invierno"},{"value":131,"label":"Vintage"}]},"featured_image_src_large":["https:\/\/www.circularsecondhand.org\/wp-content\/uploads\/2024\/03\/72-1-768x1024.jpg",768,1024,true],"author_info":[],"comment_info":0,"_links":{"self":[{"href":"https:\/\/www.circularsecondhand.org\/es\/wp-json\/wp\/v2\/product\/7413","targetHints":{"allow":["GET"]}}],"collection":[{"href":"https:\/\/www.circularsecondhand.org\/es\/wp-json\/wp\/v2\/product"}],"about":[{"href":"https:\/\/www.circularsecondhand.org\/es\/wp-json\/wp\/v2\/types\/product"}],"replies":[{"embeddable":true,"href":"https:\/\/www.circularsecondhand.org\/es\/wp-json\/wp\/v2\/comments?post=7413"}],"wp:featuredmedia":[{"embeddable":true,"href":"https:\/\/www.circularsecondhand.org\/es\/wp-json\/wp\/v2\/media\/6095"}],"wp:attachment":[{"href":"https:\/\/www.circularsecondhand.org\/es\/wp-json\/wp\/v2\/media?parent=7413"}],"wp:term":[{"taxonomy":"product_brand","embeddable":true,"href":"https:\/\/www.circularsecondhand.org\/es\/wp-json\/wp\/v2\/product_brand?post=7413"},{"taxonomy":"product_cat","embeddable":true,"href":"https:\/\/www.circularsecondhand.org\/es\/wp-json\/wp\/v2\/product_cat?post=7413"},{"taxonomy":"product_tag","embeddable":true,"href":"https:\/\/www.circularsecondhand.org\/es\/wp-json\/wp\/v2\/product_tag?post=7413"},{"taxonomy":"product_brands","embeddable":true,"href":"https:\/\/www.circularsecondhand.org\/es\/wp-json\/wp\/v2\/product_brands?post=7413"}],"curies":[{"name":"wp","href":"https:\/\/api.w.org\/{rel}","templated":true}]}}