{"id":7399,"date":"2024-03-27T08:56:56","date_gmt":"2024-03-27T07:56:56","guid":{"rendered":"https:\/\/circularsecondhand.org\/jersey-gris-de-cuello-alto-zara\/"},"modified":"2025-03-13T09:01:19","modified_gmt":"2025-03-13T08:01:19","slug":"jersey-gris-de-cuello-alto-zara","status":"publish","type":"product","link":"https:\/\/www.circularsecondhand.org\/es\/jersey-gris-de-cuello-alto-zara\/","title":{"rendered":"Jersey gris de cuello alto Zara"},"content":{"rendered":"","protected":false},"excerpt":{"rendered":"<p>\u00a1Eleva tu estilo con este incre\u00edble jersey gris de Zara! Con un patr\u00f3n en blanco y negro, este jersey es perfecto para a\u00f1adirle un toque de elegancia a cualquier conjunto. Su cuello alto le da un aspecto moderno y sofisticado, mientras que su dise\u00f1o vers\u00e1til le convierte en una prenda imprescindible para cualquier ocasi\u00f3n.<\/p>\n","protected":false},"featured_media":6225,"comment_status":"closed","ping_status":"closed","template":"","meta":{"_kad_blocks_custom_css":"","_kad_blocks_head_custom_js":"","_kad_blocks_body_custom_js":"","_kad_blocks_footer_custom_js":"","_kad_post_transparent":"","_kad_post_title":"","_kad_post_layout":"","_kad_post_sidebar_id":"","_kad_post_content_style":"","_kad_post_vertical_padding":"","_kad_post_feature":"","_kad_post_feature_position":"","_kad_post_header":false,"_kad_post_footer":false,"_kad_post_classname":""},"product_brand":[],"product_cat":[363,1020],"product_tag":[129,584],"product_brands":[552],"class_list":{"0":"post-7399","1":"product","2":"type-product","3":"status-publish","4":"has-post-thumbnail","6":"product_cat-jerseis-y-sudaderas-tallaje-masculino","7":"product_cat-liquidacion","8":"product_tag-basicos","9":"product_tag-otono-invierno","10":"product_brands-zara-es","12":"first","13":"outofstock","14":"sale","15":"sold-individually","16":"taxable","17":"shipping-taxable","18":"purchasable","19":"product-type-simple","20":"entry","21":"content-bg","22":"loop-entry"},"taxonomy_info":{"product_cat":[{"value":363,"label":"Jers\u00e9is y Sudaderas"},{"value":1020,"label":"Liquidaci\u00f3n"}],"product_tag":[{"value":129,"label":"B\u00e1sicos"},{"value":584,"label":"Oto\u00f1o\/Invierno"}],"product_brands":[{"value":552,"label":"Zara"}]},"featured_image_src_large":["https:\/\/www.circularsecondhand.org\/wp-content\/uploads\/2024\/03\/98-1-768x1024.jpg",768,1024,true],"author_info":[],"comment_info":0,"_links":{"self":[{"href":"https:\/\/www.circularsecondhand.org\/es\/wp-json\/wp\/v2\/product\/7399","targetHints":{"allow":["GET"]}}],"collection":[{"href":"https:\/\/www.circularsecondhand.org\/es\/wp-json\/wp\/v2\/product"}],"about":[{"href":"https:\/\/www.circularsecondhand.org\/es\/wp-json\/wp\/v2\/types\/product"}],"replies":[{"embeddable":true,"href":"https:\/\/www.circularsecondhand.org\/es\/wp-json\/wp\/v2\/comments?post=7399"}],"wp:featuredmedia":[{"embeddable":true,"href":"https:\/\/www.circularsecondhand.org\/es\/wp-json\/wp\/v2\/media\/6225"}],"wp:attachment":[{"href":"https:\/\/www.circularsecondhand.org\/es\/wp-json\/wp\/v2\/media?parent=7399"}],"wp:term":[{"taxonomy":"product_brand","embeddable":true,"href":"https:\/\/www.circularsecondhand.org\/es\/wp-json\/wp\/v2\/product_brand?post=7399"},{"taxonomy":"product_cat","embeddable":true,"href":"https:\/\/www.circularsecondhand.org\/es\/wp-json\/wp\/v2\/product_cat?post=7399"},{"taxonomy":"product_tag","embeddable":true,"href":"https:\/\/www.circularsecondhand.org\/es\/wp-json\/wp\/v2\/product_tag?post=7399"},{"taxonomy":"product_brands","embeddable":true,"href":"https:\/\/www.circularsecondhand.org\/es\/wp-json\/wp\/v2\/product_brands?post=7399"}],"curies":[{"name":"wp","href":"https:\/\/api.w.org\/{rel}","templated":true}]}}