{"id":7392,"date":"2024-03-27T08:56:56","date_gmt":"2024-03-27T07:56:56","guid":{"rendered":"https:\/\/circularsecondhand.org\/jersey-turquesa-leon\/"},"modified":"2025-04-09T08:59:09","modified_gmt":"2025-04-09T06:59:09","slug":"jersey-turquesa-leon","status":"publish","type":"product","link":"https:\/\/www.circularsecondhand.org\/es\/jersey-turquesa-leon\/","title":{"rendered":"Jersey turquesa Le\u00f3n"},"content":{"rendered":"","protected":false},"excerpt":{"rendered":"<p>Este jersey turquesa Leon es perfecto para mantenerte arropado ya la moda durante los d\u00edas fr\u00edos. Con su frente abotonada y su tejido de punto verde, este jersey es una opci\u00f3n elegante y c\u00f3moda para cualquier ocasi\u00f3n. La combinaci\u00f3n de colores intensos y el dise\u00f1o cl\u00e1sico hacen de este jersey una prenda vers\u00e1til que puedes combinar f\u00e1cilmente con cualquier outfit. Mant\u00e9n el estilo y el calor con este hermoso jersey turquesa de Leon.<\/p>\n","protected":false},"featured_media":6185,"comment_status":"closed","ping_status":"closed","template":"","meta":{"_kad_blocks_custom_css":"","_kad_blocks_head_custom_js":"","_kad_blocks_body_custom_js":"","_kad_blocks_footer_custom_js":"","_kad_post_transparent":"default","_kad_post_title":"","_kad_post_layout":"default","_kad_post_sidebar_id":"","_kad_post_content_style":"default","_kad_post_vertical_padding":"default","_kad_post_feature":"","_kad_post_feature_position":"","_kad_post_header":false,"_kad_post_footer":false,"_kad_post_classname":""},"product_brand":[],"product_cat":[363,1020],"product_tag":[584,1087],"product_brands":[493],"class_list":{"0":"post-7392","1":"product","2":"type-product","3":"status-publish","4":"has-post-thumbnail","6":"product_cat-jerseis-y-sudaderas-tallaje-masculino","7":"product_cat-liquidacion","8":"product_tag-otono-invierno","9":"product_tag-sin-genero","10":"product_brands-leon-es","12":"first","13":"outofstock","14":"sale","15":"sold-individually","16":"taxable","17":"shipping-taxable","18":"purchasable","19":"product-type-simple","20":"entry","21":"content-bg","22":"loop-entry"},"taxonomy_info":{"product_cat":[{"value":363,"label":"Jers\u00e9is y Sudaderas"},{"value":1020,"label":"Liquidaci\u00f3n"}],"product_tag":[{"value":584,"label":"Oto\u00f1o\/Invierno"},{"value":1087,"label":"Sin G\u00e9nero"}],"product_brands":[{"value":493,"label":"Leon"}]},"featured_image_src_large":["https:\/\/www.circularsecondhand.org\/wp-content\/uploads\/2024\/03\/90-1-768x1024.jpg",768,1024,true],"author_info":[],"comment_info":0,"_links":{"self":[{"href":"https:\/\/www.circularsecondhand.org\/es\/wp-json\/wp\/v2\/product\/7392","targetHints":{"allow":["GET"]}}],"collection":[{"href":"https:\/\/www.circularsecondhand.org\/es\/wp-json\/wp\/v2\/product"}],"about":[{"href":"https:\/\/www.circularsecondhand.org\/es\/wp-json\/wp\/v2\/types\/product"}],"replies":[{"embeddable":true,"href":"https:\/\/www.circularsecondhand.org\/es\/wp-json\/wp\/v2\/comments?post=7392"}],"wp:featuredmedia":[{"embeddable":true,"href":"https:\/\/www.circularsecondhand.org\/es\/wp-json\/wp\/v2\/media\/6185"}],"wp:attachment":[{"href":"https:\/\/www.circularsecondhand.org\/es\/wp-json\/wp\/v2\/media?parent=7392"}],"wp:term":[{"taxonomy":"product_brand","embeddable":true,"href":"https:\/\/www.circularsecondhand.org\/es\/wp-json\/wp\/v2\/product_brand?post=7392"},{"taxonomy":"product_cat","embeddable":true,"href":"https:\/\/www.circularsecondhand.org\/es\/wp-json\/wp\/v2\/product_cat?post=7392"},{"taxonomy":"product_tag","embeddable":true,"href":"https:\/\/www.circularsecondhand.org\/es\/wp-json\/wp\/v2\/product_tag?post=7392"},{"taxonomy":"product_brands","embeddable":true,"href":"https:\/\/www.circularsecondhand.org\/es\/wp-json\/wp\/v2\/product_brands?post=7392"}],"curies":[{"name":"wp","href":"https:\/\/api.w.org\/{rel}","templated":true}]}}