{"id":7357,"date":"2024-03-27T08:58:08","date_gmt":"2024-03-27T07:58:08","guid":{"rendered":"https:\/\/circularsecondhand.org\/bermudas-de-cuadros-tommy-hilfiger\/"},"modified":"2024-04-05T11:11:51","modified_gmt":"2024-04-05T09:11:51","slug":"bermudas-de-cuadros-tommy-hilfiger","status":"publish","type":"product","link":"https:\/\/www.circularsecondhand.org\/es\/bermudas-de-cuadros-tommy-hilfiger\/","title":{"rendered":"Bermudas de cuadros Tommy Hilfiger"},"content":{"rendered":"","protected":false},"excerpt":{"rendered":"<p>Estas bermudas de cuadros azules y blancos son la prenda perfecta para el verano. Confeccionados por Tommy Hilfiger, estas bermudas de cuadros son una combinaci\u00f3n de estilo y comodidad. El dise\u00f1o a cuadros le da un toque moderno y juvenil, mientras que la calidad de la marca garantiza durabilidad y resistencia. Ya sea para un d\u00eda en la playa o una tarde de paseo, estos shorts ser\u00e1n tu mejor opci\u00f3n. \u00a1No te quedes sin ellos!<\/p>\n","protected":false},"featured_media":6360,"comment_status":"closed","ping_status":"open","template":"","meta":{"_kad_blocks_custom_css":"","_kad_blocks_head_custom_js":"","_kad_blocks_body_custom_js":"","_kad_blocks_footer_custom_js":"","_kad_post_transparent":"","_kad_post_title":"","_kad_post_layout":"","_kad_post_sidebar_id":"","_kad_post_content_style":"","_kad_post_vertical_padding":"","_kad_post_feature":"","_kad_post_feature_position":"","_kad_post_header":false,"_kad_post_footer":false,"_kad_post_classname":""},"product_brand":[],"product_cat":[374],"product_tag":[129,582],"product_brands":[546],"class_list":{"0":"post-7357","1":"product","2":"type-product","3":"status-publish","4":"has-post-thumbnail","6":"product_cat-bermudas-tallaje-masculino","7":"product_tag-basicos","8":"product_tag-primavera-verano","9":"product_brands-tommy-hilfiger-es","11":"first","12":"instock","13":"sold-individually","14":"taxable","15":"shipping-taxable","16":"purchasable","17":"product-type-simple","18":"entry","19":"content-bg","20":"loop-entry"},"taxonomy_info":{"product_cat":[{"value":374,"label":"Bermudas"}],"product_tag":[{"value":129,"label":"B\u00e1sicos"},{"value":582,"label":"Primavera\/Verano"}],"product_brands":[{"value":546,"label":"Tommy Hilfiger"}]},"featured_image_src_large":["https:\/\/www.circularsecondhand.org\/wp-content\/uploads\/2024\/03\/125-1-768x1024.jpg",768,1024,true],"author_info":[],"comment_info":0,"_links":{"self":[{"href":"https:\/\/www.circularsecondhand.org\/es\/wp-json\/wp\/v2\/product\/7357","targetHints":{"allow":["GET"]}}],"collection":[{"href":"https:\/\/www.circularsecondhand.org\/es\/wp-json\/wp\/v2\/product"}],"about":[{"href":"https:\/\/www.circularsecondhand.org\/es\/wp-json\/wp\/v2\/types\/product"}],"replies":[{"embeddable":true,"href":"https:\/\/www.circularsecondhand.org\/es\/wp-json\/wp\/v2\/comments?post=7357"}],"wp:featuredmedia":[{"embeddable":true,"href":"https:\/\/www.circularsecondhand.org\/es\/wp-json\/wp\/v2\/media\/6360"}],"wp:attachment":[{"href":"https:\/\/www.circularsecondhand.org\/es\/wp-json\/wp\/v2\/media?parent=7357"}],"wp:term":[{"taxonomy":"product_brand","embeddable":true,"href":"https:\/\/www.circularsecondhand.org\/es\/wp-json\/wp\/v2\/product_brand?post=7357"},{"taxonomy":"product_cat","embeddable":true,"href":"https:\/\/www.circularsecondhand.org\/es\/wp-json\/wp\/v2\/product_cat?post=7357"},{"taxonomy":"product_tag","embeddable":true,"href":"https:\/\/www.circularsecondhand.org\/es\/wp-json\/wp\/v2\/product_tag?post=7357"},{"taxonomy":"product_brands","embeddable":true,"href":"https:\/\/www.circularsecondhand.org\/es\/wp-json\/wp\/v2\/product_brands?post=7357"}],"curies":[{"name":"wp","href":"https:\/\/api.w.org\/{rel}","templated":true}]}}