{"id":7336,"date":"2024-03-27T08:58:44","date_gmt":"2024-03-27T07:58:44","guid":{"rendered":"https:\/\/circularsecondhand.org\/jersey-verde-oscuro-pedro-del-hierro\/"},"modified":"2024-12-11T17:01:08","modified_gmt":"2024-12-11T16:01:08","slug":"jersey-verde-oscuro-pedro-del-hierro","status":"publish","type":"product","link":"https:\/\/www.circularsecondhand.org\/es\/jersey-verde-oscuro-pedro-del-hierro\/","title":{"rendered":"Jersey verde oscuro Pedro del Hierro"},"content":{"rendered":"","protected":false},"excerpt":{"rendered":"<p>Este jersey verde oscuro de Pedro del Hierro es una prenda elegante y vers\u00e1til que puede ser usada en varias ocasiones. Confeccionado con materiales de alta calidad, este jersey ofrece comodidad y estilo a quien lo lleve. Su color verde oscuro es perfecto para oto\u00f1o e invierno, y su dise\u00f1o cl\u00e1sico lo convierte en una prenda atemporal en cualquier colecci\u00f3n.<\/p>\n","protected":false},"featured_media":6520,"comment_status":"closed","ping_status":"open","template":"","meta":{"_kad_blocks_custom_css":"","_kad_blocks_head_custom_js":"","_kad_blocks_body_custom_js":"","_kad_blocks_footer_custom_js":"","_kad_post_transparent":"","_kad_post_title":"","_kad_post_layout":"","_kad_post_sidebar_id":"","_kad_post_content_style":"","_kad_post_vertical_padding":"","_kad_post_feature":"","_kad_post_feature_position":"","_kad_post_header":false,"_kad_post_footer":false,"_kad_post_classname":""},"product_brand":[],"product_cat":[363],"product_tag":[152,584],"product_brands":[521],"class_list":{"0":"post-7336","1":"product","2":"type-product","3":"status-publish","4":"has-post-thumbnail","6":"product_cat-jerseis-y-sudaderas-tallaje-masculino","7":"product_tag-minimalista-es","8":"product_tag-otono-invierno","9":"product_brands-pedro-del-hierro-es","11":"first","12":"instock","13":"sold-individually","14":"taxable","15":"shipping-taxable","16":"purchasable","17":"product-type-simple","18":"entry","19":"content-bg","20":"loop-entry"},"taxonomy_info":{"product_cat":[{"value":363,"label":"Jers\u00e9is y Sudaderas"}],"product_tag":[{"value":152,"label":"Minimalista"},{"value":584,"label":"Oto\u00f1o\/Invierno"}],"product_brands":[{"value":521,"label":"Pedro del Hierro"}]},"featured_image_src_large":["https:\/\/www.circularsecondhand.org\/wp-content\/uploads\/2024\/03\/157-1-768x1024.jpg",768,1024,true],"author_info":[],"comment_info":0,"_links":{"self":[{"href":"https:\/\/www.circularsecondhand.org\/es\/wp-json\/wp\/v2\/product\/7336","targetHints":{"allow":["GET"]}}],"collection":[{"href":"https:\/\/www.circularsecondhand.org\/es\/wp-json\/wp\/v2\/product"}],"about":[{"href":"https:\/\/www.circularsecondhand.org\/es\/wp-json\/wp\/v2\/types\/product"}],"replies":[{"embeddable":true,"href":"https:\/\/www.circularsecondhand.org\/es\/wp-json\/wp\/v2\/comments?post=7336"}],"wp:featuredmedia":[{"embeddable":true,"href":"https:\/\/www.circularsecondhand.org\/es\/wp-json\/wp\/v2\/media\/6520"}],"wp:attachment":[{"href":"https:\/\/www.circularsecondhand.org\/es\/wp-json\/wp\/v2\/media?parent=7336"}],"wp:term":[{"taxonomy":"product_brand","embeddable":true,"href":"https:\/\/www.circularsecondhand.org\/es\/wp-json\/wp\/v2\/product_brand?post=7336"},{"taxonomy":"product_cat","embeddable":true,"href":"https:\/\/www.circularsecondhand.org\/es\/wp-json\/wp\/v2\/product_cat?post=7336"},{"taxonomy":"product_tag","embeddable":true,"href":"https:\/\/www.circularsecondhand.org\/es\/wp-json\/wp\/v2\/product_tag?post=7336"},{"taxonomy":"product_brands","embeddable":true,"href":"https:\/\/www.circularsecondhand.org\/es\/wp-json\/wp\/v2\/product_brands?post=7336"}],"curies":[{"name":"wp","href":"https:\/\/api.w.org\/{rel}","templated":true}]}}