{"id":7335,"date":"2024-03-27T08:58:44","date_gmt":"2024-03-27T07:58:44","guid":{"rendered":"https:\/\/circularsecondhand.org\/maillot-federacion-catalana-de-ciclismo\/"},"modified":"2024-04-05T11:11:45","modified_gmt":"2024-04-05T09:11:45","slug":"maillot-federacion-catalana-de-ciclismo","status":"publish","type":"product","link":"https:\/\/www.circularsecondhand.org\/es\/maillot-federacion-catalana-de-ciclismo\/","title":{"rendered":"Maillot Federaci\u00f3n Catalana de Ciclismo"},"content":{"rendered":"","protected":false},"excerpt":{"rendered":"<p>\u00a1Destaca en tus paseos en bicicleta con este incre\u00edble jersey amarillo! Este jersey de la Federaci\u00f3n Catalana de Ciclismo es perfecto para los amantes del ciclismo que quieren lucir un estilo \u00fanico y vibrante. Confeccionado con materiales de alta calidad, este jersey te brindar\u00e1 comodidad y transpirabilidad durante tus aventuras de carretera. \u00a1No pierdas la oportunidad de lucir este maillot exclusivo y demuestra tu pasi\u00f3n por el ciclismo!<\/p>\n","protected":false},"featured_media":6450,"comment_status":"closed","ping_status":"open","template":"","meta":{"_kad_blocks_custom_css":"","_kad_blocks_head_custom_js":"","_kad_blocks_body_custom_js":"","_kad_blocks_footer_custom_js":"","_kad_post_transparent":"","_kad_post_title":"","_kad_post_layout":"","_kad_post_sidebar_id":"","_kad_post_content_style":"","_kad_post_vertical_padding":"","_kad_post_feature":"","_kad_post_feature_position":"","_kad_post_header":false,"_kad_post_footer":false,"_kad_post_classname":""},"product_brand":[],"product_cat":[361],"product_tag":[582,130],"product_brands":[476],"class_list":{"0":"post-7335","1":"product","2":"type-product","3":"status-publish","4":"has-post-thumbnail","6":"product_cat-camisetas-tallaje-masculino","7":"product_tag-primavera-verano","8":"product_tag-streetwear-es","9":"product_brands-inverseteams-es","11":"first","12":"outofstock","13":"sold-individually","14":"taxable","15":"shipping-taxable","16":"purchasable","17":"product-type-simple","18":"entry","19":"content-bg","20":"loop-entry"},"taxonomy_info":{"product_cat":[{"value":361,"label":"Camisetas"}],"product_tag":[{"value":582,"label":"Primavera\/Verano"},{"value":130,"label":"Streetwear"}],"product_brands":[{"value":476,"label":"Inverseteams"}]},"featured_image_src_large":["https:\/\/www.circularsecondhand.org\/wp-content\/uploads\/2024\/03\/143-1-768x1024.jpg",768,1024,true],"author_info":[],"comment_info":0,"_links":{"self":[{"href":"https:\/\/www.circularsecondhand.org\/es\/wp-json\/wp\/v2\/product\/7335","targetHints":{"allow":["GET"]}}],"collection":[{"href":"https:\/\/www.circularsecondhand.org\/es\/wp-json\/wp\/v2\/product"}],"about":[{"href":"https:\/\/www.circularsecondhand.org\/es\/wp-json\/wp\/v2\/types\/product"}],"replies":[{"embeddable":true,"href":"https:\/\/www.circularsecondhand.org\/es\/wp-json\/wp\/v2\/comments?post=7335"}],"wp:featuredmedia":[{"embeddable":true,"href":"https:\/\/www.circularsecondhand.org\/es\/wp-json\/wp\/v2\/media\/6450"}],"wp:attachment":[{"href":"https:\/\/www.circularsecondhand.org\/es\/wp-json\/wp\/v2\/media?parent=7335"}],"wp:term":[{"taxonomy":"product_brand","embeddable":true,"href":"https:\/\/www.circularsecondhand.org\/es\/wp-json\/wp\/v2\/product_brand?post=7335"},{"taxonomy":"product_cat","embeddable":true,"href":"https:\/\/www.circularsecondhand.org\/es\/wp-json\/wp\/v2\/product_cat?post=7335"},{"taxonomy":"product_tag","embeddable":true,"href":"https:\/\/www.circularsecondhand.org\/es\/wp-json\/wp\/v2\/product_tag?post=7335"},{"taxonomy":"product_brands","embeddable":true,"href":"https:\/\/www.circularsecondhand.org\/es\/wp-json\/wp\/v2\/product_brands?post=7335"}],"curies":[{"name":"wp","href":"https:\/\/api.w.org\/{rel}","templated":true}]}}