{"id":7334,"date":"2025-02-13T08:59:20","date_gmt":"2025-02-13T07:59:20","guid":{"rendered":"https:\/\/circularsecondhand.org\/camisa-marron-emidio-tucci\/"},"modified":"2025-02-20T10:35:35","modified_gmt":"2025-02-20T09:35:35","slug":"camisa-marron-emidio-tucci","status":"publish","type":"product","link":"https:\/\/www.circularsecondhand.org\/es\/camisa-marron-emidio-tucci\/","title":{"rendered":"Camisa marr\u00f3n Emidio Tucci"},"content":{"rendered":"","protected":false},"excerpt":{"rendered":"<p>Presentamos la camisa marr\u00f3n de manga larga Emidio Tucci, una prenda elegante y vers\u00e1til que no puede faltar en tu armario. Destaca por su color marr\u00f3n y su dise\u00f1o cl\u00e1sico. Ideal para cualquier ocasi\u00f3n, ya sea una reuni\u00f3n de negocios o una salida casual con amigos. Su estilo atemporal combina perfectamente con cualquier estilo. Tambi\u00e9n puedes usarla de sobrecamisa.<\/p>\n","protected":false},"featured_media":13415,"comment_status":"closed","ping_status":"closed","template":"","meta":{"_kad_blocks_custom_css":"","_kad_blocks_head_custom_js":"","_kad_blocks_body_custom_js":"","_kad_blocks_footer_custom_js":"","_kad_post_transparent":"","_kad_post_title":"","_kad_post_layout":"","_kad_post_sidebar_id":"","_kad_post_content_style":"","_kad_post_vertical_padding":"","_kad_post_feature":"","_kad_post_feature_position":"","_kad_post_header":false,"_kad_post_footer":false,"_kad_post_classname":""},"product_brand":[],"product_cat":[378],"product_tag":[152,582],"product_brands":[456],"class_list":{"0":"post-7334","1":"product","2":"type-product","3":"status-publish","4":"has-post-thumbnail","6":"product_cat-camisas-tallaje-masculino","7":"product_tag-minimalista-es","8":"product_tag-primavera-verano","9":"product_brands-emidio-tucci-es","11":"first","12":"instock","13":"sold-individually","14":"taxable","15":"shipping-taxable","16":"purchasable","17":"product-type-simple","18":"entry","19":"content-bg","20":"loop-entry"},"taxonomy_info":{"product_cat":[{"value":378,"label":"Camisas"}],"product_tag":[{"value":152,"label":"Minimalista"},{"value":582,"label":"Primavera\/Verano"}],"product_brands":[{"value":456,"label":"Emidio Tucci"}]},"featured_image_src_large":["https:\/\/www.circularsecondhand.org\/wp-content\/uploads\/2024\/03\/178-3-768x1024.jpg",768,1024,true],"author_info":[],"comment_info":0,"_links":{"self":[{"href":"https:\/\/www.circularsecondhand.org\/es\/wp-json\/wp\/v2\/product\/7334","targetHints":{"allow":["GET"]}}],"collection":[{"href":"https:\/\/www.circularsecondhand.org\/es\/wp-json\/wp\/v2\/product"}],"about":[{"href":"https:\/\/www.circularsecondhand.org\/es\/wp-json\/wp\/v2\/types\/product"}],"replies":[{"embeddable":true,"href":"https:\/\/www.circularsecondhand.org\/es\/wp-json\/wp\/v2\/comments?post=7334"}],"wp:featuredmedia":[{"embeddable":true,"href":"https:\/\/www.circularsecondhand.org\/es\/wp-json\/wp\/v2\/media\/13415"}],"wp:attachment":[{"href":"https:\/\/www.circularsecondhand.org\/es\/wp-json\/wp\/v2\/media?parent=7334"}],"wp:term":[{"taxonomy":"product_brand","embeddable":true,"href":"https:\/\/www.circularsecondhand.org\/es\/wp-json\/wp\/v2\/product_brand?post=7334"},{"taxonomy":"product_cat","embeddable":true,"href":"https:\/\/www.circularsecondhand.org\/es\/wp-json\/wp\/v2\/product_cat?post=7334"},{"taxonomy":"product_tag","embeddable":true,"href":"https:\/\/www.circularsecondhand.org\/es\/wp-json\/wp\/v2\/product_tag?post=7334"},{"taxonomy":"product_brands","embeddable":true,"href":"https:\/\/www.circularsecondhand.org\/es\/wp-json\/wp\/v2\/product_brands?post=7334"}],"curies":[{"name":"wp","href":"https:\/\/api.w.org\/{rel}","templated":true}]}}