{"id":7321,"date":"2024-03-27T08:59:20","date_gmt":"2024-03-27T07:59:20","guid":{"rendered":"https:\/\/circularsecondhand.org\/blusa-negra-confecciones-zaragoza\/"},"modified":"2025-01-31T10:35:01","modified_gmt":"2025-01-31T09:35:01","slug":"blusa-negra-confecciones-zaragoza","status":"publish","type":"product","link":"https:\/\/www.circularsecondhand.org\/es\/blusa-negra-confecciones-zaragoza\/","title":{"rendered":"Blusa negra Confecciones Zaragoza"},"content":{"rendered":"","protected":false},"excerpt":{"rendered":"<p>\u00a1Descubre la elegancia y estilo de la blusa negra de Confecciones Zaragoza! Esta hermosa prenda, confeccionada con los mejores materiales, te har\u00e1 lucir sofisticada ya la moda en cualquier ocasi\u00f3n. Su dise\u00f1o cl\u00e1sico y intemporal combina perfectamente con cualquier clase de outfit, ya sea para una reuni\u00f3n de negocios o una salida casual con amigos. La blusa negra de Confecciones Zaragoza es sin duda una prenda imprescindible para tu colecci\u00f3n.<\/p>\n","protected":false},"featured_media":6610,"comment_status":"closed","ping_status":"closed","template":"","meta":{"_kad_blocks_custom_css":"","_kad_blocks_head_custom_js":"","_kad_blocks_body_custom_js":"","_kad_blocks_footer_custom_js":"","_kad_post_transparent":"","_kad_post_title":"","_kad_post_layout":"","_kad_post_sidebar_id":"","_kad_post_content_style":"","_kad_post_vertical_padding":"","_kad_post_feature":"","_kad_post_feature_position":"","_kad_post_header":false,"_kad_post_footer":false,"_kad_post_classname":""},"product_brand":[],"product_cat":[362,1020],"product_tag":[582,131],"product_brands":[444],"class_list":{"0":"post-7321","1":"product","2":"type-product","3":"status-publish","4":"has-post-thumbnail","6":"product_cat-camisas-tallaje-femenino","7":"product_cat-liquidacion","8":"product_tag-primavera-verano","9":"product_tag-vintage-es","10":"product_brands-confecciones-zaragoza-es","12":"first","13":"instock","14":"sale","15":"sold-individually","16":"taxable","17":"shipping-taxable","18":"purchasable","19":"product-type-simple","20":"entry","21":"content-bg","22":"loop-entry"},"taxonomy_info":{"product_cat":[{"value":362,"label":"Camisas"},{"value":1020,"label":"Liquidaci\u00f3n"}],"product_tag":[{"value":582,"label":"Primavera\/Verano"},{"value":131,"label":"Vintage"}],"product_brands":[{"value":444,"label":"Confecciones Zaragoza"}]},"featured_image_src_large":["https:\/\/www.circularsecondhand.org\/wp-content\/uploads\/2024\/03\/175-1-768x1024.jpg",768,1024,true],"author_info":[],"comment_info":0,"_links":{"self":[{"href":"https:\/\/www.circularsecondhand.org\/es\/wp-json\/wp\/v2\/product\/7321","targetHints":{"allow":["GET"]}}],"collection":[{"href":"https:\/\/www.circularsecondhand.org\/es\/wp-json\/wp\/v2\/product"}],"about":[{"href":"https:\/\/www.circularsecondhand.org\/es\/wp-json\/wp\/v2\/types\/product"}],"replies":[{"embeddable":true,"href":"https:\/\/www.circularsecondhand.org\/es\/wp-json\/wp\/v2\/comments?post=7321"}],"wp:featuredmedia":[{"embeddable":true,"href":"https:\/\/www.circularsecondhand.org\/es\/wp-json\/wp\/v2\/media\/6610"}],"wp:attachment":[{"href":"https:\/\/www.circularsecondhand.org\/es\/wp-json\/wp\/v2\/media?parent=7321"}],"wp:term":[{"taxonomy":"product_brand","embeddable":true,"href":"https:\/\/www.circularsecondhand.org\/es\/wp-json\/wp\/v2\/product_brand?post=7321"},{"taxonomy":"product_cat","embeddable":true,"href":"https:\/\/www.circularsecondhand.org\/es\/wp-json\/wp\/v2\/product_cat?post=7321"},{"taxonomy":"product_tag","embeddable":true,"href":"https:\/\/www.circularsecondhand.org\/es\/wp-json\/wp\/v2\/product_tag?post=7321"},{"taxonomy":"product_brands","embeddable":true,"href":"https:\/\/www.circularsecondhand.org\/es\/wp-json\/wp\/v2\/product_brands?post=7321"}],"curies":[{"name":"wp","href":"https:\/\/api.w.org\/{rel}","templated":true}]}}