{"id":7282,"date":"2024-03-27T09:00:32","date_gmt":"2024-03-27T08:00:32","guid":{"rendered":"https:\/\/circularsecondhand.org\/chaqueta-corta-azul-marino-adolfo-dominguez\/"},"modified":"2025-01-31T10:35:16","modified_gmt":"2025-01-31T09:35:16","slug":"chaqueta-corta-azul-marino-adolfo-dominguez","status":"publish","type":"product","link":"https:\/\/www.circularsecondhand.org\/es\/chaqueta-corta-azul-marino-adolfo-dominguez\/","title":{"rendered":"Chaqueta corta azul marino Adolfo Dominguez"},"content":{"rendered":"","protected":false},"excerpt":{"rendered":"<p>Esta elegante chaqueta azul marino de Adolfo Dominguez es la pieza perfecta para a\u00f1adir un toque de sofisticaci\u00f3n a tu guardarropa. Dise\u00f1o cl\u00e1sico, con bolsillo y pu\u00f1os de canal\u00e9, esta chaqueta es ideal para cualquier ocasi\u00f3n, sea formal o informal, vers\u00e1til y f\u00e1cil de combinar, lo que la convierte en una prenda imprescindible.<\/p>\n","protected":false},"featured_media":6820,"comment_status":"closed","ping_status":"closed","template":"","meta":{"_kad_blocks_custom_css":"","_kad_blocks_head_custom_js":"","_kad_blocks_body_custom_js":"","_kad_blocks_footer_custom_js":"","_kad_post_transparent":"","_kad_post_title":"","_kad_post_layout":"","_kad_post_sidebar_id":"","_kad_post_content_style":"","_kad_post_vertical_padding":"","_kad_post_feature":"","_kad_post_feature_position":"","_kad_post_header":false,"_kad_post_footer":false,"_kad_post_classname":""},"product_brand":[],"product_cat":[371,1020],"product_tag":[129,584],"product_brands":[415],"class_list":{"0":"post-7282","1":"product","2":"type-product","3":"status-publish","4":"has-post-thumbnail","6":"product_cat-cazadoras-y-chaquetas-tallaje-femenino","7":"product_cat-liquidacion","8":"product_tag-basicos","9":"product_tag-otono-invierno","10":"product_brands-adolfo-dominguez-es","12":"first","13":"outofstock","14":"sale","15":"sold-individually","16":"taxable","17":"shipping-taxable","18":"purchasable","19":"product-type-simple","20":"entry","21":"content-bg","22":"loop-entry"},"taxonomy_info":{"product_cat":[{"value":371,"label":"Cazadoras y Chaquetas"},{"value":1020,"label":"Liquidaci\u00f3n"}],"product_tag":[{"value":129,"label":"B\u00e1sicos"},{"value":584,"label":"Oto\u00f1o\/Invierno"}],"product_brands":[{"value":415,"label":"Adolfo Dominguez"}]},"featured_image_src_large":["https:\/\/www.circularsecondhand.org\/wp-content\/uploads\/2024\/03\/217-1-768x1024.jpg",768,1024,true],"author_info":[],"comment_info":0,"_links":{"self":[{"href":"https:\/\/www.circularsecondhand.org\/es\/wp-json\/wp\/v2\/product\/7282","targetHints":{"allow":["GET"]}}],"collection":[{"href":"https:\/\/www.circularsecondhand.org\/es\/wp-json\/wp\/v2\/product"}],"about":[{"href":"https:\/\/www.circularsecondhand.org\/es\/wp-json\/wp\/v2\/types\/product"}],"replies":[{"embeddable":true,"href":"https:\/\/www.circularsecondhand.org\/es\/wp-json\/wp\/v2\/comments?post=7282"}],"wp:featuredmedia":[{"embeddable":true,"href":"https:\/\/www.circularsecondhand.org\/es\/wp-json\/wp\/v2\/media\/6820"}],"wp:attachment":[{"href":"https:\/\/www.circularsecondhand.org\/es\/wp-json\/wp\/v2\/media?parent=7282"}],"wp:term":[{"taxonomy":"product_brand","embeddable":true,"href":"https:\/\/www.circularsecondhand.org\/es\/wp-json\/wp\/v2\/product_brand?post=7282"},{"taxonomy":"product_cat","embeddable":true,"href":"https:\/\/www.circularsecondhand.org\/es\/wp-json\/wp\/v2\/product_cat?post=7282"},{"taxonomy":"product_tag","embeddable":true,"href":"https:\/\/www.circularsecondhand.org\/es\/wp-json\/wp\/v2\/product_tag?post=7282"},{"taxonomy":"product_brands","embeddable":true,"href":"https:\/\/www.circularsecondhand.org\/es\/wp-json\/wp\/v2\/product_brands?post=7282"}],"curies":[{"name":"wp","href":"https:\/\/api.w.org\/{rel}","templated":true}]}}