{"id":7281,"date":"2024-03-27T09:00:32","date_gmt":"2024-03-27T08:00:32","guid":{"rendered":"https:\/\/circularsecondhand.org\/blusa-de-cuadros-kiabi\/"},"modified":"2024-12-12T10:58:22","modified_gmt":"2024-12-12T09:58:22","slug":"blusa-de-cuadros-kiabi","status":"publish","type":"product","link":"https:\/\/www.circularsecondhand.org\/es\/blusa-de-cuadros-kiabi\/","title":{"rendered":"Blusa de cuadros Kiabi"},"content":{"rendered":"","protected":false},"excerpt":{"rendered":"<p>\u00a1Luce a la moda con esta blusa de cuadros Kiabi! Con un dise\u00f1o a cuadros amarillos y blancos, esta prenda es perfecta para a\u00f1adir un toque de estilo a tu armario. Sea para una ocasi\u00f3n casual o para lucir sofisticada, esta blusa de cuadros Kiabi es una elecci\u00f3n perfecta.<\/p>\n","protected":false},"featured_media":11313,"comment_status":"closed","ping_status":"closed","template":"","meta":{"_kad_blocks_custom_css":"","_kad_blocks_head_custom_js":"","_kad_blocks_body_custom_js":"","_kad_blocks_footer_custom_js":"","_kad_post_transparent":"","_kad_post_title":"","_kad_post_layout":"","_kad_post_sidebar_id":"","_kad_post_content_style":"","_kad_post_vertical_padding":"","_kad_post_feature":"","_kad_post_feature_position":"","_kad_post_header":false,"_kad_post_footer":false,"_kad_post_classname":""},"product_brand":[],"product_cat":[362],"product_tag":[129,582],"product_brands":[484],"class_list":{"0":"post-7281","1":"product","2":"type-product","3":"status-publish","4":"has-post-thumbnail","6":"product_cat-camisas-tallaje-femenino","7":"product_tag-basicos","8":"product_tag-primavera-verano","9":"product_brands-kiabi-es","11":"first","12":"outofstock","13":"sold-individually","14":"taxable","15":"shipping-taxable","16":"purchasable","17":"product-type-simple","18":"entry","19":"content-bg","20":"loop-entry"},"taxonomy_info":{"product_cat":[{"value":362,"label":"Camisas"}],"product_tag":[{"value":129,"label":"B\u00e1sicos"},{"value":582,"label":"Primavera\/Verano"}],"product_brands":[{"value":484,"label":"Kiabi"}]},"featured_image_src_large":["https:\/\/www.circularsecondhand.org\/wp-content\/uploads\/2024\/03\/212-3-768x1024.jpg",768,1024,true],"author_info":[],"comment_info":0,"_links":{"self":[{"href":"https:\/\/www.circularsecondhand.org\/es\/wp-json\/wp\/v2\/product\/7281","targetHints":{"allow":["GET"]}}],"collection":[{"href":"https:\/\/www.circularsecondhand.org\/es\/wp-json\/wp\/v2\/product"}],"about":[{"href":"https:\/\/www.circularsecondhand.org\/es\/wp-json\/wp\/v2\/types\/product"}],"replies":[{"embeddable":true,"href":"https:\/\/www.circularsecondhand.org\/es\/wp-json\/wp\/v2\/comments?post=7281"}],"wp:featuredmedia":[{"embeddable":true,"href":"https:\/\/www.circularsecondhand.org\/es\/wp-json\/wp\/v2\/media\/11313"}],"wp:attachment":[{"href":"https:\/\/www.circularsecondhand.org\/es\/wp-json\/wp\/v2\/media?parent=7281"}],"wp:term":[{"taxonomy":"product_brand","embeddable":true,"href":"https:\/\/www.circularsecondhand.org\/es\/wp-json\/wp\/v2\/product_brand?post=7281"},{"taxonomy":"product_cat","embeddable":true,"href":"https:\/\/www.circularsecondhand.org\/es\/wp-json\/wp\/v2\/product_cat?post=7281"},{"taxonomy":"product_tag","embeddable":true,"href":"https:\/\/www.circularsecondhand.org\/es\/wp-json\/wp\/v2\/product_tag?post=7281"},{"taxonomy":"product_brands","embeddable":true,"href":"https:\/\/www.circularsecondhand.org\/es\/wp-json\/wp\/v2\/product_brands?post=7281"}],"curies":[{"name":"wp","href":"https:\/\/api.w.org\/{rel}","templated":true}]}}