{"id":7278,"date":"2024-03-27T08:59:56","date_gmt":"2024-03-27T07:59:56","guid":{"rendered":"https:\/\/circularsecondhand.org\/chaqueta-de-punto-negro-leon\/"},"modified":"2025-01-31T10:35:09","modified_gmt":"2025-01-31T09:35:09","slug":"chaqueta-de-punto-negro-leon","status":"publish","type":"product","link":"https:\/\/www.circularsecondhand.org\/es\/chaqueta-de-punto-negro-leon\/","title":{"rendered":"Chaqueta de punto negro Leon"},"content":{"rendered":"","protected":false},"excerpt":{"rendered":"<p>Este c\u00e1rdigan negro y gris Leon es la prenda perfecta para mantenerte abrigado y con estilo durante los d\u00edas fr\u00edos. Con su dise\u00f1o cl\u00e1sico y colores neutros, es f\u00e1cil de combinar con cualquier outfit. El color gris en la parte delantera y el negro en cuello, mangas y detr\u00e1s hacen vers\u00e1til esta prenda adem\u00e1s de pr\u00e1ctica gracias a su cierre con cremallera.<\/p>\n","protected":false},"featured_media":6685,"comment_status":"closed","ping_status":"open","template":"","meta":{"_kad_blocks_custom_css":"","_kad_blocks_head_custom_js":"","_kad_blocks_body_custom_js":"","_kad_blocks_footer_custom_js":"","_kad_post_transparent":"","_kad_post_title":"","_kad_post_layout":"","_kad_post_sidebar_id":"","_kad_post_content_style":"","_kad_post_vertical_padding":"","_kad_post_feature":"","_kad_post_feature_position":"","_kad_post_header":false,"_kad_post_footer":false,"_kad_post_classname":""},"product_brand":[],"product_cat":[363,1020],"product_tag":[152,584],"product_brands":[493],"class_list":{"0":"post-7278","1":"product","2":"type-product","3":"status-publish","4":"has-post-thumbnail","6":"product_cat-jerseis-y-sudaderas-tallaje-masculino","7":"product_cat-liquidacion","8":"product_tag-minimalista-es","9":"product_tag-otono-invierno","10":"product_brands-leon-es","12":"first","13":"instock","14":"sale","15":"sold-individually","16":"taxable","17":"shipping-taxable","18":"purchasable","19":"product-type-simple","20":"entry","21":"content-bg","22":"loop-entry"},"taxonomy_info":{"product_cat":[{"value":363,"label":"Jers\u00e9is y Sudaderas"},{"value":1020,"label":"Liquidaci\u00f3n"}],"product_tag":[{"value":152,"label":"Minimalista"},{"value":584,"label":"Oto\u00f1o\/Invierno"}],"product_brands":[{"value":493,"label":"Leon"}]},"featured_image_src_large":["https:\/\/www.circularsecondhand.org\/wp-content\/uploads\/2024\/03\/190-1-768x1024.jpg",768,1024,true],"author_info":[],"comment_info":0,"_links":{"self":[{"href":"https:\/\/www.circularsecondhand.org\/es\/wp-json\/wp\/v2\/product\/7278","targetHints":{"allow":["GET"]}}],"collection":[{"href":"https:\/\/www.circularsecondhand.org\/es\/wp-json\/wp\/v2\/product"}],"about":[{"href":"https:\/\/www.circularsecondhand.org\/es\/wp-json\/wp\/v2\/types\/product"}],"replies":[{"embeddable":true,"href":"https:\/\/www.circularsecondhand.org\/es\/wp-json\/wp\/v2\/comments?post=7278"}],"wp:featuredmedia":[{"embeddable":true,"href":"https:\/\/www.circularsecondhand.org\/es\/wp-json\/wp\/v2\/media\/6685"}],"wp:attachment":[{"href":"https:\/\/www.circularsecondhand.org\/es\/wp-json\/wp\/v2\/media?parent=7278"}],"wp:term":[{"taxonomy":"product_brand","embeddable":true,"href":"https:\/\/www.circularsecondhand.org\/es\/wp-json\/wp\/v2\/product_brand?post=7278"},{"taxonomy":"product_cat","embeddable":true,"href":"https:\/\/www.circularsecondhand.org\/es\/wp-json\/wp\/v2\/product_cat?post=7278"},{"taxonomy":"product_tag","embeddable":true,"href":"https:\/\/www.circularsecondhand.org\/es\/wp-json\/wp\/v2\/product_tag?post=7278"},{"taxonomy":"product_brands","embeddable":true,"href":"https:\/\/www.circularsecondhand.org\/es\/wp-json\/wp\/v2\/product_brands?post=7278"}],"curies":[{"name":"wp","href":"https:\/\/api.w.org\/{rel}","templated":true}]}}