{"id":7272,"date":"2024-03-27T09:00:32","date_gmt":"2024-03-27T08:00:32","guid":{"rendered":"https:\/\/circularsecondhand.org\/camisa-estampado-floral-primark\/"},"modified":"2024-12-11T16:51:03","modified_gmt":"2024-12-11T15:51:03","slug":"camisa-estampado-floral-primark","status":"publish","type":"product","link":"https:\/\/www.circularsecondhand.org\/es\/camisa-estampado-floral-primark\/","title":{"rendered":"Camisa estampado floral Primark"},"content":{"rendered":"","protected":false},"excerpt":{"rendered":"<p>Esta camisa estampada de manga corta de Primark es perfecta para aquellas que buscan un estilo fresco y tropical. Con hojas de palma en toda la prenda, te transportar\u00e1 a un ambiente relajado y veraniego en cualquier momento del a\u00f1o. Tiene dos bolsillos cargo en el pecho lo que le dan practicidad y es ideal para combinar con unos pantalones cortos o unos vaqueros o para sofisticar a la prenda \u00fasala con un pantal\u00f3n largo negro o tambi\u00e9n como sobrecamisa para completar tus mejores looks . Esta camisa a\u00f1adir\u00e1 un toque de diversi\u00f3n a tu armario.<\/p>\n","protected":false},"featured_media":11301,"comment_status":"closed","ping_status":"closed","template":"","meta":{"_kad_blocks_custom_css":"","_kad_blocks_head_custom_js":"","_kad_blocks_body_custom_js":"","_kad_blocks_footer_custom_js":"","_kad_post_transparent":"","_kad_post_title":"","_kad_post_layout":"","_kad_post_sidebar_id":"","_kad_post_content_style":"","_kad_post_vertical_padding":"","_kad_post_feature":"","_kad_post_feature_position":"","_kad_post_header":false,"_kad_post_footer":false,"_kad_post_classname":""},"product_brand":[],"product_cat":[362],"product_tag":[582,130],"product_brands":[524],"class_list":{"0":"post-7272","1":"product","2":"type-product","3":"status-publish","4":"has-post-thumbnail","6":"product_cat-camisas-tallaje-femenino","7":"product_tag-primavera-verano","8":"product_tag-streetwear-es","9":"product_brands-primark-es","11":"first","12":"outofstock","13":"sold-individually","14":"taxable","15":"shipping-taxable","16":"purchasable","17":"product-type-simple","18":"entry","19":"content-bg","20":"loop-entry"},"taxonomy_info":{"product_cat":[{"value":362,"label":"Camisas"}],"product_tag":[{"value":582,"label":"Primavera\/Verano"},{"value":130,"label":"Streetwear"}],"product_brands":[{"value":524,"label":"Primark"}]},"featured_image_src_large":["https:\/\/www.circularsecondhand.org\/wp-content\/uploads\/2024\/03\/206-3-768x1024.jpg",768,1024,true],"author_info":[],"comment_info":0,"_links":{"self":[{"href":"https:\/\/www.circularsecondhand.org\/es\/wp-json\/wp\/v2\/product\/7272","targetHints":{"allow":["GET"]}}],"collection":[{"href":"https:\/\/www.circularsecondhand.org\/es\/wp-json\/wp\/v2\/product"}],"about":[{"href":"https:\/\/www.circularsecondhand.org\/es\/wp-json\/wp\/v2\/types\/product"}],"replies":[{"embeddable":true,"href":"https:\/\/www.circularsecondhand.org\/es\/wp-json\/wp\/v2\/comments?post=7272"}],"wp:featuredmedia":[{"embeddable":true,"href":"https:\/\/www.circularsecondhand.org\/es\/wp-json\/wp\/v2\/media\/11301"}],"wp:attachment":[{"href":"https:\/\/www.circularsecondhand.org\/es\/wp-json\/wp\/v2\/media?parent=7272"}],"wp:term":[{"taxonomy":"product_brand","embeddable":true,"href":"https:\/\/www.circularsecondhand.org\/es\/wp-json\/wp\/v2\/product_brand?post=7272"},{"taxonomy":"product_cat","embeddable":true,"href":"https:\/\/www.circularsecondhand.org\/es\/wp-json\/wp\/v2\/product_cat?post=7272"},{"taxonomy":"product_tag","embeddable":true,"href":"https:\/\/www.circularsecondhand.org\/es\/wp-json\/wp\/v2\/product_tag?post=7272"},{"taxonomy":"product_brands","embeddable":true,"href":"https:\/\/www.circularsecondhand.org\/es\/wp-json\/wp\/v2\/product_brands?post=7272"}],"curies":[{"name":"wp","href":"https:\/\/api.w.org\/{rel}","templated":true}]}}