{"id":7266,"date":"2024-03-27T09:01:07","date_gmt":"2024-03-27T08:01:07","guid":{"rendered":"https:\/\/circularsecondhand.org\/camiseta-harvard-pull-bear\/"},"modified":"2025-03-13T09:01:26","modified_gmt":"2025-03-13T08:01:26","slug":"camiseta-harvard-pull-bear","status":"publish","type":"product","link":"https:\/\/www.circularsecondhand.org\/es\/camiseta-harvard-pull-bear\/","title":{"rendered":"Camiseta Harvard Pull &amp; Bear"},"content":{"rendered":"","protected":false},"excerpt":{"rendered":"<p>La camiseta Harvard de Pull &amp; Bear es una prenda de vestir imprescindible para los amantes de la moda urbana, destaca por su dise\u00f1o moderno y juvenil. Presenta el ic\u00f3nico logo de Harvard en el pecho, a\u00f1adiendo un toque de estilo y sofisticaci\u00f3n. Ideal para combinar con jeans o pantal\u00f3n corto, esta camiseta te brindar\u00e1 comodidad y estilo en cualquier ocasi\u00f3n. \u00a1No te pierdas la oportunidad de lucir a la moda con la camiseta Harvard de Pull &amp; Bear!<\/p>\n","protected":false},"featured_media":6860,"comment_status":"closed","ping_status":"closed","template":"","meta":{"_kad_blocks_custom_css":"","_kad_blocks_head_custom_js":"","_kad_blocks_body_custom_js":"","_kad_blocks_footer_custom_js":"","_kad_post_transparent":"","_kad_post_title":"","_kad_post_layout":"","_kad_post_sidebar_id":"","_kad_post_content_style":"","_kad_post_vertical_padding":"","_kad_post_feature":"","_kad_post_feature_position":"","_kad_post_header":false,"_kad_post_footer":false,"_kad_post_classname":""},"product_brand":[],"product_cat":[383,1020],"product_tag":[582,130],"product_brands":[527],"class_list":{"0":"post-7266","1":"product","2":"type-product","3":"status-publish","4":"has-post-thumbnail","6":"product_cat-camisetas-tallaje-femenino","7":"product_cat-liquidacion","8":"product_tag-primavera-verano","9":"product_tag-streetwear-es","10":"product_brands-pull-bear-es","12":"first","13":"outofstock","14":"sale","15":"sold-individually","16":"taxable","17":"shipping-taxable","18":"purchasable","19":"product-type-simple","20":"entry","21":"content-bg","22":"loop-entry"},"taxonomy_info":{"product_cat":[{"value":383,"label":"Camisetas"},{"value":1020,"label":"Liquidaci\u00f3n"}],"product_tag":[{"value":582,"label":"Primavera\/Verano"},{"value":130,"label":"Streetwear"}],"product_brands":[{"value":527,"label":"Pull &amp; Bear"}]},"featured_image_src_large":["https:\/\/www.circularsecondhand.org\/wp-content\/uploads\/2024\/03\/225-1-768x1024.jpg",768,1024,true],"author_info":[],"comment_info":0,"_links":{"self":[{"href":"https:\/\/www.circularsecondhand.org\/es\/wp-json\/wp\/v2\/product\/7266","targetHints":{"allow":["GET"]}}],"collection":[{"href":"https:\/\/www.circularsecondhand.org\/es\/wp-json\/wp\/v2\/product"}],"about":[{"href":"https:\/\/www.circularsecondhand.org\/es\/wp-json\/wp\/v2\/types\/product"}],"replies":[{"embeddable":true,"href":"https:\/\/www.circularsecondhand.org\/es\/wp-json\/wp\/v2\/comments?post=7266"}],"wp:featuredmedia":[{"embeddable":true,"href":"https:\/\/www.circularsecondhand.org\/es\/wp-json\/wp\/v2\/media\/6860"}],"wp:attachment":[{"href":"https:\/\/www.circularsecondhand.org\/es\/wp-json\/wp\/v2\/media?parent=7266"}],"wp:term":[{"taxonomy":"product_brand","embeddable":true,"href":"https:\/\/www.circularsecondhand.org\/es\/wp-json\/wp\/v2\/product_brand?post=7266"},{"taxonomy":"product_cat","embeddable":true,"href":"https:\/\/www.circularsecondhand.org\/es\/wp-json\/wp\/v2\/product_cat?post=7266"},{"taxonomy":"product_tag","embeddable":true,"href":"https:\/\/www.circularsecondhand.org\/es\/wp-json\/wp\/v2\/product_tag?post=7266"},{"taxonomy":"product_brands","embeddable":true,"href":"https:\/\/www.circularsecondhand.org\/es\/wp-json\/wp\/v2\/product_brands?post=7266"}],"curies":[{"name":"wp","href":"https:\/\/api.w.org\/{rel}","templated":true}]}}