{"id":7242,"date":"2024-03-27T09:01:42","date_gmt":"2024-03-27T08:01:42","guid":{"rendered":"https:\/\/circularsecondhand.org\/blazer-negro-barrocco\/"},"modified":"2025-01-31T10:35:37","modified_gmt":"2025-01-31T09:35:37","slug":"blazer-negro-barrocco","status":"publish","type":"product","link":"https:\/\/www.circularsecondhand.org\/es\/blazer-negro-barrocco\/","title":{"rendered":"Blazer negro Barrocco"},"content":{"rendered":"","protected":false},"excerpt":{"rendered":"<p>Esta chaqueta americana en negro es la prenda perfecta para cualquier ocasi\u00f3n. De ajuste impecable y estilo sofisticado. El negro cl\u00e1sico le da un toque de elegancia atemporal y al mismo tiempo se adapta a cualquier estilo, m\u00e1s casual o formal. Ideal como fondo de armario.<\/p>\n","protected":false},"featured_media":7005,"comment_status":"closed","ping_status":"open","template":"","meta":{"_kad_blocks_custom_css":"","_kad_blocks_head_custom_js":"","_kad_blocks_body_custom_js":"","_kad_blocks_footer_custom_js":"","_kad_post_transparent":"","_kad_post_title":"","_kad_post_layout":"","_kad_post_sidebar_id":"","_kad_post_content_style":"","_kad_post_vertical_padding":"","_kad_post_feature":"","_kad_post_feature_position":"","_kad_post_header":false,"_kad_post_footer":false,"_kad_post_classname":""},"product_brand":[],"product_cat":[368,1020],"product_tag":[129,584],"product_brands":[425],"class_list":{"0":"post-7242","1":"product","2":"type-product","3":"status-publish","4":"has-post-thumbnail","6":"product_cat-blazers-tallaje-masculino","7":"product_cat-liquidacion","8":"product_tag-basicos","9":"product_tag-otono-invierno","10":"product_brands-barrocco-es","12":"first","13":"instock","14":"sale","15":"sold-individually","16":"taxable","17":"shipping-taxable","18":"purchasable","19":"product-type-simple","20":"entry","21":"content-bg","22":"loop-entry"},"taxonomy_info":{"product_cat":[{"value":368,"label":"Blazers"},{"value":1020,"label":"Liquidaci\u00f3n"}],"product_tag":[{"value":129,"label":"B\u00e1sicos"},{"value":584,"label":"Oto\u00f1o\/Invierno"}],"product_brands":[{"value":425,"label":"Barrocco"}]},"featured_image_src_large":["https:\/\/www.circularsecondhand.org\/wp-content\/uploads\/2024\/03\/254-1-768x1024.jpg",768,1024,true],"author_info":[],"comment_info":0,"_links":{"self":[{"href":"https:\/\/www.circularsecondhand.org\/es\/wp-json\/wp\/v2\/product\/7242","targetHints":{"allow":["GET"]}}],"collection":[{"href":"https:\/\/www.circularsecondhand.org\/es\/wp-json\/wp\/v2\/product"}],"about":[{"href":"https:\/\/www.circularsecondhand.org\/es\/wp-json\/wp\/v2\/types\/product"}],"replies":[{"embeddable":true,"href":"https:\/\/www.circularsecondhand.org\/es\/wp-json\/wp\/v2\/comments?post=7242"}],"wp:featuredmedia":[{"embeddable":true,"href":"https:\/\/www.circularsecondhand.org\/es\/wp-json\/wp\/v2\/media\/7005"}],"wp:attachment":[{"href":"https:\/\/www.circularsecondhand.org\/es\/wp-json\/wp\/v2\/media?parent=7242"}],"wp:term":[{"taxonomy":"product_brand","embeddable":true,"href":"https:\/\/www.circularsecondhand.org\/es\/wp-json\/wp\/v2\/product_brand?post=7242"},{"taxonomy":"product_cat","embeddable":true,"href":"https:\/\/www.circularsecondhand.org\/es\/wp-json\/wp\/v2\/product_cat?post=7242"},{"taxonomy":"product_tag","embeddable":true,"href":"https:\/\/www.circularsecondhand.org\/es\/wp-json\/wp\/v2\/product_tag?post=7242"},{"taxonomy":"product_brands","embeddable":true,"href":"https:\/\/www.circularsecondhand.org\/es\/wp-json\/wp\/v2\/product_brands?post=7242"}],"curies":[{"name":"wp","href":"https:\/\/api.w.org\/{rel}","templated":true}]}}