{"id":7218,"date":"2025-02-12T09:02:48","date_gmt":"2025-02-12T08:02:48","guid":{"rendered":"https:\/\/circularsecondhand.org\/pantalon-caqui-lacoste\/"},"modified":"2025-02-20T10:36:41","modified_gmt":"2025-02-20T09:36:41","slug":"pantalon-caqui-lacoste","status":"publish","type":"product","link":"https:\/\/www.circularsecondhand.org\/es\/pantalon-caqui-lacoste\/","title":{"rendered":"Pantal\u00f3n caqui Lacoste"},"content":{"rendered":"","protected":false},"excerpt":{"rendered":"<p>Este pantal\u00f3n caqui Lacoste es una prenda imprescindible en tu armario. Confeccionados en un elegante verde, estos pantalones destacan por su estilo y calidad. Su dise\u00f1o cl\u00e1sico y vers\u00e1til les convierte en la opci\u00f3n perfecta tanto para ocasiones casuales como formales. Confeccionados con materiales de alta calidad, estos pantalones ofrecen comodidad y durabilidad. Ya sea para combinarlos con una camisa elegante o con una camiseta casual, este pantal\u00f3n caqui Lacoste te brindar\u00e1 un look sofisticado y moderno.<\/p>\n","protected":false},"featured_media":13419,"comment_status":"closed","ping_status":"closed","template":"","meta":{"_kad_blocks_custom_css":"","_kad_blocks_head_custom_js":"","_kad_blocks_body_custom_js":"","_kad_blocks_footer_custom_js":"","_kad_post_transparent":"","_kad_post_title":"","_kad_post_layout":"","_kad_post_sidebar_id":"","_kad_post_content_style":"","_kad_post_vertical_padding":"","_kad_post_feature":"","_kad_post_feature_position":"","_kad_post_header":false,"_kad_post_footer":false,"_kad_post_classname":""},"product_brand":[],"product_cat":[410],"product_tag":[129,584],"product_brands":[489],"class_list":{"0":"post-7218","1":"product","2":"type-product","3":"status-publish","4":"has-post-thumbnail","6":"product_cat-pantalones-tallaje-masculino","7":"product_tag-basicos","8":"product_tag-otono-invierno","9":"product_brands-lacoste-es","11":"first","12":"instock","13":"sold-individually","14":"taxable","15":"shipping-taxable","16":"purchasable","17":"product-type-simple","18":"entry","19":"content-bg","20":"loop-entry"},"taxonomy_info":{"product_cat":[{"value":410,"label":"Pantalones"}],"product_tag":[{"value":129,"label":"B\u00e1sicos"},{"value":584,"label":"Oto\u00f1o\/Invierno"}],"product_brands":[{"value":489,"label":"Lacoste"}]},"featured_image_src_large":["https:\/\/www.circularsecondhand.org\/wp-content\/uploads\/2024\/03\/300-4-768x1024.jpg",768,1024,true],"author_info":[],"comment_info":0,"_links":{"self":[{"href":"https:\/\/www.circularsecondhand.org\/es\/wp-json\/wp\/v2\/product\/7218","targetHints":{"allow":["GET"]}}],"collection":[{"href":"https:\/\/www.circularsecondhand.org\/es\/wp-json\/wp\/v2\/product"}],"about":[{"href":"https:\/\/www.circularsecondhand.org\/es\/wp-json\/wp\/v2\/types\/product"}],"replies":[{"embeddable":true,"href":"https:\/\/www.circularsecondhand.org\/es\/wp-json\/wp\/v2\/comments?post=7218"}],"wp:featuredmedia":[{"embeddable":true,"href":"https:\/\/www.circularsecondhand.org\/es\/wp-json\/wp\/v2\/media\/13419"}],"wp:attachment":[{"href":"https:\/\/www.circularsecondhand.org\/es\/wp-json\/wp\/v2\/media?parent=7218"}],"wp:term":[{"taxonomy":"product_brand","embeddable":true,"href":"https:\/\/www.circularsecondhand.org\/es\/wp-json\/wp\/v2\/product_brand?post=7218"},{"taxonomy":"product_cat","embeddable":true,"href":"https:\/\/www.circularsecondhand.org\/es\/wp-json\/wp\/v2\/product_cat?post=7218"},{"taxonomy":"product_tag","embeddable":true,"href":"https:\/\/www.circularsecondhand.org\/es\/wp-json\/wp\/v2\/product_tag?post=7218"},{"taxonomy":"product_brands","embeddable":true,"href":"https:\/\/www.circularsecondhand.org\/es\/wp-json\/wp\/v2\/product_brands?post=7218"}],"curies":[{"name":"wp","href":"https:\/\/api.w.org\/{rel}","templated":true}]}}