{"id":7207,"date":"2024-03-27T09:02:21","date_gmt":"2024-03-27T08:02:21","guid":{"rendered":"https:\/\/circularsecondhand.org\/cardigan-beige-escorpio\/"},"modified":"2025-01-31T10:35:47","modified_gmt":"2025-01-31T09:35:47","slug":"cardigan-beige-escorpio","status":"publish","type":"product","link":"https:\/\/www.circularsecondhand.org\/es\/cardigan-beige-escorpio\/","title":{"rendered":"C\u00e1rdigan beige Escorpio"},"content":{"rendered":"","protected":false},"excerpt":{"rendered":"<p>Esta chaqueta con botones dorados es una verdadera joya de la moda. Esta prenda es perfecta para a\u00f1adir un toque de elegancia a cualquier conjunto. Los botones dorados a\u00f1aden un brillo sutil y sofisticado, mientras que el corte tres cuartos le da un aire de distinci\u00f3n. Sea para una ocasi\u00f3n especial o simplemente para lucir impecable en el d\u00eda a d\u00eda, atr\u00e9vete a combinarla con una camiseta, un pantal\u00f3n skinny y unos tacones o ponle un cintur\u00f3n por encima. Esta chaqueta es sin duda una elecci\u00f3n acertada.<\/p>\n","protected":false},"featured_media":7070,"comment_status":"closed","ping_status":"open","template":"","meta":{"_kad_blocks_custom_css":"","_kad_blocks_head_custom_js":"","_kad_blocks_body_custom_js":"","_kad_blocks_footer_custom_js":"","_kad_post_transparent":"","_kad_post_title":"","_kad_post_layout":"","_kad_post_sidebar_id":"","_kad_post_content_style":"","_kad_post_vertical_padding":"","_kad_post_feature":"","_kad_post_feature_position":"","_kad_post_header":false,"_kad_post_footer":false,"_kad_post_classname":""},"product_brand":[],"product_cat":[363,1020],"product_tag":[584,131],"product_brands":[457],"class_list":{"0":"post-7207","1":"product","2":"type-product","3":"status-publish","4":"has-post-thumbnail","6":"product_cat-jerseis-y-sudaderas-tallaje-masculino","7":"product_cat-liquidacion","8":"product_tag-otono-invierno","9":"product_tag-vintage-es","10":"product_brands-escorpion-es","12":"first","13":"instock","14":"sale","15":"sold-individually","16":"taxable","17":"shipping-taxable","18":"purchasable","19":"product-type-simple","20":"entry","21":"content-bg","22":"loop-entry"},"taxonomy_info":{"product_cat":[{"value":363,"label":"Jers\u00e9is y Sudaderas"},{"value":1020,"label":"Liquidaci\u00f3n"}],"product_tag":[{"value":584,"label":"Oto\u00f1o\/Invierno"},{"value":131,"label":"Vintage"}],"product_brands":[{"value":457,"label":"Escorpion"}]},"featured_image_src_large":["https:\/\/www.circularsecondhand.org\/wp-content\/uploads\/2024\/03\/267-1-768x1024.jpg",768,1024,true],"author_info":[],"comment_info":0,"_links":{"self":[{"href":"https:\/\/www.circularsecondhand.org\/es\/wp-json\/wp\/v2\/product\/7207","targetHints":{"allow":["GET"]}}],"collection":[{"href":"https:\/\/www.circularsecondhand.org\/es\/wp-json\/wp\/v2\/product"}],"about":[{"href":"https:\/\/www.circularsecondhand.org\/es\/wp-json\/wp\/v2\/types\/product"}],"replies":[{"embeddable":true,"href":"https:\/\/www.circularsecondhand.org\/es\/wp-json\/wp\/v2\/comments?post=7207"}],"wp:featuredmedia":[{"embeddable":true,"href":"https:\/\/www.circularsecondhand.org\/es\/wp-json\/wp\/v2\/media\/7070"}],"wp:attachment":[{"href":"https:\/\/www.circularsecondhand.org\/es\/wp-json\/wp\/v2\/media?parent=7207"}],"wp:term":[{"taxonomy":"product_brand","embeddable":true,"href":"https:\/\/www.circularsecondhand.org\/es\/wp-json\/wp\/v2\/product_brand?post=7207"},{"taxonomy":"product_cat","embeddable":true,"href":"https:\/\/www.circularsecondhand.org\/es\/wp-json\/wp\/v2\/product_cat?post=7207"},{"taxonomy":"product_tag","embeddable":true,"href":"https:\/\/www.circularsecondhand.org\/es\/wp-json\/wp\/v2\/product_tag?post=7207"},{"taxonomy":"product_brands","embeddable":true,"href":"https:\/\/www.circularsecondhand.org\/es\/wp-json\/wp\/v2\/product_brands?post=7207"}],"curies":[{"name":"wp","href":"https:\/\/api.w.org\/{rel}","templated":true}]}}