{"id":7205,"date":"2025-01-20T09:02:21","date_gmt":"2025-01-20T08:02:21","guid":{"rendered":"https:\/\/circularsecondhand.org\/sobrecamisa-lila-adolfo-dominguez\/"},"modified":"2025-02-20T10:36:36","modified_gmt":"2025-02-20T09:36:36","slug":"sobrecamisa-lila-adolfo-dominguez","status":"publish","type":"product","link":"https:\/\/www.circularsecondhand.org\/es\/sobrecamisa-lila-adolfo-dominguez\/","title":{"rendered":"Sobrecamisa lila Adolfo Dominguez"},"content":{"rendered":"","protected":false},"excerpt":{"rendered":"<p>Esta camisa de manga tres cuartos en lila es perfecta para a\u00f1adir un toque de color a tu armario. Es ideal para cualquier ocasi\u00f3n. Una prenda vers\u00e1til que puedes combinar f\u00e1cilmente con pantalones o faldas. Comb\u00ednala tanto en un look casual como en uno m\u00e1s formal. C\u00f3mo sobrecamisa para completar y dar un toque \u00fanico a tu vestuario.<\/p>\n","protected":false},"featured_media":13319,"comment_status":"closed","ping_status":"closed","template":"","meta":{"_kad_blocks_custom_css":"","_kad_blocks_head_custom_js":"","_kad_blocks_body_custom_js":"","_kad_blocks_footer_custom_js":"","_kad_post_transparent":"default","_kad_post_title":"","_kad_post_layout":"default","_kad_post_sidebar_id":"","_kad_post_content_style":"default","_kad_post_vertical_padding":"default","_kad_post_feature":"","_kad_post_feature_position":"","_kad_post_header":false,"_kad_post_footer":false,"_kad_post_classname":""},"product_brand":[],"product_cat":[362],"product_tag":[152,584],"product_brands":[415],"class_list":{"0":"post-7205","1":"product","2":"type-product","3":"status-publish","4":"has-post-thumbnail","6":"product_cat-camisas-tallaje-femenino","7":"product_tag-minimalista-es","8":"product_tag-otono-invierno","9":"product_brands-adolfo-dominguez-es","11":"first","12":"instock","13":"sold-individually","14":"taxable","15":"shipping-taxable","16":"purchasable","17":"product-type-simple","18":"entry","19":"content-bg","20":"loop-entry"},"taxonomy_info":{"product_cat":[{"value":362,"label":"Camisas"}],"product_tag":[{"value":152,"label":"Minimalista"},{"value":584,"label":"Oto\u00f1o\/Invierno"}],"product_brands":[{"value":415,"label":"Adolfo Dominguez"}]},"featured_image_src_large":["https:\/\/www.circularsecondhand.org\/wp-content\/uploads\/2025\/01\/271-1-768x1024.jpg",768,1024,true],"author_info":[],"comment_info":0,"_links":{"self":[{"href":"https:\/\/www.circularsecondhand.org\/es\/wp-json\/wp\/v2\/product\/7205","targetHints":{"allow":["GET"]}}],"collection":[{"href":"https:\/\/www.circularsecondhand.org\/es\/wp-json\/wp\/v2\/product"}],"about":[{"href":"https:\/\/www.circularsecondhand.org\/es\/wp-json\/wp\/v2\/types\/product"}],"replies":[{"embeddable":true,"href":"https:\/\/www.circularsecondhand.org\/es\/wp-json\/wp\/v2\/comments?post=7205"}],"wp:featuredmedia":[{"embeddable":true,"href":"https:\/\/www.circularsecondhand.org\/es\/wp-json\/wp\/v2\/media\/13319"}],"wp:attachment":[{"href":"https:\/\/www.circularsecondhand.org\/es\/wp-json\/wp\/v2\/media?parent=7205"}],"wp:term":[{"taxonomy":"product_brand","embeddable":true,"href":"https:\/\/www.circularsecondhand.org\/es\/wp-json\/wp\/v2\/product_brand?post=7205"},{"taxonomy":"product_cat","embeddable":true,"href":"https:\/\/www.circularsecondhand.org\/es\/wp-json\/wp\/v2\/product_cat?post=7205"},{"taxonomy":"product_tag","embeddable":true,"href":"https:\/\/www.circularsecondhand.org\/es\/wp-json\/wp\/v2\/product_tag?post=7205"},{"taxonomy":"product_brands","embeddable":true,"href":"https:\/\/www.circularsecondhand.org\/es\/wp-json\/wp\/v2\/product_brands?post=7205"}],"curies":[{"name":"wp","href":"https:\/\/api.w.org\/{rel}","templated":true}]}}