{"id":7201,"date":"2024-03-27T09:02:58","date_gmt":"2024-03-27T08:02:58","guid":{"rendered":"https:\/\/circularsecondhand.org\/blazer-vintage-marron\/"},"modified":"2025-01-31T10:36:06","modified_gmt":"2025-01-31T09:36:06","slug":"blazer-vintage-marron","status":"publish","type":"product","link":"https:\/\/www.circularsecondhand.org\/es\/blazer-vintage-marron\/","title":{"rendered":"Blazer vintage marr\u00f3n"},"content":{"rendered":"","protected":false},"excerpt":{"rendered":"<p>Este blazer marr\u00f3n con cuello negro es perfecto para cualquier conjunto. Con un estilo vintage y un elegante dise\u00f1o, este blazer es ideal para lucir sofisticado ya la moda en cualquier ocasi\u00f3n. \u00a1No te pierdas la oportunidad de a\u00f1adir esta pieza \u00fanica a tu armario!<\/p>\n","protected":false},"featured_media":5664,"comment_status":"closed","ping_status":"open","template":"","meta":{"_kad_blocks_custom_css":"","_kad_blocks_head_custom_js":"","_kad_blocks_body_custom_js":"","_kad_blocks_footer_custom_js":"","_kad_post_transparent":"","_kad_post_title":"","_kad_post_layout":"","_kad_post_sidebar_id":"","_kad_post_content_style":"","_kad_post_vertical_padding":"","_kad_post_feature":"","_kad_post_feature_position":"","_kad_post_header":false,"_kad_post_footer":false,"_kad_post_classname":""},"product_brand":[],"product_cat":[397,1020],"product_tag":[582,131],"product_brands":[],"class_list":{"0":"post-7201","1":"product","2":"type-product","3":"status-publish","4":"has-post-thumbnail","6":"product_cat-blazers-tallaje-femenino","7":"product_cat-liquidacion","8":"product_tag-primavera-verano","9":"product_tag-vintage-es","11":"first","12":"instock","13":"sale","14":"sold-individually","15":"taxable","16":"shipping-taxable","17":"purchasable","18":"product-type-simple","19":"entry","20":"content-bg","21":"loop-entry"},"taxonomy_info":{"product_cat":[{"value":397,"label":"Blazers"},{"value":1020,"label":"Liquidaci\u00f3n"}],"product_tag":[{"value":582,"label":"Primavera\/Verano"},{"value":131,"label":"Vintage"}]},"featured_image_src_large":["https:\/\/www.circularsecondhand.org\/wp-content\/uploads\/2024\/03\/310-3-768x1024.jpg",768,1024,true],"author_info":[],"comment_info":0,"_links":{"self":[{"href":"https:\/\/www.circularsecondhand.org\/es\/wp-json\/wp\/v2\/product\/7201","targetHints":{"allow":["GET"]}}],"collection":[{"href":"https:\/\/www.circularsecondhand.org\/es\/wp-json\/wp\/v2\/product"}],"about":[{"href":"https:\/\/www.circularsecondhand.org\/es\/wp-json\/wp\/v2\/types\/product"}],"replies":[{"embeddable":true,"href":"https:\/\/www.circularsecondhand.org\/es\/wp-json\/wp\/v2\/comments?post=7201"}],"wp:featuredmedia":[{"embeddable":true,"href":"https:\/\/www.circularsecondhand.org\/es\/wp-json\/wp\/v2\/media\/5664"}],"wp:attachment":[{"href":"https:\/\/www.circularsecondhand.org\/es\/wp-json\/wp\/v2\/media?parent=7201"}],"wp:term":[{"taxonomy":"product_brand","embeddable":true,"href":"https:\/\/www.circularsecondhand.org\/es\/wp-json\/wp\/v2\/product_brand?post=7201"},{"taxonomy":"product_cat","embeddable":true,"href":"https:\/\/www.circularsecondhand.org\/es\/wp-json\/wp\/v2\/product_cat?post=7201"},{"taxonomy":"product_tag","embeddable":true,"href":"https:\/\/www.circularsecondhand.org\/es\/wp-json\/wp\/v2\/product_tag?post=7201"},{"taxonomy":"product_brands","embeddable":true,"href":"https:\/\/www.circularsecondhand.org\/es\/wp-json\/wp\/v2\/product_brands?post=7201"}],"curies":[{"name":"wp","href":"https:\/\/api.w.org\/{rel}","templated":true}]}}