{"id":7158,"date":"2024-03-27T08:54:28","date_gmt":"2024-03-27T07:54:28","guid":{"rendered":"https:\/\/circularsecondhand.org\/camiseta-beige-con-estampado-floral\/"},"modified":"2024-12-11T16:58:45","modified_gmt":"2024-12-11T15:58:45","slug":"camiseta-beige-con-estampado-floral","status":"publish","type":"product","link":"https:\/\/www.circularsecondhand.org\/es\/camiseta-beige-con-estampado-floral\/","title":{"rendered":"Camiseta beige con estampado floral"},"content":{"rendered":"","protected":false},"excerpt":{"rendered":"<p>Esta camiseta beige con estampado floral es perfecta para a\u00f1adir color y estilo a tu armario. Confeccionada con una mezcla de colores marr\u00f3n y naranja, te mantendr\u00e1 arropado ya la moda en los d\u00edas m\u00e1s frescos. Su dise\u00f1o vers\u00e1til te permite combinarla f\u00e1cilmente con jeans, faldas o leggings, creando distintos looks seg\u00fan tu estilo y preferencias. No te pierdas la oportunidad de lucir a la moda con esta hermosa camiseta de estampado floral.<\/p>\n","protected":false},"featured_media":5815,"comment_status":"closed","ping_status":"closed","template":"","meta":{"_kad_blocks_custom_css":"","_kad_blocks_head_custom_js":"","_kad_blocks_body_custom_js":"","_kad_blocks_footer_custom_js":"","_kad_post_transparent":"","_kad_post_title":"","_kad_post_layout":"","_kad_post_sidebar_id":"","_kad_post_content_style":"","_kad_post_vertical_padding":"","_kad_post_feature":"","_kad_post_feature_position":"","_kad_post_header":false,"_kad_post_footer":false,"_kad_post_classname":""},"product_brand":[],"product_cat":[383],"product_tag":[128,582],"product_brands":[],"class_list":{"0":"post-7158","1":"product","2":"type-product","3":"status-publish","4":"has-post-thumbnail","6":"product_cat-camisetas-tallaje-femenino","7":"product_tag-boho-es","8":"product_tag-primavera-verano","10":"first","11":"outofstock","12":"sold-individually","13":"taxable","14":"shipping-taxable","15":"purchasable","16":"product-type-simple","17":"entry","18":"content-bg","19":"loop-entry"},"taxonomy_info":{"product_cat":[{"value":383,"label":"Camisetas"}],"product_tag":[{"value":128,"label":"Boho"},{"value":582,"label":"Primavera\/Verano"}]},"featured_image_src_large":["https:\/\/www.circularsecondhand.org\/wp-content\/uploads\/2024\/03\/16-1-768x1024.jpg",768,1024,true],"author_info":[],"comment_info":0,"_links":{"self":[{"href":"https:\/\/www.circularsecondhand.org\/es\/wp-json\/wp\/v2\/product\/7158","targetHints":{"allow":["GET"]}}],"collection":[{"href":"https:\/\/www.circularsecondhand.org\/es\/wp-json\/wp\/v2\/product"}],"about":[{"href":"https:\/\/www.circularsecondhand.org\/es\/wp-json\/wp\/v2\/types\/product"}],"replies":[{"embeddable":true,"href":"https:\/\/www.circularsecondhand.org\/es\/wp-json\/wp\/v2\/comments?post=7158"}],"wp:featuredmedia":[{"embeddable":true,"href":"https:\/\/www.circularsecondhand.org\/es\/wp-json\/wp\/v2\/media\/5815"}],"wp:attachment":[{"href":"https:\/\/www.circularsecondhand.org\/es\/wp-json\/wp\/v2\/media?parent=7158"}],"wp:term":[{"taxonomy":"product_brand","embeddable":true,"href":"https:\/\/www.circularsecondhand.org\/es\/wp-json\/wp\/v2\/product_brand?post=7158"},{"taxonomy":"product_cat","embeddable":true,"href":"https:\/\/www.circularsecondhand.org\/es\/wp-json\/wp\/v2\/product_cat?post=7158"},{"taxonomy":"product_tag","embeddable":true,"href":"https:\/\/www.circularsecondhand.org\/es\/wp-json\/wp\/v2\/product_tag?post=7158"},{"taxonomy":"product_brands","embeddable":true,"href":"https:\/\/www.circularsecondhand.org\/es\/wp-json\/wp\/v2\/product_brands?post=7158"}],"curies":[{"name":"wp","href":"https:\/\/api.w.org\/{rel}","templated":true}]}}