{"id":7157,"date":"2024-03-27T08:54:28","date_gmt":"2024-03-27T07:54:28","guid":{"rendered":"https:\/\/circularsecondhand.org\/chaqueta-de-chandal-avia\/"},"modified":"2025-01-31T10:38:35","modified_gmt":"2025-01-31T09:38:35","slug":"chaqueta-de-chandal-avia","status":"publish","type":"product","link":"https:\/\/www.circularsecondhand.org\/es\/chaqueta-de-chandal-avia\/","title":{"rendered":"Chaqueta de ch\u00e1ndal Avia"},"content":{"rendered":"","protected":false},"excerpt":{"rendered":"<p>La chaqueta de ch\u00e1ndal Avia es una prenda vers\u00e1til que se puede combinar f\u00e1cilmente con diferentes estilos y piezas. Sea para realizar ejercicio o simplemente para lucir un look casual y retro, esta chaqueta te mantendr\u00e1 c\u00f3modo ya la moda. \u00a1No pierdas la oportunidad de a\u00f1adir esta chaqueta vintage de Avia a tu colecci\u00f3n, te encantar\u00e1 su estilo y calidad!<\/p>\n","protected":false},"featured_media":5765,"comment_status":"closed","ping_status":"closed","template":"","meta":{"_kad_blocks_custom_css":"","_kad_blocks_head_custom_js":"","_kad_blocks_body_custom_js":"","_kad_blocks_footer_custom_js":"","_kad_post_transparent":"","_kad_post_title":"","_kad_post_layout":"","_kad_post_sidebar_id":"","_kad_post_content_style":"","_kad_post_vertical_padding":"","_kad_post_feature":"","_kad_post_feature_position":"","_kad_post_header":false,"_kad_post_footer":false,"_kad_post_classname":""},"product_brand":[],"product_cat":[371,1020],"product_tag":[584,130],"product_brands":[423],"class_list":{"0":"post-7157","1":"product","2":"type-product","3":"status-publish","4":"has-post-thumbnail","6":"product_cat-cazadoras-y-chaquetas-tallaje-femenino","7":"product_cat-liquidacion","8":"product_tag-otono-invierno","9":"product_tag-streetwear-es","10":"product_brands-avia-es","12":"first","13":"outofstock","14":"sale","15":"sold-individually","16":"taxable","17":"shipping-taxable","18":"purchasable","19":"product-type-simple","20":"entry","21":"content-bg","22":"loop-entry"},"taxonomy_info":{"product_cat":[{"value":371,"label":"Cazadoras y Chaquetas"},{"value":1020,"label":"Liquidaci\u00f3n"}],"product_tag":[{"value":584,"label":"Oto\u00f1o\/Invierno"},{"value":130,"label":"Streetwear"}],"product_brands":[{"value":423,"label":"Avia"}]},"featured_image_src_large":["https:\/\/www.circularsecondhand.org\/wp-content\/uploads\/2024\/03\/6-1-768x1024.jpg",768,1024,true],"author_info":[],"comment_info":0,"_links":{"self":[{"href":"https:\/\/www.circularsecondhand.org\/es\/wp-json\/wp\/v2\/product\/7157","targetHints":{"allow":["GET"]}}],"collection":[{"href":"https:\/\/www.circularsecondhand.org\/es\/wp-json\/wp\/v2\/product"}],"about":[{"href":"https:\/\/www.circularsecondhand.org\/es\/wp-json\/wp\/v2\/types\/product"}],"replies":[{"embeddable":true,"href":"https:\/\/www.circularsecondhand.org\/es\/wp-json\/wp\/v2\/comments?post=7157"}],"wp:featuredmedia":[{"embeddable":true,"href":"https:\/\/www.circularsecondhand.org\/es\/wp-json\/wp\/v2\/media\/5765"}],"wp:attachment":[{"href":"https:\/\/www.circularsecondhand.org\/es\/wp-json\/wp\/v2\/media?parent=7157"}],"wp:term":[{"taxonomy":"product_brand","embeddable":true,"href":"https:\/\/www.circularsecondhand.org\/es\/wp-json\/wp\/v2\/product_brand?post=7157"},{"taxonomy":"product_cat","embeddable":true,"href":"https:\/\/www.circularsecondhand.org\/es\/wp-json\/wp\/v2\/product_cat?post=7157"},{"taxonomy":"product_tag","embeddable":true,"href":"https:\/\/www.circularsecondhand.org\/es\/wp-json\/wp\/v2\/product_tag?post=7157"},{"taxonomy":"product_brands","embeddable":true,"href":"https:\/\/www.circularsecondhand.org\/es\/wp-json\/wp\/v2\/product_brands?post=7157"}],"curies":[{"name":"wp","href":"https:\/\/api.w.org\/{rel}","templated":true}]}}