{"id":5451,"date":"2024-03-21T12:08:43","date_gmt":"2024-03-21T11:08:43","guid":{"rendered":"http:\/\/www.circularsecondhand.org\/cabazo-reciclado-circutex\/"},"modified":"2024-12-11T16:58:32","modified_gmt":"2024-12-11T15:58:32","slug":"cabazo-reciclado-circutex","status":"publish","type":"product","link":"https:\/\/www.circularsecondhand.org\/es\/cabazo-reciclado-circutex\/","title":{"rendered":"Cabazo reciclado Circutex"},"content":{"rendered":"","protected":false},"excerpt":{"rendered":"<p>Cabazo Circutex (40x32x22) de edici\u00f3n limitada ecodise\u00f1ado con patronaje de residuo cero y fabricado con fieltro reciclado postconsumo (70% fibras de poli\u00e9ster reciclado 30% fibras de poli\u00e9ster virgen). Confeccionado en una sola prenda de tejido que se une mediante botones, lo podr\u00e1s montar t\u00fa misma siguiendo las instrucciones. Comprando este capazo estar\u00e1s ahorrando 2,29 kg de CO\u2082 en el planeta, \u00a1hazte con \u00e9l y util\u00edzalo en tu d\u00eda a d\u00eda!<\/p>\n","protected":false},"featured_media":5446,"comment_status":"closed","ping_status":"closed","template":"","meta":{"_kad_blocks_custom_css":"","_kad_blocks_head_custom_js":"","_kad_blocks_body_custom_js":"","_kad_blocks_footer_custom_js":"","_kad_post_transparent":"","_kad_post_title":"","_kad_post_layout":"","_kad_post_sidebar_id":"","_kad_post_content_style":"","_kad_post_vertical_padding":"","_kad_post_feature":"","_kad_post_feature_position":"","_kad_post_header":false,"_kad_post_footer":false,"_kad_post_classname":""},"product_brand":[],"product_cat":[557],"product_tag":[152],"product_brands":[],"class_list":{"0":"post-5451","1":"product","2":"type-product","3":"status-publish","4":"has-post-thumbnail","6":"product_cat-upcycling-es","7":"product_tag-minimalista-es","9":"first","10":"instock","11":"taxable","12":"shipping-taxable","13":"purchasable","14":"product-type-simple","15":"entry","16":"content-bg","17":"loop-entry"},"taxonomy_info":{"product_cat":[{"value":557,"label":"Circutex"}],"product_tag":[{"value":152,"label":"Minimalista"}]},"featured_image_src_large":["https:\/\/www.circularsecondhand.org\/wp-content\/uploads\/2024\/03\/Cabas-1-768x1024.jpg",768,1024,true],"author_info":[],"comment_info":0,"_links":{"self":[{"href":"https:\/\/www.circularsecondhand.org\/es\/wp-json\/wp\/v2\/product\/5451","targetHints":{"allow":["GET"]}}],"collection":[{"href":"https:\/\/www.circularsecondhand.org\/es\/wp-json\/wp\/v2\/product"}],"about":[{"href":"https:\/\/www.circularsecondhand.org\/es\/wp-json\/wp\/v2\/types\/product"}],"replies":[{"embeddable":true,"href":"https:\/\/www.circularsecondhand.org\/es\/wp-json\/wp\/v2\/comments?post=5451"}],"wp:featuredmedia":[{"embeddable":true,"href":"https:\/\/www.circularsecondhand.org\/es\/wp-json\/wp\/v2\/media\/5446"}],"wp:attachment":[{"href":"https:\/\/www.circularsecondhand.org\/es\/wp-json\/wp\/v2\/media?parent=5451"}],"wp:term":[{"taxonomy":"product_brand","embeddable":true,"href":"https:\/\/www.circularsecondhand.org\/es\/wp-json\/wp\/v2\/product_brand?post=5451"},{"taxonomy":"product_cat","embeddable":true,"href":"https:\/\/www.circularsecondhand.org\/es\/wp-json\/wp\/v2\/product_cat?post=5451"},{"taxonomy":"product_tag","embeddable":true,"href":"https:\/\/www.circularsecondhand.org\/es\/wp-json\/wp\/v2\/product_tag?post=5451"},{"taxonomy":"product_brands","embeddable":true,"href":"https:\/\/www.circularsecondhand.org\/es\/wp-json\/wp\/v2\/product_brands?post=5451"}],"curies":[{"name":"wp","href":"https:\/\/api.w.org\/{rel}","templated":true}]}}