{"id":5441,"date":"2024-03-21T11:21:36","date_gmt":"2024-03-21T10:21:36","guid":{"rendered":"http:\/\/www.circularsecondhand.org\/mochila-reciclada-circutex\/"},"modified":"2024-12-11T16:58:30","modified_gmt":"2024-12-11T15:58:30","slug":"mochila-reciclada-circutex","status":"publish","type":"product","link":"https:\/\/www.circularsecondhand.org\/es\/mochila-reciclada-circutex\/","title":{"rendered":"Mochila reciclada Circutex"},"content":{"rendered":"","protected":false},"excerpt":{"rendered":"<p>Mochila <span class=\"hiddenSpellError\">Circutex<\/span> (39x28x13) de edici\u00f3n limitada <span class=\"hiddenSpellError\">ecodise\u00f1ada<\/span> con patronaje de residuo cero y fabricada con fieltro reciclado <span class=\"hiddenSpellError\">postconsumo<\/span> (70% fibras de poli\u00e9ster reciclado 30% fibras de poli\u00e9ster virgen). Confeccionada en una sola prenda de tejido que se une mediante una correa, la podr\u00e1s montar t\u00fa misma siguiendo las instrucciones. Comprando esta mochila estar\u00e1s ahorrando 1,37 kg de CO\u2082 en el planeta, \u00a1hazte con ella y luc\u00edela en tu d\u00eda a d\u00eda!<\/p>\n","protected":false},"featured_media":5440,"comment_status":"closed","ping_status":"closed","template":"","meta":{"_kad_blocks_custom_css":"","_kad_blocks_head_custom_js":"","_kad_blocks_body_custom_js":"","_kad_blocks_footer_custom_js":"","_kad_post_transparent":"","_kad_post_title":"","_kad_post_layout":"","_kad_post_sidebar_id":"","_kad_post_content_style":"","_kad_post_vertical_padding":"","_kad_post_feature":"","_kad_post_feature_position":"","_kad_post_header":false,"_kad_post_footer":false,"_kad_post_classname":""},"product_brand":[],"product_cat":[557],"product_tag":[152],"product_brands":[],"class_list":{"0":"post-5441","1":"product","2":"type-product","3":"status-publish","4":"has-post-thumbnail","6":"product_cat-upcycling-es","7":"product_tag-minimalista-es","9":"first","10":"instock","11":"taxable","12":"shipping-taxable","13":"purchasable","14":"product-type-simple","15":"entry","16":"content-bg","17":"loop-entry"},"taxonomy_info":{"product_cat":[{"value":557,"label":"Circutex"}],"product_tag":[{"value":152,"label":"Minimalista"}]},"featured_image_src_large":["https:\/\/www.circularsecondhand.org\/wp-content\/uploads\/2024\/03\/Motxilla-1-768x1024.jpg",768,1024,true],"author_info":[],"comment_info":0,"_links":{"self":[{"href":"https:\/\/www.circularsecondhand.org\/es\/wp-json\/wp\/v2\/product\/5441","targetHints":{"allow":["GET"]}}],"collection":[{"href":"https:\/\/www.circularsecondhand.org\/es\/wp-json\/wp\/v2\/product"}],"about":[{"href":"https:\/\/www.circularsecondhand.org\/es\/wp-json\/wp\/v2\/types\/product"}],"replies":[{"embeddable":true,"href":"https:\/\/www.circularsecondhand.org\/es\/wp-json\/wp\/v2\/comments?post=5441"}],"wp:featuredmedia":[{"embeddable":true,"href":"https:\/\/www.circularsecondhand.org\/es\/wp-json\/wp\/v2\/media\/5440"}],"wp:attachment":[{"href":"https:\/\/www.circularsecondhand.org\/es\/wp-json\/wp\/v2\/media?parent=5441"}],"wp:term":[{"taxonomy":"product_brand","embeddable":true,"href":"https:\/\/www.circularsecondhand.org\/es\/wp-json\/wp\/v2\/product_brand?post=5441"},{"taxonomy":"product_cat","embeddable":true,"href":"https:\/\/www.circularsecondhand.org\/es\/wp-json\/wp\/v2\/product_cat?post=5441"},{"taxonomy":"product_tag","embeddable":true,"href":"https:\/\/www.circularsecondhand.org\/es\/wp-json\/wp\/v2\/product_tag?post=5441"},{"taxonomy":"product_brands","embeddable":true,"href":"https:\/\/www.circularsecondhand.org\/es\/wp-json\/wp\/v2\/product_brands?post=5441"}],"curies":[{"name":"wp","href":"https:\/\/api.w.org\/{rel}","templated":true}]}}