{"id":15821,"date":"2025-06-26T08:35:30","date_gmt":"2025-06-26T06:35:30","guid":{"rendered":"https:\/\/www.circularsecondhand.org\/?post_type=product&#038;p=15821"},"modified":"2025-08-08T12:15:03","modified_gmt":"2025-08-08T10:15:03","slug":"camisa-bechamel","status":"publish","type":"product","link":"https:\/\/www.circularsecondhand.org\/es\/camisa-bechamel\/","title":{"rendered":"Camisa Bechamel"},"content":{"rendered":"","protected":false},"excerpt":{"rendered":"<p>Dale un toque fresco y vibrante a tu guardarropa con nuestra camisa de algod\u00f3n ligeramente almidonada, perfecta para el verano. Su encantador estampado hawaiano no s\u00f3lo resalta tu estilo, sino que tambi\u00e9n te mantiene c\u00f3moda y fresca durante los calurosos d\u00edas. En perfecto estado, esta camisa es ideal para cualquier ocasi\u00f3n, sea una salida casual o un d\u00eda en la playa.  <\/p>\n","protected":false},"featured_media":15618,"comment_status":"closed","ping_status":"open","template":"","meta":{"_kad_blocks_custom_css":"","_kad_blocks_head_custom_js":"","_kad_blocks_body_custom_js":"","_kad_blocks_footer_custom_js":"","_kad_post_transparent":"","_kad_post_title":"","_kad_post_layout":"","_kad_post_sidebar_id":"","_kad_post_content_style":"","_kad_post_vertical_padding":"","_kad_post_feature":"","_kad_post_feature_position":"","_kad_post_header":false,"_kad_post_footer":false,"_kad_post_classname":""},"product_brand":[],"product_cat":[378],"product_tag":[582,131],"product_brands":[],"class_list":{"0":"post-15821","1":"product","2":"type-product","3":"status-publish","4":"has-post-thumbnail","6":"product_cat-camisas-tallaje-masculino","7":"product_tag-primavera-verano","8":"product_tag-vintage-es","10":"first","11":"outofstock","12":"sold-individually","13":"taxable","14":"shipping-taxable","15":"purchasable","16":"product-type-simple","17":"entry","18":"content-bg","19":"loop-entry"},"taxonomy_info":{"product_cat":[{"value":378,"label":"Camisas"}],"product_tag":[{"value":582,"label":"Primavera\/Verano"},{"value":131,"label":"Vintage"}]},"featured_image_src_large":["https:\/\/www.circularsecondhand.org\/wp-content\/uploads\/2025\/06\/976-768x1024.jpg",768,1024,true],"author_info":[],"comment_info":0,"_links":{"self":[{"href":"https:\/\/www.circularsecondhand.org\/es\/wp-json\/wp\/v2\/product\/15821","targetHints":{"allow":["GET"]}}],"collection":[{"href":"https:\/\/www.circularsecondhand.org\/es\/wp-json\/wp\/v2\/product"}],"about":[{"href":"https:\/\/www.circularsecondhand.org\/es\/wp-json\/wp\/v2\/types\/product"}],"replies":[{"embeddable":true,"href":"https:\/\/www.circularsecondhand.org\/es\/wp-json\/wp\/v2\/comments?post=15821"}],"wp:featuredmedia":[{"embeddable":true,"href":"https:\/\/www.circularsecondhand.org\/es\/wp-json\/wp\/v2\/media\/15618"}],"wp:attachment":[{"href":"https:\/\/www.circularsecondhand.org\/es\/wp-json\/wp\/v2\/media?parent=15821"}],"wp:term":[{"taxonomy":"product_brand","embeddable":true,"href":"https:\/\/www.circularsecondhand.org\/es\/wp-json\/wp\/v2\/product_brand?post=15821"},{"taxonomy":"product_cat","embeddable":true,"href":"https:\/\/www.circularsecondhand.org\/es\/wp-json\/wp\/v2\/product_cat?post=15821"},{"taxonomy":"product_tag","embeddable":true,"href":"https:\/\/www.circularsecondhand.org\/es\/wp-json\/wp\/v2\/product_tag?post=15821"},{"taxonomy":"product_brands","embeddable":true,"href":"https:\/\/www.circularsecondhand.org\/es\/wp-json\/wp\/v2\/product_brands?post=15821"}],"curies":[{"name":"wp","href":"https:\/\/api.w.org\/{rel}","templated":true}]}}