{"id":15812,"date":"2025-06-26T08:34:52","date_gmt":"2025-06-26T06:34:52","guid":{"rendered":"https:\/\/www.circularsecondhand.org\/?post_type=product&#038;p=15812"},"modified":"2025-06-26T08:34:52","modified_gmt":"2025-06-26T06:34:52","slug":"bolsa-mochila-el-potro","status":"publish","type":"product","link":"https:\/\/www.circularsecondhand.org\/es\/bolsa-mochila-el-potro\/","title":{"rendered":"Bolsa mochila El Potro"},"content":{"rendered":"","protected":false},"excerpt":{"rendered":"<p>Mochila de piel negra de la reconocida marca espa\u00f1ola El Potro. Con un dise\u00f1o vers\u00e1til, sus asas pueden llevarse cruzadas o abiertas, adapt\u00e1ndose a tu estilo y comodidad. Su tama\u00f1o compacto de 31x26x8 cm lo hace perfecto para el d\u00eda a d\u00eda. Adem\u00e1s, su estado es impecable, garantizando que lucir\u00e1s genial en cualquier ocasi\u00f3n.   <\/p>\n","protected":false},"featured_media":15724,"comment_status":"closed","ping_status":"open","template":"","meta":{"_kad_blocks_custom_css":"","_kad_blocks_head_custom_js":"","_kad_blocks_body_custom_js":"","_kad_blocks_footer_custom_js":"","_kad_post_transparent":"","_kad_post_title":"","_kad_post_layout":"","_kad_post_sidebar_id":"","_kad_post_content_style":"","_kad_post_vertical_padding":"","_kad_post_feature":"","_kad_post_feature_position":"","_kad_post_header":false,"_kad_post_footer":false,"_kad_post_classname":""},"product_brand":[],"product_cat":[803],"product_tag":[152,582],"product_brands":[1107],"class_list":{"0":"post-15812","1":"product","2":"type-product","3":"status-publish","4":"has-post-thumbnail","6":"product_cat-bolsos-es","7":"product_tag-minimalista-es","8":"product_tag-primavera-verano","9":"product_brands-el-potro-es","11":"first","12":"outofstock","13":"sold-individually","14":"taxable","15":"shipping-taxable","16":"purchasable","17":"product-type-simple","18":"entry","19":"content-bg","20":"loop-entry"},"taxonomy_info":{"product_cat":[{"value":803,"label":"Bolsos"}],"product_tag":[{"value":152,"label":"Minimalista"},{"value":582,"label":"Primavera\/Verano"}],"product_brands":[{"value":1107,"label":"El Potro"}]},"featured_image_src_large":["https:\/\/www.circularsecondhand.org\/wp-content\/uploads\/2025\/06\/992-768x1024.jpg",768,1024,true],"author_info":[],"comment_info":0,"_links":{"self":[{"href":"https:\/\/www.circularsecondhand.org\/es\/wp-json\/wp\/v2\/product\/15812","targetHints":{"allow":["GET"]}}],"collection":[{"href":"https:\/\/www.circularsecondhand.org\/es\/wp-json\/wp\/v2\/product"}],"about":[{"href":"https:\/\/www.circularsecondhand.org\/es\/wp-json\/wp\/v2\/types\/product"}],"replies":[{"embeddable":true,"href":"https:\/\/www.circularsecondhand.org\/es\/wp-json\/wp\/v2\/comments?post=15812"}],"wp:featuredmedia":[{"embeddable":true,"href":"https:\/\/www.circularsecondhand.org\/es\/wp-json\/wp\/v2\/media\/15724"}],"wp:attachment":[{"href":"https:\/\/www.circularsecondhand.org\/es\/wp-json\/wp\/v2\/media?parent=15812"}],"wp:term":[{"taxonomy":"product_brand","embeddable":true,"href":"https:\/\/www.circularsecondhand.org\/es\/wp-json\/wp\/v2\/product_brand?post=15812"},{"taxonomy":"product_cat","embeddable":true,"href":"https:\/\/www.circularsecondhand.org\/es\/wp-json\/wp\/v2\/product_cat?post=15812"},{"taxonomy":"product_tag","embeddable":true,"href":"https:\/\/www.circularsecondhand.org\/es\/wp-json\/wp\/v2\/product_tag?post=15812"},{"taxonomy":"product_brands","embeddable":true,"href":"https:\/\/www.circularsecondhand.org\/es\/wp-json\/wp\/v2\/product_brands?post=15812"}],"curies":[{"name":"wp","href":"https:\/\/api.w.org\/{rel}","templated":true}]}}