{"id":15102,"date":"2025-05-22T08:33:29","date_gmt":"2025-05-22T06:33:29","guid":{"rendered":"https:\/\/www.circularsecondhand.org\/cazadora-tejana-levis-2\/"},"modified":"2025-05-22T08:33:29","modified_gmt":"2025-05-22T06:33:29","slug":"cazadora-tejana-levis-2","status":"publish","type":"product","link":"https:\/\/www.circularsecondhand.org\/es\/cazadora-tejana-levis-2\/","title":{"rendered":"Cazadora tejana Levi&#8217;s"},"content":{"rendered":"","protected":false},"excerpt":{"rendered":"<p>Chaqueta tejana blanca de Levi&#8217;s, un cl\u00e1sico que nunca pasa de moda. Con su estilo atemporal y en perfecto estado, esta prenda es ideal para cualquier ocasi\u00f3n, ya sea un d\u00eda casual o una salida nocturna. Su dise\u00f1o vers\u00e1til te permite combinar f\u00e1cilmente con tus outfits favoritos, a\u00f1adiendo un toque fresco y chic a tu look.  <\/p>\n","protected":false},"featured_media":15120,"comment_status":"closed","ping_status":"open","template":"","meta":{"_kad_blocks_custom_css":"","_kad_blocks_head_custom_js":"","_kad_blocks_body_custom_js":"","_kad_blocks_footer_custom_js":"","_kad_post_transparent":"","_kad_post_title":"","_kad_post_layout":"","_kad_post_sidebar_id":"","_kad_post_content_style":"","_kad_post_vertical_padding":"","_kad_post_feature":"","_kad_post_feature_position":"","_kad_post_header":false,"_kad_post_footer":false,"_kad_post_classname":""},"product_brand":[],"product_cat":[389],"product_tag":[582,1087],"product_brands":[494],"class_list":{"0":"post-15102","1":"product","2":"type-product","3":"status-publish","4":"has-post-thumbnail","6":"product_cat-cazadoras-y-chaquetas-tallaje-masculino","7":"product_tag-primavera-verano","8":"product_tag-sin-genero","9":"product_brands-levis-es","11":"first","12":"instock","13":"sold-individually","14":"taxable","15":"shipping-taxable","16":"purchasable","17":"product-type-simple","18":"entry","19":"content-bg","20":"loop-entry"},"taxonomy_info":{"product_cat":[{"value":389,"label":"Cazadoras y Chaquetas"}],"product_tag":[{"value":582,"label":"Primavera\/Verano"},{"value":1087,"label":"Sin G\u00e9nero"}],"product_brands":[{"value":494,"label":"Levi&#039;s"}]},"featured_image_src_large":["https:\/\/www.circularsecondhand.org\/wp-content\/uploads\/2025\/05\/931-768x1024.jpg",768,1024,true],"author_info":[],"comment_info":0,"_links":{"self":[{"href":"https:\/\/www.circularsecondhand.org\/es\/wp-json\/wp\/v2\/product\/15102","targetHints":{"allow":["GET"]}}],"collection":[{"href":"https:\/\/www.circularsecondhand.org\/es\/wp-json\/wp\/v2\/product"}],"about":[{"href":"https:\/\/www.circularsecondhand.org\/es\/wp-json\/wp\/v2\/types\/product"}],"replies":[{"embeddable":true,"href":"https:\/\/www.circularsecondhand.org\/es\/wp-json\/wp\/v2\/comments?post=15102"}],"wp:featuredmedia":[{"embeddable":true,"href":"https:\/\/www.circularsecondhand.org\/es\/wp-json\/wp\/v2\/media\/15120"}],"wp:attachment":[{"href":"https:\/\/www.circularsecondhand.org\/es\/wp-json\/wp\/v2\/media?parent=15102"}],"wp:term":[{"taxonomy":"product_brand","embeddable":true,"href":"https:\/\/www.circularsecondhand.org\/es\/wp-json\/wp\/v2\/product_brand?post=15102"},{"taxonomy":"product_cat","embeddable":true,"href":"https:\/\/www.circularsecondhand.org\/es\/wp-json\/wp\/v2\/product_cat?post=15102"},{"taxonomy":"product_tag","embeddable":true,"href":"https:\/\/www.circularsecondhand.org\/es\/wp-json\/wp\/v2\/product_tag?post=15102"},{"taxonomy":"product_brands","embeddable":true,"href":"https:\/\/www.circularsecondhand.org\/es\/wp-json\/wp\/v2\/product_brands?post=15102"}],"curies":[{"name":"wp","href":"https:\/\/api.w.org\/{rel}","templated":true}]}}