{"id":15093,"date":"2025-05-22T08:33:58","date_gmt":"2025-05-22T06:33:58","guid":{"rendered":"https:\/\/www.circularsecondhand.org\/cazadora-de-seda\/"},"modified":"2025-05-22T08:33:58","modified_gmt":"2025-05-22T06:33:58","slug":"cazadora-de-seda","status":"publish","type":"product","link":"https:\/\/www.circularsecondhand.org\/es\/cazadora-de-seda\/","title":{"rendered":"Cazadora de seda"},"content":{"rendered":"","protected":false},"excerpt":{"rendered":"<p>Dale un toque vintage a tu estilo con esta chaqueta bombero de seda granada. Aunque tiene un ligero desgaste en el tejido y una mancha en el bolsillo frontal, su car\u00e1cter \u00fanico la hace a\u00fan m\u00e1s especial. Adem\u00e1s, incluye un bot\u00f3n de repuesto y gomas funcionales, aunque algo dadas. Ideal para quienes buscan una prenda con historia y personalidad.   <\/p>\n","protected":false},"featured_media":15096,"comment_status":"closed","ping_status":"open","template":"","meta":{"_kad_blocks_custom_css":"","_kad_blocks_head_custom_js":"","_kad_blocks_body_custom_js":"","_kad_blocks_footer_custom_js":"","_kad_post_transparent":"","_kad_post_title":"","_kad_post_layout":"","_kad_post_sidebar_id":"","_kad_post_content_style":"","_kad_post_vertical_padding":"","_kad_post_feature":"","_kad_post_feature_position":"","_kad_post_header":false,"_kad_post_footer":false,"_kad_post_classname":""},"product_brand":[],"product_cat":[389],"product_tag":[582,131],"product_brands":[],"class_list":{"0":"post-15093","1":"product","2":"type-product","3":"status-publish","4":"has-post-thumbnail","6":"product_cat-cazadoras-y-chaquetas-tallaje-masculino","7":"product_tag-primavera-verano","8":"product_tag-vintage-es","10":"first","11":"instock","12":"sold-individually","13":"taxable","14":"shipping-taxable","15":"purchasable","16":"product-type-simple","17":"entry","18":"content-bg","19":"loop-entry"},"taxonomy_info":{"product_cat":[{"value":389,"label":"Cazadoras y Chaquetas"}],"product_tag":[{"value":582,"label":"Primavera\/Verano"},{"value":131,"label":"Vintage"}]},"featured_image_src_large":["https:\/\/www.circularsecondhand.org\/wp-content\/uploads\/2025\/05\/930-768x1024.jpg",768,1024,true],"author_info":[],"comment_info":0,"_links":{"self":[{"href":"https:\/\/www.circularsecondhand.org\/es\/wp-json\/wp\/v2\/product\/15093","targetHints":{"allow":["GET"]}}],"collection":[{"href":"https:\/\/www.circularsecondhand.org\/es\/wp-json\/wp\/v2\/product"}],"about":[{"href":"https:\/\/www.circularsecondhand.org\/es\/wp-json\/wp\/v2\/types\/product"}],"replies":[{"embeddable":true,"href":"https:\/\/www.circularsecondhand.org\/es\/wp-json\/wp\/v2\/comments?post=15093"}],"wp:featuredmedia":[{"embeddable":true,"href":"https:\/\/www.circularsecondhand.org\/es\/wp-json\/wp\/v2\/media\/15096"}],"wp:attachment":[{"href":"https:\/\/www.circularsecondhand.org\/es\/wp-json\/wp\/v2\/media?parent=15093"}],"wp:term":[{"taxonomy":"product_brand","embeddable":true,"href":"https:\/\/www.circularsecondhand.org\/es\/wp-json\/wp\/v2\/product_brand?post=15093"},{"taxonomy":"product_cat","embeddable":true,"href":"https:\/\/www.circularsecondhand.org\/es\/wp-json\/wp\/v2\/product_cat?post=15093"},{"taxonomy":"product_tag","embeddable":true,"href":"https:\/\/www.circularsecondhand.org\/es\/wp-json\/wp\/v2\/product_tag?post=15093"},{"taxonomy":"product_brands","embeddable":true,"href":"https:\/\/www.circularsecondhand.org\/es\/wp-json\/wp\/v2\/product_brands?post=15093"}],"curies":[{"name":"wp","href":"https:\/\/api.w.org\/{rel}","templated":true}]}}