{"id":15083,"date":"2025-05-22T08:33:56","date_gmt":"2025-05-22T06:33:56","guid":{"rendered":"https:\/\/www.circularsecondhand.org\/chaqueta-peyton\/"},"modified":"2025-05-22T08:33:56","modified_gmt":"2025-05-22T06:33:56","slug":"chaqueta-peyton","status":"publish","type":"product","link":"https:\/\/www.circularsecondhand.org\/es\/chaqueta-peyton\/","title":{"rendered":"Chaqueta Peyton"},"content":{"rendered":"","protected":false},"excerpt":{"rendered":"<p>Chaqueta Peyton Vintage, una prenda \u00fanica de algod\u00f3n r\u00edgido que combina estilo y comodidad. Su vibrante color amarillo iluminar\u00e1 cualquier outfit mientras que la goma en los laterales se adapta perfectamente a tu figura, realzando tu silueta. Aunque presenta peque\u00f1as manchas en el tejido, su estado es impecable y lista para ser parte de tu guardarropa  <\/p>\n","protected":false},"featured_media":15089,"comment_status":"closed","ping_status":"open","template":"","meta":{"_kad_blocks_custom_css":"","_kad_blocks_head_custom_js":"","_kad_blocks_body_custom_js":"","_kad_blocks_footer_custom_js":"","_kad_post_transparent":"","_kad_post_title":"","_kad_post_layout":"","_kad_post_sidebar_id":"","_kad_post_content_style":"","_kad_post_vertical_padding":"","_kad_post_feature":"","_kad_post_feature_position":"","_kad_post_header":false,"_kad_post_footer":false,"_kad_post_classname":""},"product_brand":[],"product_cat":[389],"product_tag":[582,130],"product_brands":[],"class_list":{"0":"post-15083","1":"product","2":"type-product","3":"status-publish","4":"has-post-thumbnail","6":"product_cat-cazadoras-y-chaquetas-tallaje-masculino","7":"product_tag-primavera-verano","8":"product_tag-streetwear-es","10":"first","11":"instock","12":"sold-individually","13":"taxable","14":"shipping-taxable","15":"purchasable","16":"product-type-simple","17":"entry","18":"content-bg","19":"loop-entry"},"taxonomy_info":{"product_cat":[{"value":389,"label":"Cazadoras y Chaquetas"}],"product_tag":[{"value":582,"label":"Primavera\/Verano"},{"value":130,"label":"Streetwear"}]},"featured_image_src_large":["https:\/\/www.circularsecondhand.org\/wp-content\/uploads\/2025\/05\/929-768x1024.jpg",768,1024,true],"author_info":[],"comment_info":0,"_links":{"self":[{"href":"https:\/\/www.circularsecondhand.org\/es\/wp-json\/wp\/v2\/product\/15083","targetHints":{"allow":["GET"]}}],"collection":[{"href":"https:\/\/www.circularsecondhand.org\/es\/wp-json\/wp\/v2\/product"}],"about":[{"href":"https:\/\/www.circularsecondhand.org\/es\/wp-json\/wp\/v2\/types\/product"}],"replies":[{"embeddable":true,"href":"https:\/\/www.circularsecondhand.org\/es\/wp-json\/wp\/v2\/comments?post=15083"}],"wp:featuredmedia":[{"embeddable":true,"href":"https:\/\/www.circularsecondhand.org\/es\/wp-json\/wp\/v2\/media\/15089"}],"wp:attachment":[{"href":"https:\/\/www.circularsecondhand.org\/es\/wp-json\/wp\/v2\/media?parent=15083"}],"wp:term":[{"taxonomy":"product_brand","embeddable":true,"href":"https:\/\/www.circularsecondhand.org\/es\/wp-json\/wp\/v2\/product_brand?post=15083"},{"taxonomy":"product_cat","embeddable":true,"href":"https:\/\/www.circularsecondhand.org\/es\/wp-json\/wp\/v2\/product_cat?post=15083"},{"taxonomy":"product_tag","embeddable":true,"href":"https:\/\/www.circularsecondhand.org\/es\/wp-json\/wp\/v2\/product_tag?post=15083"},{"taxonomy":"product_brands","embeddable":true,"href":"https:\/\/www.circularsecondhand.org\/es\/wp-json\/wp\/v2\/product_brands?post=15083"}],"curies":[{"name":"wp","href":"https:\/\/api.w.org\/{rel}","templated":true}]}}