{"id":14740,"date":"2025-05-08T09:19:53","date_gmt":"2025-05-08T07:19:53","guid":{"rendered":"https:\/\/www.circularsecondhand.org\/camisa-polo\/"},"modified":"2025-05-08T09:19:53","modified_gmt":"2025-05-08T07:19:53","slug":"camisa-polo","status":"publish","type":"product","link":"https:\/\/www.circularsecondhand.org\/es\/camisa-polo\/","title":{"rendered":"Camisa Polo"},"content":{"rendered":"","protected":false},"excerpt":{"rendered":"<p>Camisa de algod\u00f3n en un vibrante color granate, perfecta para darle un toque de energ\u00eda a tu guardarropa. Con botones blancos en la frente que a\u00f1aden un contraste elegante, esta prenda no s\u00f3lo es estilosa, sino tambi\u00e9n de gran calidad, con mucho cuerpo y en perfecto estado. Ideal para cualquier ocasi\u00f3n, \u00a1no te quedes sin la tuya!  <\/p>\n","protected":false},"featured_media":14741,"comment_status":"closed","ping_status":"open","template":"","meta":{"_kad_blocks_custom_css":"","_kad_blocks_head_custom_js":"","_kad_blocks_body_custom_js":"","_kad_blocks_footer_custom_js":"","_kad_post_transparent":"","_kad_post_title":"","_kad_post_layout":"","_kad_post_sidebar_id":"","_kad_post_content_style":"","_kad_post_vertical_padding":"","_kad_post_feature":"","_kad_post_feature_position":"","_kad_post_header":false,"_kad_post_footer":false,"_kad_post_classname":""},"product_brand":[],"product_cat":[378],"product_tag":[1086,582],"product_brands":[530],"class_list":{"0":"post-14740","1":"product","2":"type-product","3":"status-publish","4":"has-post-thumbnail","6":"product_cat-camisas-tallaje-masculino","7":"product_tag-marcas","8":"product_tag-primavera-verano","9":"product_brands-ralph-lauren-es","11":"first","12":"instock","13":"sold-individually","14":"taxable","15":"shipping-taxable","16":"purchasable","17":"product-type-simple","18":"entry","19":"content-bg","20":"loop-entry"},"taxonomy_info":{"product_cat":[{"value":378,"label":"Camisas"}],"product_tag":[{"value":1086,"label":"Marcas"},{"value":582,"label":"Primavera\/Verano"}],"product_brands":[{"value":530,"label":"Ralph Lauren"}]},"featured_image_src_large":["https:\/\/www.circularsecondhand.org\/wp-content\/uploads\/2025\/05\/905-768x1024.jpg",768,1024,true],"author_info":[],"comment_info":0,"_links":{"self":[{"href":"https:\/\/www.circularsecondhand.org\/es\/wp-json\/wp\/v2\/product\/14740","targetHints":{"allow":["GET"]}}],"collection":[{"href":"https:\/\/www.circularsecondhand.org\/es\/wp-json\/wp\/v2\/product"}],"about":[{"href":"https:\/\/www.circularsecondhand.org\/es\/wp-json\/wp\/v2\/types\/product"}],"replies":[{"embeddable":true,"href":"https:\/\/www.circularsecondhand.org\/es\/wp-json\/wp\/v2\/comments?post=14740"}],"wp:featuredmedia":[{"embeddable":true,"href":"https:\/\/www.circularsecondhand.org\/es\/wp-json\/wp\/v2\/media\/14741"}],"wp:attachment":[{"href":"https:\/\/www.circularsecondhand.org\/es\/wp-json\/wp\/v2\/media?parent=14740"}],"wp:term":[{"taxonomy":"product_brand","embeddable":true,"href":"https:\/\/www.circularsecondhand.org\/es\/wp-json\/wp\/v2\/product_brand?post=14740"},{"taxonomy":"product_cat","embeddable":true,"href":"https:\/\/www.circularsecondhand.org\/es\/wp-json\/wp\/v2\/product_cat?post=14740"},{"taxonomy":"product_tag","embeddable":true,"href":"https:\/\/www.circularsecondhand.org\/es\/wp-json\/wp\/v2\/product_tag?post=14740"},{"taxonomy":"product_brands","embeddable":true,"href":"https:\/\/www.circularsecondhand.org\/es\/wp-json\/wp\/v2\/product_brands?post=14740"}],"curies":[{"name":"wp","href":"https:\/\/api.w.org\/{rel}","templated":true}]}}